{"id":11626,"date":"2025-05-26T16:07:37","date_gmt":"2025-05-26T13:07:37","guid":{"rendered":"https:\/\/grillandmore.lv\/shop\/?post_type=product&#038;p=11626"},"modified":"2025-05-26T16:07:37","modified_gmt":"2025-05-26T13:07:37","slug":"weber-spirit-ep-425","status":"publish","type":"product","link":"https:\/\/grillandmore.lv\/shop\/products\/weber-spirit-ep-425\/","title":{"rendered":"Weber Spirit EP-425"},"content":{"rendered":"<p>10 gadu ierobe\u017eota garantija<br \/>\nAr porcel\u0101nu emalj\u0113ts v\u0101ks un uz s\u0101nu galdi\u0146a piestiprin\u0101ts digit\u0101lais termometrs<br \/>\nSild\u012b\u0161anas re\u017e\u0123is uztur \u0113dienu siltu vai apgrauzd\u0113 maiz\u012btes virs galvenajiem re\u017e\u0123iem<br \/>\nWeber Crafted\u00ae ar porcel\u0101nu emalj\u0113ti, \u010duguna cep\u0161anas re\u017e\u0123i. Sader\u012bgs ar Gourmet BBQ sist\u0113mu (grila piederumi tiek p\u0101rdoti atsevi\u0161\u0137i)<br \/>\n4 deg\u013cu grils ar 2 pastiprin\u0101t\u0101jiem nodro\u0161ina par 40% liel\u0101ku jaudu apcep\u0161anas zon\u0101<br \/>\nSnap-Jet Ignition funkcija atsevi\u0161\u0137u deg\u013cu aizdedzin\u0101\u0161anai ar vienu roku<br \/>\nNer\u016bs\u0113jo\u0161\u0101 t\u0113rauda Flavorizer\u00ae stie\u0146i pastiprina gril\u0113ta \u0113diena gar\u0161u<br \/>\nLiet\u0101 alum\u012bnija cep\u0161anas kaste ir rad\u012bta ilgam kalpo\u0161anas laikam<br \/>\nTauku p\u0101rvald\u012bbas sist\u0113ma ar no\u0146emamu tauku papl\u0101ti<br \/>\nNer\u016bs\u0113jo\u0161\u0101 t\u0113rauda vad\u012bbas panelis izskat\u0101s elegants un viegli t\u012br\u0101ms<br \/>\nNer\u016bs\u0113jo\u0161\u0101 t\u0113rauda s\u0101nu galdi\u0146i ir stil\u012bgi un iztur\u012bgi<br \/>\nWeber Works s\u0101nu galdi\u0146\u0161 ir piem\u0113rots ieb\u016bv\u0113jamiem ielikt\u0146iem un Weber Works s\u0101nu slied\u0113m piestiprin\u0101miem piederumiem (nop\u0113rkami atsevi\u0161\u0137i)<br \/>\n4 instrumentu \u0101\u0137i nodro\u0161ina l\u0101psti\u0146u un knaib\u013cu pa rokai<br \/>\nSkapis ar durv\u012bm ne\u013cauj prop\u0101na tvertnei atrasties redzeslok\u0101<br \/>\n4 iztur\u012bgi blo\u0137\u0113jami groz\u0101mie ritenti\u0146i atvieglo p\u0101rvieto\u0161anu<\/p>\n<p>G\u0100ZE<br \/>\nGatavo\u0161anas re\u017e\u0123is: 61 x 45 cm<br \/>\nKr\u0101sa: melna<\/p>\n<p>Produkta izm\u0113rs ar atv\u0113rtu v\u0101ku: 154 x 79 x 132 cm<br \/>\nProdukta izm\u0113rs ar aizv\u0113rtu v\u0101ku: 118 x 65 x 132 cm<br \/>\nProdukta un iepakojuma svars: 57 kg<br \/>\nProdukta svars: 47 kg<br \/>\nIepakojuma izm\u0113rs: 54 x 83 x 75 cm<\/p>\n","protected":false},"excerpt":{"rendered":"<p style=\"text-align: justify;\">Gril\u0113jiet \u0113dienu, kas gar\u0161o lab\u0101k nek\u0101 jebkad agr\u0101k, uz atjaunot\u0101 4 deg\u013cu Spirit\u00ae EP-425 g\u0101zes grila ar apcep\u0161anas zonu. Izveidojiet uz \u0113diena izteiksm\u012bgas, arom\u0101tiskas apcep\u0161anas p\u0113das ar diviem pastiprin\u0101t\u0101ja deg\u013ciem, kas apcep\u0161anas zon\u0101 atbr\u012bvo par 40% liel\u0101ku jaudu. Vien\u0101 mirkl\u012b skatiet gatavo\u0161anas temperat\u016bru ar digit\u0101lo termometru, ko ir viegli nolas\u012bt gan dien\u0101, gan nakt\u012b. Maksim\u0101li izmantojiet savu telpu, pievienojot da\u017e\u0101dus Weber Works\u2122 ievietojamos un piestiprin\u0101mos piederumus s\u0101nu galdi\u0146am (nop\u0113rkami atsevi\u0161\u0137i).<\/p>\n","protected":false},"featured_media":11628,"comment_status":"open","ping_status":"closed","template":"","meta":[],"pwb-brand":[133],"product_brand":[316],"product_cat":[124],"product_tag":[],"class_list":{"0":"post-11626","1":"product","2":"type-product","3":"status-publish","4":"has-post-thumbnail","6":"pwb-brand-weber","7":"product_brand-weber","8":"product_cat-gazes-grili","9":"product_shipping_class-kurjers","11":"first","12":"onbackorder","13":"taxable","14":"shipping-taxable","15":"purchasable","16":"product-type-simple"},"brands":[{"id":133,"name":"Weber","slug":"weber"}],"_links":{"self":[{"href":"https:\/\/grillandmore.lv\/shop\/wp-json\/wp\/v2\/product\/11626","targetHints":{"allow":["GET"]}}],"collection":[{"href":"https:\/\/grillandmore.lv\/shop\/wp-json\/wp\/v2\/product"}],"about":[{"href":"https:\/\/grillandmore.lv\/shop\/wp-json\/wp\/v2\/types\/product"}],"replies":[{"embeddable":true,"href":"https:\/\/grillandmore.lv\/shop\/wp-json\/wp\/v2\/comments?post=11626"}],"version-history":[{"count":1,"href":"https:\/\/grillandmore.lv\/shop\/wp-json\/wp\/v2\/product\/11626\/revisions"}],"predecessor-version":[{"id":11629,"href":"https:\/\/grillandmore.lv\/shop\/wp-json\/wp\/v2\/product\/11626\/revisions\/11629"}],"wp:featuredmedia":[{"embeddable":true,"href":"https:\/\/grillandmore.lv\/shop\/wp-json\/wp\/v2\/media\/11628"}],"wp:attachment":[{"href":"https:\/\/grillandmore.lv\/shop\/wp-json\/wp\/v2\/media?parent=11626"}],"wp:term":[{"taxonomy":"pwb-brand","embeddable":true,"href":"https:\/\/grillandmore.lv\/shop\/wp-json\/wp\/v2\/pwb-brand?post=11626"},{"taxonomy":"product_brand","embeddable":true,"href":"https:\/\/grillandmore.lv\/shop\/wp-json\/wp\/v2\/product_brand?post=11626"},{"taxonomy":"product_cat","embeddable":true,"href":"https:\/\/grillandmore.lv\/shop\/wp-json\/wp\/v2\/product_cat?post=11626"},{"taxonomy":"product_tag","embeddable":true,"href":"https:\/\/grillandmore.lv\/shop\/wp-json\/wp\/v2\/product_tag?post=11626"}],"curies":[{"name":"wp","href":"https:\/\/api.w.org\/{rel}","templated":true}]}}