{"id":11630,"date":"2025-05-26T16:14:31","date_gmt":"2025-05-26T13:14:31","guid":{"rendered":"https:\/\/grillandmore.lv\/shop\/?post_type=product&#038;p=11630"},"modified":"2025-05-26T16:16:47","modified_gmt":"2025-05-26T13:16:47","slug":"weber-spirit-ep-325","status":"publish","type":"product","link":"https:\/\/grillandmore.lv\/shop\/products\/weber-spirit-ep-325\/","title":{"rendered":"Weber Spirit EP-325"},"content":{"rendered":"<p>10 gadu ierobe\u017eota garantija<br \/>\n2 pastiprin\u0101t\u0101ji nodro\u0161ina par 40% liel\u0101ku jaudu apcep\u0161anas zon\u0101<br \/>\nDigit\u0101lais termometrs \u013cauj prec\u012bzi redz\u0113t temperat\u016bru dien\u0101 un nakt\u012b<br \/>\nWeber Works s\u0101nu galdi\u0146\u0161 ir piem\u0113rots ieliekamajiem ielikt\u0146iem (nop\u0113rkami atsevi\u0161\u0137i)<br \/>\nWeber Works s\u0101nu sliedes piestiprin\u0101majiem piederumiem tiek p\u0101rdotas atsevi\u0161\u0137i<br \/>\nNer\u016bs\u0113jo\u0161\u0101 t\u0113rauda vad\u012bbas panelis izskat\u0101s eleganti un ir viegli t\u012br\u0101ms<br \/>\nNer\u016bs\u0113jo\u0161\u0101 t\u0113rauda s\u0101nu galdi\u0146i, viens no tiem salok\u0101s, lai ietaup\u012btu vietu<br \/>\nWeber Crafted\u00ae porcel\u0101na emalj\u0113ti \u010duguna cep\u0161anas re\u017e\u0123i<br \/>\nSader\u012bgs ar Gourmet BBQ sist\u0113mu (grila piederumi tiek p\u0101rdoti atsevi\u0161\u0137i)<br \/>\nIztur\u012bgi blo\u0137\u0113jami groz\u0101mie ritenti\u0146i atvieglo p\u0101rvieto\u0161anu<br \/>\nPrec\u012bza, vienm\u0113r\u012bga temperat\u016bra vienm\u0113r\u012bgi gatavo \u0113dienu uz grila<br \/>\nSnap-Jet Ignition atsevi\u0161\u0137u deg\u013cu aizdedzin\u0101\u0161anai ar vienu roku<br \/>\nLiet\u0101 alum\u012bnija cep\u0161anas kaste ir rad\u012bta ilgam kalpo\u0161anas laikam<br \/>\nNer\u016bs\u0113jo\u0161\u0101 t\u0113rauda Flavorizer\u00ae stie\u0146i uzlabo grila gar\u0161u<br \/>\nTauku p\u0101rvald\u012bbas sist\u0113ma ar no\u0146emamu tauku papl\u0101ti<\/p>\n<p>G\u0100ZE<br \/>\nGatavo\u0161anas re\u017e\u0123is: 52 x 45 cm<br \/>\nKr\u0101sa: melna<\/p>\n<p>IZM\u0112RI: A x Dz x P<br \/>\nProdukta izm\u0113rs ar atv\u0113rtu v\u0101ku: 154 x 79 x 123 cm<br \/>\nProdukta izm\u0113rs ar aizv\u0113rtu v\u0101ku: 118 x 65 x 123 cm<br \/>\nProdukta un iepakojuma svars: 47 kg<br \/>\nProdukta svars: 45 kg<br \/>\nIepakojuma izm\u0113rs: 54 x 83 x 66 cm<\/p>\n","protected":false},"excerpt":{"rendered":"<p style=\"text-align: justify;\">Gril\u0113jiet \u0113dienu, kas gar\u0161o lab\u0101k nek\u0101 jebkad agr\u0101k, uz atjaunot\u0101 3 deg\u013cu Spirit\u00ae EP-325 g\u0101zes grila ar apcep\u0161anas zonu. Izveidojiet izteiksm\u012bgus, arom\u0101tiskus apcepuma plankumus uz ga\u013cas, zivs un d\u0101rze\u0146iem ar diviem pastiprin\u0101t\u0101ja deg\u013ciem, kas apcep\u0161anas zon\u0101 atbr\u012bvo par 40% liel\u0101ku jaudu. Viegli aizdedziniet katru atsevi\u0161\u0137o degli ar vienu roku, izmantojot Snap-Jet Ignition, un prec\u012bzi kontrol\u0113jiet karstumu ar pilnu temperat\u016bras diapazonu no augstas l\u012bdz zemai un visu, kas ir pa vidu.<\/p>\n","protected":false},"featured_media":11632,"comment_status":"open","ping_status":"closed","template":"","meta":[],"pwb-brand":[133],"product_brand":[316],"product_cat":[124],"product_tag":[],"class_list":{"0":"post-11630","1":"product","2":"type-product","3":"status-publish","4":"has-post-thumbnail","6":"pwb-brand-weber","7":"product_brand-weber","8":"product_cat-gazes-grili","9":"product_shipping_class-kurjers","11":"first","12":"onbackorder","13":"taxable","14":"shipping-taxable","15":"purchasable","16":"product-type-simple"},"brands":[{"id":133,"name":"Weber","slug":"weber"}],"_links":{"self":[{"href":"https:\/\/grillandmore.lv\/shop\/wp-json\/wp\/v2\/product\/11630","targetHints":{"allow":["GET"]}}],"collection":[{"href":"https:\/\/grillandmore.lv\/shop\/wp-json\/wp\/v2\/product"}],"about":[{"href":"https:\/\/grillandmore.lv\/shop\/wp-json\/wp\/v2\/types\/product"}],"replies":[{"embeddable":true,"href":"https:\/\/grillandmore.lv\/shop\/wp-json\/wp\/v2\/comments?post=11630"}],"version-history":[{"count":3,"href":"https:\/\/grillandmore.lv\/shop\/wp-json\/wp\/v2\/product\/11630\/revisions"}],"predecessor-version":[{"id":11635,"href":"https:\/\/grillandmore.lv\/shop\/wp-json\/wp\/v2\/product\/11630\/revisions\/11635"}],"wp:featuredmedia":[{"embeddable":true,"href":"https:\/\/grillandmore.lv\/shop\/wp-json\/wp\/v2\/media\/11632"}],"wp:attachment":[{"href":"https:\/\/grillandmore.lv\/shop\/wp-json\/wp\/v2\/media?parent=11630"}],"wp:term":[{"taxonomy":"pwb-brand","embeddable":true,"href":"https:\/\/grillandmore.lv\/shop\/wp-json\/wp\/v2\/pwb-brand?post=11630"},{"taxonomy":"product_brand","embeddable":true,"href":"https:\/\/grillandmore.lv\/shop\/wp-json\/wp\/v2\/product_brand?post=11630"},{"taxonomy":"product_cat","embeddable":true,"href":"https:\/\/grillandmore.lv\/shop\/wp-json\/wp\/v2\/product_cat?post=11630"},{"taxonomy":"product_tag","embeddable":true,"href":"https:\/\/grillandmore.lv\/shop\/wp-json\/wp\/v2\/product_tag?post=11630"}],"curies":[{"name":"wp","href":"https:\/\/api.w.org\/{rel}","templated":true}]}}