{"id":11652,"date":"2025-05-26T17:47:48","date_gmt":"2025-05-26T14:47:48","guid":{"rendered":"https:\/\/grillandmore.lv\/shop\/?post_type=product&#038;p=11652"},"modified":"2025-05-26T17:47:48","modified_gmt":"2025-05-26T14:47:48","slug":"weber-spirit-e-210","status":"publish","type":"product","link":"https:\/\/grillandmore.lv\/shop\/products\/weber-spirit-e-210\/","title":{"rendered":"Weber Spirit E-210"},"content":{"rendered":"<p>10 gadu ierobe\u017eota garantija<br \/>\nPorcel\u0101na emalj\u0113ts v\u0101ks ar centr\u0101 uzst\u0101d\u012btu termometru<br \/>\nSild\u012b\u0161anas re\u017e\u0123is uztur \u0113dienu siltu vai apgrauzd\u0113 maiz\u012btes virs galvenajiem re\u017e\u0123iem<br \/>\nPorcel\u0101na emalj\u0113ti \u010duguna PECI gatavo\u0161anas re\u017e\u0123i<br \/>\n2 Snap-Jet Ignition aizdedzes sl\u0113d\u017ei atsevi\u0161\u0137u deg\u013cu aizdedzin\u0101\u0161anai ar vienu roku<br \/>\nNer\u016bs\u0113jo\u0161\u0101 t\u0113rauda Flavorizer\u00ae stie\u0146i pastiprina grila gar\u0161u<br \/>\nLiet\u0101 alum\u012bnija gatavo\u0161anas kaste ir rad\u012bta ilgam kalpo\u0161anas laikam<br \/>\nTauku p\u0101rvald\u012bbas sist\u0113ma ar no\u0146emamu tauku papl\u0101ti<br \/>\nS\u0101nu galdi\u0146i nodro\u0161ina priek\u0161metu pieejam\u012bbu<br \/>\nWeber Works s\u0101nu sliedes piestiprin\u0101miem piederumiem, kas tiek p\u0101rdoti atsevi\u0161\u0137i<br \/>\n4 instrumentu \u0101\u0137i nodro\u0161ina l\u0101psti\u0146u un knaib\u013cu pa rokai<br \/>\nSkapis ar durv\u012bm ne\u013cauj prop\u0101na tvertnei atrasties redzeslok\u0101<br \/>\nIztur\u012bgi visiem laikapst\u0101k\u013ciem piem\u0113roti rite\u0146i atvieglo grila p\u0101rvieto\u0161anu<\/p>\n<p>G\u0100ZE<br \/>\nGatavo\u0161anas re\u017e\u0123is: 52 x 45 cm<br \/>\nKr\u0101sa: melna<\/p>\n<p>IZM\u0112RI: A x Dz x P<br \/>\nProdukta izm\u0113ri ar atv\u0113rtu v\u0101ku: 154 x 79 x 123 cm<br \/>\nProdukta izm\u0113ri ar aizv\u0113rtu v\u0101ku: 117 x 68 x 123 cm<br \/>\nProdukta un iepakojuma svars: 47 kg<br \/>\nProdukta svars: 41 kg<br \/>\nIepakojuma izm\u0113ri: 54 x 83 x 66 cm<\/p>\n","protected":false},"excerpt":{"rendered":"<p style=\"text-align: justify;\">Griliet \u0113dienu, kas gar\u0161o lab\u0101k nek\u0101 jebkad agr\u0101k, uz atjaunot\u0101 Spirit\u00ae E-210 g\u0101zes grila ar 2 deg\u013ciem. Viegli aizdedziniet katru atsevi\u0161\u0137o degli ar vienu roku, izmantojot Snap-Jet Ignition, un prec\u012bzi kontrol\u0113jiet karstumu ar pilnu temperat\u016bru diapazonu. Maksim\u0101li izmantojiet savu telpu, pievienojot Weber Works piesprau\u017eamos piederumus (nop\u0113rkami atsevi\u0161\u0137i) s\u0101nu slied\u0113m. Turiet \u0161\u0137\u012bvjus un gar\u0161vielas rokas stiepiena att\u0101lum\u0101 uz \u0101murto\u0146a met\u0101la s\u0101nu galdi\u0146iem, kas ir iztur\u012bgi pret skr\u0101p\u0113jumiem un viegli t\u012br\u0101mi.<\/p>\n","protected":false},"featured_media":11654,"comment_status":"open","ping_status":"closed","template":"","meta":[],"pwb-brand":[133],"product_brand":[316],"product_cat":[124],"product_tag":[],"class_list":{"0":"post-11652","1":"product","2":"type-product","3":"status-publish","4":"has-post-thumbnail","6":"pwb-brand-weber","7":"product_brand-weber","8":"product_cat-gazes-grili","9":"product_shipping_class-kurjers","11":"first","12":"onbackorder","13":"taxable","14":"shipping-taxable","15":"purchasable","16":"product-type-simple"},"brands":[{"id":133,"name":"Weber","slug":"weber"}],"_links":{"self":[{"href":"https:\/\/grillandmore.lv\/shop\/wp-json\/wp\/v2\/product\/11652","targetHints":{"allow":["GET"]}}],"collection":[{"href":"https:\/\/grillandmore.lv\/shop\/wp-json\/wp\/v2\/product"}],"about":[{"href":"https:\/\/grillandmore.lv\/shop\/wp-json\/wp\/v2\/types\/product"}],"replies":[{"embeddable":true,"href":"https:\/\/grillandmore.lv\/shop\/wp-json\/wp\/v2\/comments?post=11652"}],"version-history":[{"count":1,"href":"https:\/\/grillandmore.lv\/shop\/wp-json\/wp\/v2\/product\/11652\/revisions"}],"predecessor-version":[{"id":11655,"href":"https:\/\/grillandmore.lv\/shop\/wp-json\/wp\/v2\/product\/11652\/revisions\/11655"}],"wp:featuredmedia":[{"embeddable":true,"href":"https:\/\/grillandmore.lv\/shop\/wp-json\/wp\/v2\/media\/11654"}],"wp:attachment":[{"href":"https:\/\/grillandmore.lv\/shop\/wp-json\/wp\/v2\/media?parent=11652"}],"wp:term":[{"taxonomy":"pwb-brand","embeddable":true,"href":"https:\/\/grillandmore.lv\/shop\/wp-json\/wp\/v2\/pwb-brand?post=11652"},{"taxonomy":"product_brand","embeddable":true,"href":"https:\/\/grillandmore.lv\/shop\/wp-json\/wp\/v2\/product_brand?post=11652"},{"taxonomy":"product_cat","embeddable":true,"href":"https:\/\/grillandmore.lv\/shop\/wp-json\/wp\/v2\/product_cat?post=11652"},{"taxonomy":"product_tag","embeddable":true,"href":"https:\/\/grillandmore.lv\/shop\/wp-json\/wp\/v2\/product_tag?post=11652"}],"curies":[{"name":"wp","href":"https:\/\/api.w.org\/{rel}","templated":true}]}}