{"id":11669,"date":"2025-06-10T18:13:31","date_gmt":"2025-06-10T15:13:31","guid":{"rendered":"https:\/\/grillandmore.lv\/shop\/?post_type=product&#038;p=11669"},"modified":"2025-06-10T18:13:32","modified_gmt":"2025-06-10T15:13:32","slug":"weber-q2200n-ar-ratiem","status":"publish","type":"product","link":"https:\/\/grillandmore.lv\/shop\/products\/weber-q2200n-ar-ratiem\/","title":{"rendered":"Weber Q2200N ar ratiem"},"content":{"rendered":"<p>Liela grila virsma paredz\u0113ta l\u012bdz 12 burgeriem<br \/>\nAugsts kupolveida v\u0101ks nodro\u0161ina liel\u0101ku ietilp\u012bbu liel\u0101kiem cepe\u0161iem<br \/>\nAugstas efektivit\u0101tes deglis nodro\u0161ina \u0101tru un vienm\u0113r\u012bgu augstu karstumu<br \/>\nSiltuma deflektors pal\u012bdz vienm\u0113r\u012bgi sadal\u012bt siltumu un pagatavot \u0113dienu<br \/>\nPriek\u0161pus\u0113 eso\u0161ie temperat\u016bras regulatori nodro\u0161ina prec\u012bzu kontroli<br \/>\nAr porcel\u0101nu emalj\u0113ti \u010duguna re\u017e\u0123i saglab\u0101 siltumu apcep\u0161anai<br \/>\nRestes ir piem\u0113rotas mazg\u0101\u0161anai trauku mazg\u0101jam\u0101 ma\u0161\u012bn\u0101, lai t\u0101s b\u016btu viegli t\u012br\u012bt<br \/>\nGrila ieliktnis (nop\u0113rkams atsevi\u0161\u0137i) papla\u0161ina gatavo\u0161anas metodes<br \/>\nS\u0101nu galdi\u0146i palielina virsmas plat\u012bbu, tos var no\u0146emt un uzglab\u0101t tur\u0113t\u0101j\u0101<br \/>\nS\u0101nu rokturi atvieglo grila pacel\u0161anu un transport\u0113\u0161anu<br \/>\nIek\u013cauti met\u0101la rati\u0146i ar priek\u0161\u0113j\u0101m durv\u012bm \u0113rtai piek\u013cuvei tvertnei<br \/>\nBlo\u0137\u0113jami rite\u0146i groz\u0101s, lai \u0113rti p\u0101rvietotu un nostiprin\u0101tu grilu<br \/>\nAizmugur\u0113jais re\u017e\u0123a tur\u0113t\u0101js glab\u0101 restes, kad t\u0101s netiek izmantotas<br \/>\nIeb\u016bv\u0113ts stiprin\u0101jums Weber Connect Smart Hub (nop\u0113rkams atsevi\u0161\u0137i)<br \/>\nIeb\u016bv\u0113ts v\u0101ka termometrs skaidri par\u0101da temperat\u016bru<\/p>\n<p>G\u0100ZE<br \/>\nGatavo\u0161anas re\u017e\u0123is: 61 x 43 cm<br \/>\nKr\u0101sa: melna<\/p>\n<p>IZM\u0112RI: A x Dz x P<br \/>\nProdukta izm\u0113rs ar atv\u0113rtu v\u0101ku: 140 x 50 x 126 cm<br \/>\nProdukta izm\u0113rs ar aizv\u0113rtu v\u0101ku: 109 x 50 x 126 cm<br \/>\nProdukta un iepakojuma svars: 42 kg<br \/>\nProdukta svars: 34 kg<br \/>\nIepakojuma izm\u0113rs: 68 x 80 x 57 cm<\/p>\n","protected":false},"excerpt":{"rendered":"<p style=\"text-align: justify;\">Ieg\u016bstiet vair\u0101k siltuma un vair\u0101k vietas \u0113diena gatavo\u0161anai ar Q2200N g\u0101zes grilu ar s\u0101nu galdi\u0146iem un Premium rati\u0146iem, kas ir ide\u0101li piem\u0113rots d\u0101rziem un teras\u0113m. Ar 14% liel\u0101ku gatavo\u0161anas zonu nek\u0101 iepriek\u0161\u0113jiem mode\u013ciem un 37% liel\u0101ku vietu zem augst\u0101 kupola v\u0101ka, jums ir daudz vietas, lai gril\u0113tu un ceptu liel\u0101kus \u0113dienus. Uzlabotajiem, sl\u0113gtajiem met\u0101la rati\u0146iem ir priek\u0161\u0113j\u0101s durvis, kas nodro\u0161ina \u0113rtu piek\u013cuvi prop\u0101na tvertnei un uzglab\u0101\u0161anas vietai. Turkl\u0101t \u010detri blo\u0137\u0113jamie rite\u0146i \u013cauj viegli p\u0101rvietot un nostiprin\u0101t grilu.<\/p>\n","protected":false},"featured_media":11671,"comment_status":"open","ping_status":"closed","template":"","meta":[],"pwb-brand":[133],"product_brand":[316],"product_cat":[124],"product_tag":[],"class_list":{"0":"post-11669","1":"product","2":"type-product","3":"status-publish","4":"has-post-thumbnail","6":"pwb-brand-weber","7":"product_brand-weber","8":"product_cat-gazes-grili","9":"product_shipping_class-kurjers","11":"first","12":"onbackorder","13":"taxable","14":"shipping-taxable","15":"purchasable","16":"product-type-simple"},"brands":[{"id":133,"name":"Weber","slug":"weber"}],"_links":{"self":[{"href":"https:\/\/grillandmore.lv\/shop\/wp-json\/wp\/v2\/product\/11669","targetHints":{"allow":["GET"]}}],"collection":[{"href":"https:\/\/grillandmore.lv\/shop\/wp-json\/wp\/v2\/product"}],"about":[{"href":"https:\/\/grillandmore.lv\/shop\/wp-json\/wp\/v2\/types\/product"}],"replies":[{"embeddable":true,"href":"https:\/\/grillandmore.lv\/shop\/wp-json\/wp\/v2\/comments?post=11669"}],"version-history":[{"count":1,"href":"https:\/\/grillandmore.lv\/shop\/wp-json\/wp\/v2\/product\/11669\/revisions"}],"predecessor-version":[{"id":11672,"href":"https:\/\/grillandmore.lv\/shop\/wp-json\/wp\/v2\/product\/11669\/revisions\/11672"}],"wp:featuredmedia":[{"embeddable":true,"href":"https:\/\/grillandmore.lv\/shop\/wp-json\/wp\/v2\/media\/11671"}],"wp:attachment":[{"href":"https:\/\/grillandmore.lv\/shop\/wp-json\/wp\/v2\/media?parent=11669"}],"wp:term":[{"taxonomy":"pwb-brand","embeddable":true,"href":"https:\/\/grillandmore.lv\/shop\/wp-json\/wp\/v2\/pwb-brand?post=11669"},{"taxonomy":"product_brand","embeddable":true,"href":"https:\/\/grillandmore.lv\/shop\/wp-json\/wp\/v2\/product_brand?post=11669"},{"taxonomy":"product_cat","embeddable":true,"href":"https:\/\/grillandmore.lv\/shop\/wp-json\/wp\/v2\/product_cat?post=11669"},{"taxonomy":"product_tag","embeddable":true,"href":"https:\/\/grillandmore.lv\/shop\/wp-json\/wp\/v2\/product_tag?post=11669"}],"curies":[{"name":"wp","href":"https:\/\/api.w.org\/{rel}","templated":true}]}}