{"id":11678,"date":"2025-06-10T18:27:06","date_gmt":"2025-06-10T15:27:06","guid":{"rendered":"https:\/\/grillandmore.lv\/shop\/?post_type=product&#038;p=11678"},"modified":"2025-06-10T18:27:06","modified_gmt":"2025-06-10T15:27:06","slug":"weber-q2100n","status":"publish","type":"product","link":"https:\/\/grillandmore.lv\/shop\/products\/weber-q2100n\/","title":{"rendered":"Weber Q2100N"},"content":{"rendered":"<p>Liela grila virsma paredz\u0113ta l\u012bdz 12 burgeriem<br \/>\nAugsts kupolveida v\u0101ks nodro\u0161ina liel\u0101ku ietilp\u012bbu liel\u0101kiem cepe\u0161iem<br \/>\nAugstas efektivit\u0101tes deglis nodro\u0161ina \u0101tru un vienm\u0113r\u012bgu augstu karstumu<br \/>\nSiltuma deflektors pal\u012bdz vienm\u0113r\u012bgi sadal\u012bt siltumu un pagatavot \u0113dienu<br \/>\nPriek\u0161pus\u0113 eso\u0161ie temperat\u016bras regulatori nodro\u0161ina prec\u012bzu kontroli<br \/>\nAr porcel\u0101nu emalj\u0113ti \u010duguna re\u017e\u0123i saglab\u0101 siltumu apcep\u0161anai<br \/>\nRestes ir piem\u0113rotas mazg\u0101\u0161anai trauku mazg\u0101jam\u0101 ma\u0161\u012bn\u0101, lai t\u0101s b\u016btu viegli t\u012br\u0101mas<br \/>\nGril\u0113\u0161anas ieliktnis (nop\u0113rkams atsevi\u0161\u0137i) papla\u0161ina gatavo\u0161anas metodes<br \/>\nS\u0101nu rokturi atvieglo grila pacel\u0161anu un transport\u0113\u0161anu<br \/>\nPriek\u0161pus\u0113 eso\u0161\u0101 tauku papl\u0101te nodro\u0161ina \u0101tru un \u0113rtu tauku izme\u0161anu<br \/>\nIeb\u016bv\u0113ts stiprin\u0101jums Weber Connect Smart Hub (nop\u0113rkams atsevi\u0161\u0137i)<br \/>\nIeb\u016bv\u0113ts v\u0101ka termometrs skaidri par\u0101da temperat\u016bru<br \/>\nAizmugur\u0113j\u0101 ventil\u0101cija uzlabo vienm\u0113r\u012bgu sild\u012b\u0161anu un v\u0113ja pretest\u012bbu<br \/>\nPjezo spiedpogas aizdedze \u0101tri iedegas, baterijas nav nepiecie\u0161amas<\/p>\n<p>G\u0100ZE<br \/>\nGatavo\u0161anas re\u017e\u0123is: 61 x 43 cm<br \/>\nKr\u0101sa: melna<\/p>\n<p>IZM\u0112RI: A x Dz x P<br \/>\nProdukta izm\u0113rs ar atv\u0113rtu v\u0101ku: 73 x 61 x 126 cm<br \/>\nProdukta izm\u0113rs ar aizv\u0113rtu v\u0101ku: 42 x 50 x 126 cm<br \/>\nProdukta un iepakojuma svars: 24 kg<br \/>\nProdukta svars: 14 kg<br \/>\nIepakojuma izm\u0113rs: 45 x 80 x 48 cm<\/p>\n","protected":false},"excerpt":{"rendered":"<p style=\"text-align: justify;\">Augstas efektivit\u0101tes deglis, porcel\u0101na emalj\u0113tie \u010duguna re\u017e\u0123i un siltuma deflektors nodro\u0161ina vienm\u0113r\u012bgu \u0113diena gatavo\u0161anu, katru reizi sniedzot gardus rezult\u0101tus. Ar par 14\u00a0% liel\u0101ku gatavo\u0161anas virsmu nek\u0101 iepriek\u0161\u0113jiem mode\u013ciem un par 37\u00a0% liel\u0101ku vietu zem augst\u0101 kupola v\u0101ka, jums ir daudz vietas gril\u0113t un cept liel\u0101kus \u0113dienus.<\/p>\n","protected":false},"featured_media":11679,"comment_status":"open","ping_status":"closed","template":"","meta":[],"pwb-brand":[133],"product_brand":[316],"product_cat":[124],"product_tag":[],"class_list":{"0":"post-11678","1":"product","2":"type-product","3":"status-publish","4":"has-post-thumbnail","6":"pwb-brand-weber","7":"product_brand-weber","8":"product_cat-gazes-grili","9":"product_shipping_class-kurjers","11":"first","12":"onbackorder","13":"taxable","14":"shipping-taxable","15":"purchasable","16":"product-type-simple"},"brands":[{"id":133,"name":"Weber","slug":"weber"}],"_links":{"self":[{"href":"https:\/\/grillandmore.lv\/shop\/wp-json\/wp\/v2\/product\/11678","targetHints":{"allow":["GET"]}}],"collection":[{"href":"https:\/\/grillandmore.lv\/shop\/wp-json\/wp\/v2\/product"}],"about":[{"href":"https:\/\/grillandmore.lv\/shop\/wp-json\/wp\/v2\/types\/product"}],"replies":[{"embeddable":true,"href":"https:\/\/grillandmore.lv\/shop\/wp-json\/wp\/v2\/comments?post=11678"}],"version-history":[{"count":1,"href":"https:\/\/grillandmore.lv\/shop\/wp-json\/wp\/v2\/product\/11678\/revisions"}],"predecessor-version":[{"id":11680,"href":"https:\/\/grillandmore.lv\/shop\/wp-json\/wp\/v2\/product\/11678\/revisions\/11680"}],"wp:featuredmedia":[{"embeddable":true,"href":"https:\/\/grillandmore.lv\/shop\/wp-json\/wp\/v2\/media\/11679"}],"wp:attachment":[{"href":"https:\/\/grillandmore.lv\/shop\/wp-json\/wp\/v2\/media?parent=11678"}],"wp:term":[{"taxonomy":"pwb-brand","embeddable":true,"href":"https:\/\/grillandmore.lv\/shop\/wp-json\/wp\/v2\/pwb-brand?post=11678"},{"taxonomy":"product_brand","embeddable":true,"href":"https:\/\/grillandmore.lv\/shop\/wp-json\/wp\/v2\/product_brand?post=11678"},{"taxonomy":"product_cat","embeddable":true,"href":"https:\/\/grillandmore.lv\/shop\/wp-json\/wp\/v2\/product_cat?post=11678"},{"taxonomy":"product_tag","embeddable":true,"href":"https:\/\/grillandmore.lv\/shop\/wp-json\/wp\/v2\/product_tag?post=11678"}],"curies":[{"name":"wp","href":"https:\/\/api.w.org\/{rel}","templated":true}]}}