{"id":11681,"date":"2025-06-10T18:33:31","date_gmt":"2025-06-10T15:33:31","guid":{"rendered":"https:\/\/grillandmore.lv\/shop\/?post_type=product&#038;p=11681"},"modified":"2025-06-10T18:33:31","modified_gmt":"2025-06-10T15:33:31","slug":"weber-q1200n-ar-stativu","status":"publish","type":"product","link":"https:\/\/grillandmore.lv\/shop\/products\/weber-q1200n-ar-stativu\/","title":{"rendered":"Weber Q1200N ar stat\u012bvu"},"content":{"rendered":"<p>5 gadu ierobe\u017eota garantija<br \/>\nIeb\u016bv\u0113ts v\u0101ka termometrs skaidri par\u0101da temperat\u016bru<br \/>\nAugsts kupolveida v\u0101ks nodro\u0161ina liel\u0101ku ietilp\u012bbu liel\u0101kiem cepe\u0161iem<br \/>\nLiela grila virsma \u013cauj ievietot l\u012bdz pat 9 burgeriem<br \/>\nAr porcel\u0101nu emalj\u0113ti \u010duguna re\u017e\u0123i saglab\u0101 siltumu apcep\u0161anai<br \/>\nRestes ir piem\u0113rotas mazg\u0101\u0161anai trauku mazg\u0101jam\u0101 ma\u0161\u012bn\u0101, lai t\u0101s b\u016btu viegli t\u012br\u0101mas<br \/>\nAizmugur\u0113j\u0101 ventil\u0101cija uzlabo vienm\u0113r\u012bgu sild\u012b\u0161anu un v\u0113ja pretest\u012bbu<br \/>\nAugstas efektivit\u0101tes deglis nodro\u0161ina 2,94 kWh siltuma, nemain\u012bgi augstu temperat\u016bru<br \/>\nPriek\u0161pus\u0113 eso\u0161ie temperat\u016bras regulatori nodro\u0161ina prec\u012bzu kontroli no 120\u00b0C l\u012bdz 370\u00b0C<br \/>\nUzlabotas elektronisk\u0101s aizdedzes gaismas \u0101tri iesl\u0113dzas ar vienu nospie\u0161anas reizi<br \/>\nS\u0101nu galdi\u0146i palielina virsmas laukumu, tos var no\u0146emt un uzglab\u0101t tur\u0113t\u0101j\u0101<br \/>\nS\u0101nu rokturi atvieglo grila pacel\u0161anu un transport\u0113\u0161anu<br \/>\nPriek\u0161pus\u0113 eso\u0161\u0101 tauku papl\u0101te nodro\u0161ina \u0101tru un vienk\u0101r\u0161u tauku izme\u0161anu<br \/>\nIeb\u016bv\u0113ts Weber Connect Smart Hub stiprin\u0101jums (nop\u0113rkams atsevi\u0161\u0137i)<br \/>\nKompaktais stat\u012bvs palielina augstumu un atbalstu, k\u0101 ar\u012b nodro\u0161ina uzglab\u0101\u0161anas plauktu<\/p>\n<p>G\u0100ZE<br \/>\nGatavo\u0161anas re\u017e\u0123is: 49 x 38 cm<br \/>\nKr\u0101sa: melna<\/p>\n<p>IZM\u0112RI: A x Dz x P<br \/>\nProdukta izm\u0113rs ar atv\u0113rtu v\u0101ku: 125 x 56 x 105 cm<br \/>\nProdukta izm\u0113rs ar aizv\u0113rtu v\u0101ku: 99 x 46 x 105 cm<br \/>\nProdukta un iepakojuma svars: 26 kg<br \/>\nProdukta svars: 19 kg<br \/>\nIepakojuma izm\u0113rs: 56 x 68 x 47 cm<\/p>\n","protected":false},"excerpt":{"rendered":"<p style=\"text-align: justify;\">Pagatavojiet p\u0101rsteidzo\u0161as malt\u012btes neliel\u0101s \u0101ra telp\u0101s ar p\u0101rn\u0113s\u0101jamo Q1200N g\u0101zes grilu ar s\u0101nu galdi\u0146iem un kompaktu stat\u012bvu. \u0160is grils \u0101tri uzkarst un saglab\u0101 karstu, lai nodro\u0161in\u0101tu apcep\u0161anu augst\u0101 temperat\u016br\u0101. Augstas efektivit\u0101tes deglis un porcel\u0101na emalj\u0113tie \u010duguna re\u017e\u0123i nodro\u0161ina vienm\u0113r\u012bgu \u0113diena gatavo\u0161anu, katru reizi sniedzot gardus rezult\u0101tus. Ar 6% liel\u0101ku gatavo\u0161anas virsmu nek\u0101 iepriek\u0161\u0113jiem mode\u013ciem un 46% liel\u0101ku vietu zem augst\u0101 kupola v\u0101ka, j\u016bs ieg\u016bstat lielu cep\u0161anas jaudu.<\/p>\n","protected":false},"featured_media":11682,"comment_status":"open","ping_status":"closed","template":"","meta":[],"pwb-brand":[133],"product_brand":[316],"product_cat":[15],"product_tag":[],"class_list":{"0":"post-11681","1":"product","2":"type-product","3":"status-publish","4":"has-post-thumbnail","6":"pwb-brand-weber","7":"product_brand-weber","8":"product_cat-bez-kategorijas","9":"product_shipping_class-kurjers","11":"first","12":"onbackorder","13":"taxable","14":"shipping-taxable","15":"purchasable","16":"product-type-simple"},"brands":[{"id":133,"name":"Weber","slug":"weber"}],"_links":{"self":[{"href":"https:\/\/grillandmore.lv\/shop\/wp-json\/wp\/v2\/product\/11681","targetHints":{"allow":["GET"]}}],"collection":[{"href":"https:\/\/grillandmore.lv\/shop\/wp-json\/wp\/v2\/product"}],"about":[{"href":"https:\/\/grillandmore.lv\/shop\/wp-json\/wp\/v2\/types\/product"}],"replies":[{"embeddable":true,"href":"https:\/\/grillandmore.lv\/shop\/wp-json\/wp\/v2\/comments?post=11681"}],"version-history":[{"count":1,"href":"https:\/\/grillandmore.lv\/shop\/wp-json\/wp\/v2\/product\/11681\/revisions"}],"predecessor-version":[{"id":11683,"href":"https:\/\/grillandmore.lv\/shop\/wp-json\/wp\/v2\/product\/11681\/revisions\/11683"}],"wp:featuredmedia":[{"embeddable":true,"href":"https:\/\/grillandmore.lv\/shop\/wp-json\/wp\/v2\/media\/11682"}],"wp:attachment":[{"href":"https:\/\/grillandmore.lv\/shop\/wp-json\/wp\/v2\/media?parent=11681"}],"wp:term":[{"taxonomy":"pwb-brand","embeddable":true,"href":"https:\/\/grillandmore.lv\/shop\/wp-json\/wp\/v2\/pwb-brand?post=11681"},{"taxonomy":"product_brand","embeddable":true,"href":"https:\/\/grillandmore.lv\/shop\/wp-json\/wp\/v2\/product_brand?post=11681"},{"taxonomy":"product_cat","embeddable":true,"href":"https:\/\/grillandmore.lv\/shop\/wp-json\/wp\/v2\/product_cat?post=11681"},{"taxonomy":"product_tag","embeddable":true,"href":"https:\/\/grillandmore.lv\/shop\/wp-json\/wp\/v2\/product_tag?post=11681"}],"curies":[{"name":"wp","href":"https:\/\/api.w.org\/{rel}","templated":true}]}}