{"id":11687,"date":"2025-06-10T18:49:04","date_gmt":"2025-06-10T15:49:04","guid":{"rendered":"https:\/\/grillandmore.lv\/shop\/?post_type=product&#038;p=11687"},"modified":"2025-06-10T18:49:04","modified_gmt":"2025-06-10T15:49:04","slug":"weber-q1100n","status":"publish","type":"product","link":"https:\/\/grillandmore.lv\/shop\/products\/weber-q1100n\/","title":{"rendered":"Weber Q1100N"},"content":{"rendered":"<p>Kompakts un viegls dizains lieliski iederas neliel\u0101s telp\u0101s<br \/>\nLiela grila virsma paredz\u0113ta l\u012bdz pat 9 burgeriem<br \/>\nAugstas efektivit\u0101tes deglis nodro\u0161ina \u0101tru un vienm\u0113r\u012bgu augstu karstumu<br \/>\nPriek\u0161pus\u0113 eso\u0161ie temperat\u016bras regulatori nodro\u0161ina prec\u012bzu kontroli<br \/>\nAr porcel\u0101nu emalj\u0113ti \u010duguna re\u017e\u0123i saglab\u0101 siltumu apcep\u0161anai<br \/>\nRestes ir piem\u0113rotas mazg\u0101\u0161anai trauku mazg\u0101jam\u0101 ma\u0161\u012bn\u0101, lai t\u0101s b\u016btu viegli t\u012br\u0101mas<br \/>\nGril\u0113\u0161anas ieliktnis (nop\u0113rkams atsevi\u0161\u0137i) papla\u0161ina gatavo\u0161anas metodes<br \/>\nS\u0101nu rokturi atvieglo grila pacel\u0161anu un transport\u0113\u0161anu<br \/>\nPriek\u0161pus\u0113 eso\u0161\u0101 tauku papl\u0101te nodro\u0161ina \u0101tru un \u0113rtu tauku izme\u0161anu<br \/>\nIeb\u016bv\u0113ts stiprin\u0101jums Weber Connect Smart Hub (nop\u0113rkams atsevi\u0161\u0137i)<br \/>\nIeb\u016bv\u0113ts v\u0101ka termometrs skaidri par\u0101da temperat\u016bru<br \/>\nAizmugur\u0113j\u0101 ventil\u0101cija uzlabo vienm\u0113r\u012bgu sild\u012b\u0161anu un v\u0113ja pretest\u012bbu<br \/>\nPjezo spiedpogas aizdedze \u0101tri iedegas, baterijas nav nepiecie\u0161amas<\/p>\n<p>G\u0100ZE<br \/>\nGatavo\u0161anas re\u017e\u0123is: 49 x 38 cm<br \/>\nKr\u0101sa: melna<\/p>\n<p>IZM\u0112RI: A x Dz x P<br \/>\nProdukta izm\u0113rs ar atv\u0113rtu v\u0101ku: 64 x 56 x 66 cm<br \/>\nProdukta izm\u0113rs ar aizv\u0113rtu v\u0101ku: 38 x 44 x 66 cm<br \/>\nProdukta un iepakojuma svars: 18 kg<br \/>\nProdukta svars: 9 kg<br \/>\nIepakojuma izm\u0113rs: 42 x 69 x 42 cm<\/p>\n","protected":false},"excerpt":{"rendered":"<p style=\"text-align: justift;\">Augstas efektivit\u0101tes deglis un porcel\u0101na emalj\u0113tie \u010duguna re\u017e\u0123i nodro\u0161ina vienm\u0113r\u012bgu \u0113diena gatavo\u0161anu, katru reizi sniedzot gardus rezult\u0101tus. Ar 46% liel\u0101ku vietu zem augst\u0101 kupola v\u0101ka nek\u0101 iepriek\u0161\u0113jiem mode\u013ciem, j\u016bs ieg\u016bstat lielu cep\u0161anas jaudu.<\/p>\n","protected":false},"featured_media":11689,"comment_status":"open","ping_status":"closed","template":"","meta":[],"pwb-brand":[133],"product_brand":[316],"product_cat":[124],"product_tag":[],"class_list":{"0":"post-11687","1":"product","2":"type-product","3":"status-publish","4":"has-post-thumbnail","6":"pwb-brand-weber","7":"product_brand-weber","8":"product_cat-gazes-grili","10":"first","11":"onbackorder","12":"taxable","13":"shipping-taxable","14":"purchasable","15":"product-type-simple"},"brands":[{"id":133,"name":"Weber","slug":"weber"}],"_links":{"self":[{"href":"https:\/\/grillandmore.lv\/shop\/wp-json\/wp\/v2\/product\/11687","targetHints":{"allow":["GET"]}}],"collection":[{"href":"https:\/\/grillandmore.lv\/shop\/wp-json\/wp\/v2\/product"}],"about":[{"href":"https:\/\/grillandmore.lv\/shop\/wp-json\/wp\/v2\/types\/product"}],"replies":[{"embeddable":true,"href":"https:\/\/grillandmore.lv\/shop\/wp-json\/wp\/v2\/comments?post=11687"}],"version-history":[{"count":1,"href":"https:\/\/grillandmore.lv\/shop\/wp-json\/wp\/v2\/product\/11687\/revisions"}],"predecessor-version":[{"id":11690,"href":"https:\/\/grillandmore.lv\/shop\/wp-json\/wp\/v2\/product\/11687\/revisions\/11690"}],"wp:featuredmedia":[{"embeddable":true,"href":"https:\/\/grillandmore.lv\/shop\/wp-json\/wp\/v2\/media\/11689"}],"wp:attachment":[{"href":"https:\/\/grillandmore.lv\/shop\/wp-json\/wp\/v2\/media?parent=11687"}],"wp:term":[{"taxonomy":"pwb-brand","embeddable":true,"href":"https:\/\/grillandmore.lv\/shop\/wp-json\/wp\/v2\/pwb-brand?post=11687"},{"taxonomy":"product_brand","embeddable":true,"href":"https:\/\/grillandmore.lv\/shop\/wp-json\/wp\/v2\/product_brand?post=11687"},{"taxonomy":"product_cat","embeddable":true,"href":"https:\/\/grillandmore.lv\/shop\/wp-json\/wp\/v2\/product_cat?post=11687"},{"taxonomy":"product_tag","embeddable":true,"href":"https:\/\/grillandmore.lv\/shop\/wp-json\/wp\/v2\/product_tag?post=11687"}],"curies":[{"name":"wp","href":"https:\/\/api.w.org\/{rel}","templated":true}]}}