{"id":11691,"date":"2025-06-10T18:55:28","date_gmt":"2025-06-10T15:55:28","guid":{"rendered":"https:\/\/grillandmore.lv\/shop\/?post_type=product&#038;p=11691"},"modified":"2025-06-10T18:55:29","modified_gmt":"2025-06-10T15:55:29","slug":"weber-traveler-lp-stealth","status":"publish","type":"product","link":"https:\/\/grillandmore.lv\/shop\/products\/weber-traveler-lp-stealth\/","title":{"rendered":"Weber Traveler LP Stealth"},"content":{"rendered":"<p>Kompakti salok\u0101ms, lai \u0113rti ievietotu automa\u0161\u012bnas bag\u0101\u017eniek\u0101 vai glab\u0101tuv\u0113.<br \/>\nLiela grila zona, lai visa malt\u012bte b\u016btu gatava vienlaikus.<br \/>\nM\u0113r\u0137i izstr\u0101d\u0101ts, lai optimiz\u0113tu g\u0101zes pat\u0113ri\u0146u.<br \/>\nZemas un augstas temperat\u016bras diapazons pank\u016bk\u0101m, apceptam steikam un citiem \u0113dieniem.<br \/>\nViegli transport\u0113jams, lai tas vienm\u0113r b\u016btu l\u012bdzi, kurp dodaties.<br \/>\nGrils ir piestiprin\u0101ts pie rati\u0146iem, lai j\u016bs var\u0113tu \u0101tri s\u0101kt gril\u0113\u0161anu.<br \/>\nElegants, melns apdares dizains.<\/p>\n<p>G\u0100ZE<br \/>\nGatavo\u0161anas re\u017e\u0123is: 63 x 34 cm<br \/>\nKr\u0101sa: melna<\/p>\n<p>IZM\u0112RI: A x Dz x P<br \/>\nProdukta izm\u0113rs ar atv\u0113rtu v\u0101ku: 127 x 66 x 111 cm<br \/>\nProdukta izm\u0113rs ar aizv\u0113rtu v\u0101ku: 94 x 59 x 111 cm<br \/>\nProdukta un iepakojuma svars: 31 kg<br \/>\nProdukta svars: 22 kg<br \/>\nIepakojuma izm\u0113rs: 37 x 57 x 108 cm<\/p>\n","protected":false},"excerpt":{"rendered":"<p style=\"text-align: justify;\">Weber Traveler* g\u0101zes grila Stealth* versija ir paredz\u0113ta ikvienam, kur\u0161 v\u0113las gardu gril\u0113tu \u0113dienu \u0101rpus m\u0101j\u0101m. Neatkar\u012bgi no t\u0101, vai dodaties kemping\u0101, p\u0101rg\u0101jien\u0101 vai piknik\u0101, t\u0101 iztur\u012bgais, kompaktais dizains un aptum\u0161ot\u0101 apdare nodro\u0161ina elegantu un neman\u0101mu pieredzi, s\u0101kot no uzst\u0101d\u012b\u0161anas l\u012bdz uzglab\u0101\u0161anai.<\/p>\n","protected":false},"featured_media":11692,"comment_status":"open","ping_status":"closed","template":"","meta":[],"pwb-brand":[133],"product_brand":[316],"product_cat":[124],"product_tag":[],"class_list":{"0":"post-11691","1":"product","2":"type-product","3":"status-publish","4":"has-post-thumbnail","6":"pwb-brand-weber","7":"product_brand-weber","8":"product_cat-gazes-grili","9":"product_shipping_class-kurjers","11":"first","12":"onbackorder","13":"taxable","14":"shipping-taxable","15":"purchasable","16":"product-type-simple"},"brands":[{"id":133,"name":"Weber","slug":"weber"}],"_links":{"self":[{"href":"https:\/\/grillandmore.lv\/shop\/wp-json\/wp\/v2\/product\/11691","targetHints":{"allow":["GET"]}}],"collection":[{"href":"https:\/\/grillandmore.lv\/shop\/wp-json\/wp\/v2\/product"}],"about":[{"href":"https:\/\/grillandmore.lv\/shop\/wp-json\/wp\/v2\/types\/product"}],"replies":[{"embeddable":true,"href":"https:\/\/grillandmore.lv\/shop\/wp-json\/wp\/v2\/comments?post=11691"}],"version-history":[{"count":1,"href":"https:\/\/grillandmore.lv\/shop\/wp-json\/wp\/v2\/product\/11691\/revisions"}],"predecessor-version":[{"id":11693,"href":"https:\/\/grillandmore.lv\/shop\/wp-json\/wp\/v2\/product\/11691\/revisions\/11693"}],"wp:featuredmedia":[{"embeddable":true,"href":"https:\/\/grillandmore.lv\/shop\/wp-json\/wp\/v2\/media\/11692"}],"wp:attachment":[{"href":"https:\/\/grillandmore.lv\/shop\/wp-json\/wp\/v2\/media?parent=11691"}],"wp:term":[{"taxonomy":"pwb-brand","embeddable":true,"href":"https:\/\/grillandmore.lv\/shop\/wp-json\/wp\/v2\/pwb-brand?post=11691"},{"taxonomy":"product_brand","embeddable":true,"href":"https:\/\/grillandmore.lv\/shop\/wp-json\/wp\/v2\/product_brand?post=11691"},{"taxonomy":"product_cat","embeddable":true,"href":"https:\/\/grillandmore.lv\/shop\/wp-json\/wp\/v2\/product_cat?post=11691"},{"taxonomy":"product_tag","embeddable":true,"href":"https:\/\/grillandmore.lv\/shop\/wp-json\/wp\/v2\/product_tag?post=11691"}],"curies":[{"name":"wp","href":"https:\/\/api.w.org\/{rel}","templated":true}]}}