{"id":11702,"date":"2025-06-10T19:09:23","date_gmt":"2025-06-10T16:09:23","guid":{"rendered":"https:\/\/grillandmore.lv\/shop\/?post_type=product&#038;p=11702"},"modified":"2025-06-10T19:09:23","modified_gmt":"2025-06-10T16:09:23","slug":"weber-go-anywhere-2","status":"publish","type":"product","link":"https:\/\/grillandmore.lv\/shop\/products\/weber-go-anywhere-2\/","title":{"rendered":"Weber Go-Anywhere"},"content":{"rendered":"<p>Ugunsdro\u0161s un iztur\u012bgs v\u0101ks un b\u013coda, porcel\u0101na emalj\u0113ti iztur\u012bbai<br \/>\nPorcel\u0101na emalj\u0113ti t\u0113rauda cep\u0161anas re\u017e\u0123i<br \/>\nGroz\u0101mas k\u0101jas, kas pace\u013c grilu, lai nepiedegtu zeme vai virsma, un darbojas k\u0101 v\u0101ka fiksators \u0113rtai transport\u0113\u0161anai<\/p>\n<p>G\u0100ZE<br \/>\nGatavo\u0161anas re\u017e\u0123is: 41 x 25 cm<br \/>\nKr\u0101sa: melna<\/p>\n<p>IZM\u0112RI: A x Dz x P<br \/>\nProdukta izm\u0113rs ar atv\u0113rtu v\u0101ku: 38 x 44 x 43 cm<br \/>\nProdukta izm\u0113rs ar aizv\u0113rtu v\u0101ku: 37 x 31 x 53 cm<br \/>\nProdukta un iepakojuma svars: 8 kg<br \/>\nProdukta svars: 6 kg<br \/>\nIepakojuma izm\u0113rs: 23 x 32 x 60 cm<\/p>\n","protected":false},"excerpt":{"rendered":"<p>Kompakts dizains ar g\u0101zes gatavo\u0161anas \u0113rt\u012bb\u0101m \u2014 \u0161is mazais g\u0101zes grila br\u012bnums ir ide\u0101ls sabiedrotais, atrodoties kust\u012bb\u0101.<\/p>\n","protected":false},"featured_media":11703,"comment_status":"open","ping_status":"closed","template":"","meta":[],"pwb-brand":[133],"product_brand":[316],"product_cat":[124],"product_tag":[],"class_list":{"0":"post-11702","1":"product","2":"type-product","3":"status-publish","4":"has-post-thumbnail","6":"pwb-brand-weber","7":"product_brand-weber","8":"product_cat-gazes-grili","9":"product_shipping_class-kurjers","11":"first","12":"onbackorder","13":"taxable","14":"shipping-taxable","15":"purchasable","16":"product-type-simple"},"brands":[{"id":133,"name":"Weber","slug":"weber"}],"_links":{"self":[{"href":"https:\/\/grillandmore.lv\/shop\/wp-json\/wp\/v2\/product\/11702","targetHints":{"allow":["GET"]}}],"collection":[{"href":"https:\/\/grillandmore.lv\/shop\/wp-json\/wp\/v2\/product"}],"about":[{"href":"https:\/\/grillandmore.lv\/shop\/wp-json\/wp\/v2\/types\/product"}],"replies":[{"embeddable":true,"href":"https:\/\/grillandmore.lv\/shop\/wp-json\/wp\/v2\/comments?post=11702"}],"version-history":[{"count":1,"href":"https:\/\/grillandmore.lv\/shop\/wp-json\/wp\/v2\/product\/11702\/revisions"}],"predecessor-version":[{"id":11704,"href":"https:\/\/grillandmore.lv\/shop\/wp-json\/wp\/v2\/product\/11702\/revisions\/11704"}],"wp:featuredmedia":[{"embeddable":true,"href":"https:\/\/grillandmore.lv\/shop\/wp-json\/wp\/v2\/media\/11703"}],"wp:attachment":[{"href":"https:\/\/grillandmore.lv\/shop\/wp-json\/wp\/v2\/media?parent=11702"}],"wp:term":[{"taxonomy":"pwb-brand","embeddable":true,"href":"https:\/\/grillandmore.lv\/shop\/wp-json\/wp\/v2\/pwb-brand?post=11702"},{"taxonomy":"product_brand","embeddable":true,"href":"https:\/\/grillandmore.lv\/shop\/wp-json\/wp\/v2\/product_brand?post=11702"},{"taxonomy":"product_cat","embeddable":true,"href":"https:\/\/grillandmore.lv\/shop\/wp-json\/wp\/v2\/product_cat?post=11702"},{"taxonomy":"product_tag","embeddable":true,"href":"https:\/\/grillandmore.lv\/shop\/wp-json\/wp\/v2\/product_tag?post=11702"}],"curies":[{"name":"wp","href":"https:\/\/api.w.org\/{rel}","templated":true}]}}