{"id":2626,"date":"2023-03-14T14:05:18","date_gmt":"2023-03-14T12:05:18","guid":{"rendered":"https:\/\/grillandmore.lv\/shop\/?post_type=product&#038;p=2626"},"modified":"2023-11-12T15:01:41","modified_gmt":"2023-11-12T13:01:41","slug":"agasol-10kg-balons-ar-grilgazi","status":"publish","type":"product","link":"https:\/\/grillandmore.lv\/shop\/products\/agasol-10kg-balons-ar-grilgazi\/","title":{"rendered":"Agasol 10kg balons ar grilg\u0101zi"},"content":{"rendered":"<p>Viegls un iztur\u012bgs kompoz\u012btmateri\u0101ls<br \/>\nAGA kompoz\u012btmateri\u0101la baloni ir \u012bpa\u0161i viegli &#8211; divreiz viegl\u0101ki par attiec\u012bg\u0101 lieluma t\u0113rauda baloniem! Tie ir ar\u012b \u012bpa\u0161i iztur\u012bgi, jo kompoz\u012btmateri\u0101ls ir tik sp\u0113c\u012bgs, ka sp\u0113j labi iztur\u0113t saules gaismas, UV starojuma, temperat\u016bras sv\u0101rst\u012bbu, \u0137\u012bmisku vielu un \u0161\u0137\u012bdin\u0101t\u0101ju iedarb\u012bbu. Kompoz\u012btmateri\u0101la balons ner\u016bs\u0113 un nav saskr\u0101p\u0113jams, to ir viegli uztur\u0113t t\u012bru un p\u0101rstr\u0101d\u0101t. T\u0101 k\u0101 balons ir caursp\u012bd\u012bgs, vienm\u0113r ir apskat\u0101ms atliku\u0161ais g\u0101zes daudzums, lai t\u0101 nebeigtos p\u0113k\u0161\u0146i.<\/p>\n<p>\u0112rta lieto\u0161ana<br \/>\nKompoz\u012btmateri\u0101la balons ir piem\u0113rots gandr\u012bz visiem prop\u0101na lieto\u0161anas veidiem: m\u0101j\u0101s, vasarn\u012bc\u0101s pie griliem, kemperos, laiv\u0101s, tera\u0161u sild\u012bt\u0101jos. Ar to ir viegli r\u012bkoties, jo pace\u013cot, tas ir labi satverams. Lieto\u0161anu v\u0113l vair\u0101k atvieglo balona spiediena v\u0101rsts, kuram var vienk\u0101r\u0161i pievienot regulatoru.<\/p>\n<p>AGASOL\u00ae grilg\u0101zes balons, 26 l<\/p>\n<p>Saturs 10 kg<br \/>\nAugstums 587 mm<br \/>\nDiametrs 305 mm<br \/>\nTuk\u0161a balona svars 6,7 kg<\/p>\n","protected":false},"excerpt":{"rendered":"<p style=\"text-align: justify;\">AGASOL\u00ae grilg\u0101ze ir augstas t\u012br\u012bbas produkts, kur\u0161 satur ne maz\u0101k k\u0101 95% prop\u0101na. T\u0101 ir ide\u0101ls un efekt\u012bvs ener\u0123ijas avots. AGASOL\u00ae grilg\u0101ze labi iztvaiko no balona ar\u012b zem\u0101s temparat\u016br\u0101s, nerada s\u0113ra, smago met\u0101lu vai toksisku vielu izme\u0161us, ir videi draudz\u012bgs un neiespaido \u0113diena gar\u0161u. Kad prop\u0101ns sadeg, tad galvenok\u0101rt veidojas oglek\u013ca dioks\u012bds un \u016bdens tvaiki, kas ir tie pa\u0161i produkti, kas sastopami cilv\u0113ka izelp\u0101<\/p>\n","protected":false},"featured_media":0,"comment_status":"open","ping_status":"closed","template":"","meta":[],"pwb-brand":[],"product_brand":[],"product_cat":[124,131],"product_tag":[],"class_list":{"0":"post-2626","1":"product","2":"type-product","3":"status-publish","5":"product_cat-gazes-grili","6":"product_cat-gazes-un-piederumi","7":"product_shipping_class-kurjers","9":"first","10":"instock","11":"taxable","12":"shipping-taxable","13":"purchasable","14":"product-type-simple"},"brands":[],"_links":{"self":[{"href":"https:\/\/grillandmore.lv\/shop\/wp-json\/wp\/v2\/product\/2626","targetHints":{"allow":["GET"]}}],"collection":[{"href":"https:\/\/grillandmore.lv\/shop\/wp-json\/wp\/v2\/product"}],"about":[{"href":"https:\/\/grillandmore.lv\/shop\/wp-json\/wp\/v2\/types\/product"}],"replies":[{"embeddable":true,"href":"https:\/\/grillandmore.lv\/shop\/wp-json\/wp\/v2\/comments?post=2626"}],"version-history":[{"count":1,"href":"https:\/\/grillandmore.lv\/shop\/wp-json\/wp\/v2\/product\/2626\/revisions"}],"predecessor-version":[{"id":11216,"href":"https:\/\/grillandmore.lv\/shop\/wp-json\/wp\/v2\/product\/2626\/revisions\/11216"}],"wp:attachment":[{"href":"https:\/\/grillandmore.lv\/shop\/wp-json\/wp\/v2\/media?parent=2626"}],"wp:term":[{"taxonomy":"pwb-brand","embeddable":true,"href":"https:\/\/grillandmore.lv\/shop\/wp-json\/wp\/v2\/pwb-brand?post=2626"},{"taxonomy":"product_brand","embeddable":true,"href":"https:\/\/grillandmore.lv\/shop\/wp-json\/wp\/v2\/product_brand?post=2626"},{"taxonomy":"product_cat","embeddable":true,"href":"https:\/\/grillandmore.lv\/shop\/wp-json\/wp\/v2\/product_cat?post=2626"},{"taxonomy":"product_tag","embeddable":true,"href":"https:\/\/grillandmore.lv\/shop\/wp-json\/wp\/v2\/product_tag?post=2626"}],"curies":[{"name":"wp","href":"https:\/\/api.w.org\/{rel}","templated":true}]}}