{"id":2630,"date":"2023-03-14T14:56:09","date_gmt":"2023-03-14T12:56:09","guid":{"rendered":"https:\/\/grillandmore.lv\/shop\/?post_type=product&#038;p=2630"},"modified":"2023-11-12T15:01:59","modified_gmt":"2023-11-12T13:01:59","slug":"weber-compact-kettle-charcoal-grill-57cm","status":"publish","type":"product","link":"https:\/\/grillandmore.lv\/shop\/products\/weber-compact-kettle-charcoal-grill-57cm\/","title":{"rendered":"Weber Compact Kettle Charcoal Grill 57cm"},"content":{"rendered":"<div class=\"wpb_text_column wpb_content_element \">\n<div class=\"wpb_wrapper\">\n<ul>\n<li>Kr\u0101sa: Melna<\/li>\n<li>Izm\u0113rs: 57 cm<\/li>\n<li>Kurin\u0101mais: ogles<\/li>\n<li>Porcel\u0101na emalj\u0113ta b\u013coda un v\u0101ks, kas padara grilu iztur\u012bgu un viegli t\u012br\u0101mu<\/li>\n<li>Divi iztur\u012bgi rokturi \u2014 v\u0101ci\u0146a rokturim ar siltuma aizsargs<\/li>\n<li>Tr\u012bsk\u0101r\u0161s p\u0101rkl\u0101ts cep\u0161anas re\u017e\u0123is<\/li>\n<li>Alum\u012bnija v\u0101ka ventil\u0101cijas sist\u0113ma nodro\u0161ina pareizu gaisa pl\u016bsmu, lai nodro\u0161in\u0101tu nevainojamu pagatavo\u0161anu<\/li>\n<li>R\u016bsas iztur\u012bgs alum\u012bnija pelnu trauks<\/li>\n<li>Rite\u0146i ir plaisu iztur\u012bgi un piem\u0113rots visa veida apstak\u013ciem<\/li>\n<li>Garantija:<\/li>\n<\/ul>\n<\/div>\n<\/div>\n<div class=\"wpb_single_image wpb_content_element vc_align_left\">\n<figure class=\"wpb_wrapper vc_figure\">\n<div class=\"vc_single_image-wrapper vc_box_border_grey\"><img decoding=\"async\" class=\"vc_single_image-img \" title=\"10sud\" src=\"https:\/\/www.licgotus.lv\/wp-content\/uploads\/2020\/07\/10sud-100x100.png\" alt=\"10sud\" width=\"100\" height=\"100\" \/><\/div>\n<\/figure>\n<\/div>\n","protected":false},"excerpt":{"rendered":"<p>Iztur\u012bgs un viegli t\u012br\u0101ms.<\/p>\n","protected":false},"featured_media":2631,"comment_status":"open","ping_status":"closed","template":"","meta":[],"pwb-brand":[133],"product_brand":[],"product_cat":[125],"product_tag":[],"class_list":{"0":"post-2630","1":"product","2":"type-product","3":"status-publish","4":"has-post-thumbnail","6":"pwb-brand-weber","7":"product_cat-kokoglu-grili","8":"product_shipping_class-kurjers","10":"first","11":"onbackorder","12":"taxable","13":"shipping-taxable","14":"purchasable","15":"product-type-simple"},"brands":[{"id":133,"name":"Weber","slug":"weber"}],"_links":{"self":[{"href":"https:\/\/grillandmore.lv\/shop\/wp-json\/wp\/v2\/product\/2630","targetHints":{"allow":["GET"]}}],"collection":[{"href":"https:\/\/grillandmore.lv\/shop\/wp-json\/wp\/v2\/product"}],"about":[{"href":"https:\/\/grillandmore.lv\/shop\/wp-json\/wp\/v2\/types\/product"}],"replies":[{"embeddable":true,"href":"https:\/\/grillandmore.lv\/shop\/wp-json\/wp\/v2\/comments?post=2630"}],"version-history":[{"count":1,"href":"https:\/\/grillandmore.lv\/shop\/wp-json\/wp\/v2\/product\/2630\/revisions"}],"predecessor-version":[{"id":6592,"href":"https:\/\/grillandmore.lv\/shop\/wp-json\/wp\/v2\/product\/2630\/revisions\/6592"}],"wp:featuredmedia":[{"embeddable":true,"href":"https:\/\/grillandmore.lv\/shop\/wp-json\/wp\/v2\/media\/2631"}],"wp:attachment":[{"href":"https:\/\/grillandmore.lv\/shop\/wp-json\/wp\/v2\/media?parent=2630"}],"wp:term":[{"taxonomy":"pwb-brand","embeddable":true,"href":"https:\/\/grillandmore.lv\/shop\/wp-json\/wp\/v2\/pwb-brand?post=2630"},{"taxonomy":"product_brand","embeddable":true,"href":"https:\/\/grillandmore.lv\/shop\/wp-json\/wp\/v2\/product_brand?post=2630"},{"taxonomy":"product_cat","embeddable":true,"href":"https:\/\/grillandmore.lv\/shop\/wp-json\/wp\/v2\/product_cat?post=2630"},{"taxonomy":"product_tag","embeddable":true,"href":"https:\/\/grillandmore.lv\/shop\/wp-json\/wp\/v2\/product_tag?post=2630"}],"curies":[{"name":"wp","href":"https:\/\/api.w.org\/{rel}","templated":true}]}}