{"id":2632,"date":"2023-03-14T15:01:55","date_gmt":"2023-03-14T13:01:55","guid":{"rendered":"https:\/\/grillandmore.lv\/shop\/?post_type=product&#038;p=2632"},"modified":"2023-11-12T15:02:07","modified_gmt":"2023-11-12T13:02:07","slug":"weber-smokey-joe","status":"publish","type":"product","link":"https:\/\/grillandmore.lv\/shop\/products\/weber-smokey-joe\/","title":{"rendered":"Weber Smokey Joe"},"content":{"rendered":"<div class=\"wpb_text_column wpb_content_element \">\n<div class=\"wpb_wrapper\">\n<ul>\n<li>Kr\u0101sa: Melna<\/li>\n<li>Izm\u0113rs: 37 cm<\/li>\n<li>Kurin\u0101mais: ogles<\/li>\n<li>Porcel\u0101na emalj\u0113ta b\u013coda un v\u0101ks, kas padara grilu iztur\u012bgu un viegli t\u012br\u0101mu<\/li>\n<li>37 cm tr\u012bsk\u0101r\u0161s p\u0101rkl\u0101ts cep\u0161anas re\u017e\u0123is<\/li>\n<li>Alum\u012bnija v\u0101ka ventil\u0101cijas sist\u0113ma nodro\u0161ina pareizu gaisa pl\u016bsmu, lai nodro\u0161in\u0101tu nevainojamu pagatavo\u0161anu<\/li>\n<li>Tuk-N-Carry v\u0101ka tur\u0113t\u0101js aizsl\u0113dz v\u0101ku p\u0101rne\u0161anai, un veic dubulta v\u0101ka tur\u0113t\u0101js darb\u012bbu<\/li>\n<li>Rokturis ar siltuma aizsargu<\/li>\n<li>Garantija:<\/li>\n<\/ul>\n<\/div>\n<\/div>\n<div class=\"wpb_single_image wpb_content_element vc_align_left\">\n<figure class=\"wpb_wrapper vc_figure\">\n<div class=\"vc_single_image-wrapper vc_box_border_grey\"><img decoding=\"async\" class=\"vc_single_image-img \" title=\"10sud\" src=\"https:\/\/www.licgotus.lv\/wp-content\/uploads\/2020\/07\/10sud-100x100.png\" alt=\"10sud\" width=\"100\" height=\"100\" \/><\/div>\n<\/figure>\n<\/div>\n","protected":false},"excerpt":{"rendered":"<p>Kr\u0101sa: Melna Izm\u0113rs: 37 cm Kurin\u0101mais: ogles Porcel\u0101na emalj\u0113ta b\u013coda un v\u0101ks, kas padara grilu iztur\u012bgu un viegli t\u012br\u0101mu 37 cm tr\u012bsk\u0101r\u0161s p\u0101rkl\u0101ts cep\u0161anas re\u017e\u0123is Alum\u012bnija v\u0101ka ventil\u0101cijas sist\u0113ma nodro\u0161ina pareizu gaisa pl\u016bsmu, lai nodro\u0161in\u0101tu nevainojamu pagatavo\u0161anu Tuk-N-Carry v\u0101ka tur\u0113t\u0101js aizsl\u0113dz v\u0101ku p\u0101rne\u0161anai, un veic dubulta v\u0101ka tur\u0113t\u0101js darb\u012bbu Rokturis ar siltuma aizsargu Garantija:<\/p>\n","protected":false},"featured_media":2633,"comment_status":"open","ping_status":"closed","template":"","meta":[],"pwb-brand":[133],"product_brand":[],"product_cat":[125],"product_tag":[],"class_list":{"0":"post-2632","1":"product","2":"type-product","3":"status-publish","4":"has-post-thumbnail","6":"pwb-brand-weber","7":"product_cat-kokoglu-grili","8":"product_shipping_class-kurjers","10":"first","11":"onbackorder","12":"taxable","13":"shipping-taxable","14":"purchasable","15":"product-type-simple"},"brands":[{"id":133,"name":"Weber","slug":"weber"}],"_links":{"self":[{"href":"https:\/\/grillandmore.lv\/shop\/wp-json\/wp\/v2\/product\/2632","targetHints":{"allow":["GET"]}}],"collection":[{"href":"https:\/\/grillandmore.lv\/shop\/wp-json\/wp\/v2\/product"}],"about":[{"href":"https:\/\/grillandmore.lv\/shop\/wp-json\/wp\/v2\/types\/product"}],"replies":[{"embeddable":true,"href":"https:\/\/grillandmore.lv\/shop\/wp-json\/wp\/v2\/comments?post=2632"}],"version-history":[{"count":1,"href":"https:\/\/grillandmore.lv\/shop\/wp-json\/wp\/v2\/product\/2632\/revisions"}],"predecessor-version":[{"id":6591,"href":"https:\/\/grillandmore.lv\/shop\/wp-json\/wp\/v2\/product\/2632\/revisions\/6591"}],"wp:featuredmedia":[{"embeddable":true,"href":"https:\/\/grillandmore.lv\/shop\/wp-json\/wp\/v2\/media\/2633"}],"wp:attachment":[{"href":"https:\/\/grillandmore.lv\/shop\/wp-json\/wp\/v2\/media?parent=2632"}],"wp:term":[{"taxonomy":"pwb-brand","embeddable":true,"href":"https:\/\/grillandmore.lv\/shop\/wp-json\/wp\/v2\/pwb-brand?post=2632"},{"taxonomy":"product_brand","embeddable":true,"href":"https:\/\/grillandmore.lv\/shop\/wp-json\/wp\/v2\/product_brand?post=2632"},{"taxonomy":"product_cat","embeddable":true,"href":"https:\/\/grillandmore.lv\/shop\/wp-json\/wp\/v2\/product_cat?post=2632"},{"taxonomy":"product_tag","embeddable":true,"href":"https:\/\/grillandmore.lv\/shop\/wp-json\/wp\/v2\/product_tag?post=2632"}],"curies":[{"name":"wp","href":"https:\/\/api.w.org\/{rel}","templated":true}]}}