{"id":2634,"date":"2023-03-14T15:05:43","date_gmt":"2023-03-14T13:05:43","guid":{"rendered":"https:\/\/grillandmore.lv\/shop\/?post_type=product&#038;p=2634"},"modified":"2023-11-12T15:02:14","modified_gmt":"2023-11-12T13:02:14","slug":"weber-go-anywhere","status":"publish","type":"product","link":"https:\/\/grillandmore.lv\/shop\/products\/weber-go-anywhere\/","title":{"rendered":"Weber Go-Anywhere"},"content":{"rendered":"<div class=\"wpb_text_column wpb_content_element \">\n<div class=\"wpb_wrapper\">\n<ul>\n<li>Kr\u0101sa: Melna<\/li>\n<li>Izm\u0113rs: 42 x 26 cm<\/li>\n<li>Kurin\u0101mais: ogles<\/li>\n<li>Cep\u0161anas restes \u2013 t\u0113rauda, p\u0101rkl\u0101tas ar hromu, kas pasarg\u0101 no korozijas un pagarina kalpo\u0161anas laiku<\/li>\n<li>Iztur\u012bgas t\u0113rauda og\u013cu restes<\/li>\n<li>V\u0101ka rokturis \u2013 ar aizsardz\u012bbu pret karstumu<\/li>\n<li>Grila v\u0101k\u0101 ir ietverts v\u0101ka tur\u0113t\u0101js<\/li>\n<li>Korpuss un v\u0101ks p\u0101rkl\u0101ti ar porcel\u0101na emalju \u2013 karstumiztur\u012bgu p\u0101rkl\u0101jumu<\/li>\n<li>Og\u013cu grils WEBER Go-Anywhere ir apr\u012bkots ar \u010detriem v\u0101rstiem, kas izgatavoti no ner\u016bs\u0113jo\u0161a alum\u012bnija<\/li>\n<li>Garantija:<\/li>\n<\/ul>\n<\/div>\n<\/div>\n<div class=\"wpb_single_image wpb_content_element vc_align_left\">\n<figure class=\"wpb_wrapper vc_figure\">\n<div class=\"vc_single_image-wrapper vc_box_border_grey\"><img decoding=\"async\" class=\"vc_single_image-img \" title=\"10sud\" src=\"https:\/\/www.licgotus.lv\/wp-content\/uploads\/2020\/07\/10sud-100x100.png\" alt=\"10sud\" width=\"100\" height=\"100\" \/><\/div>\n<\/figure>\n<\/div>\n","protected":false},"excerpt":{"rendered":"<p>Piem\u0113rots \u0146em\u0161anai l\u012bdzi ce\u013cojum\u0101.<\/p>\n","protected":false},"featured_media":2635,"comment_status":"open","ping_status":"closed","template":"","meta":[],"pwb-brand":[133],"product_brand":[],"product_cat":[125],"product_tag":[],"class_list":{"0":"post-2634","1":"product","2":"type-product","3":"status-publish","4":"has-post-thumbnail","6":"pwb-brand-weber","7":"product_cat-kokoglu-grili","8":"product_shipping_class-kurjers","10":"first","11":"onbackorder","12":"taxable","13":"shipping-taxable","14":"purchasable","15":"product-type-simple"},"brands":[{"id":133,"name":"Weber","slug":"weber"}],"_links":{"self":[{"href":"https:\/\/grillandmore.lv\/shop\/wp-json\/wp\/v2\/product\/2634","targetHints":{"allow":["GET"]}}],"collection":[{"href":"https:\/\/grillandmore.lv\/shop\/wp-json\/wp\/v2\/product"}],"about":[{"href":"https:\/\/grillandmore.lv\/shop\/wp-json\/wp\/v2\/types\/product"}],"replies":[{"embeddable":true,"href":"https:\/\/grillandmore.lv\/shop\/wp-json\/wp\/v2\/comments?post=2634"}],"version-history":[{"count":1,"href":"https:\/\/grillandmore.lv\/shop\/wp-json\/wp\/v2\/product\/2634\/revisions"}],"predecessor-version":[{"id":6590,"href":"https:\/\/grillandmore.lv\/shop\/wp-json\/wp\/v2\/product\/2634\/revisions\/6590"}],"wp:featuredmedia":[{"embeddable":true,"href":"https:\/\/grillandmore.lv\/shop\/wp-json\/wp\/v2\/media\/2635"}],"wp:attachment":[{"href":"https:\/\/grillandmore.lv\/shop\/wp-json\/wp\/v2\/media?parent=2634"}],"wp:term":[{"taxonomy":"pwb-brand","embeddable":true,"href":"https:\/\/grillandmore.lv\/shop\/wp-json\/wp\/v2\/pwb-brand?post=2634"},{"taxonomy":"product_brand","embeddable":true,"href":"https:\/\/grillandmore.lv\/shop\/wp-json\/wp\/v2\/product_brand?post=2634"},{"taxonomy":"product_cat","embeddable":true,"href":"https:\/\/grillandmore.lv\/shop\/wp-json\/wp\/v2\/product_cat?post=2634"},{"taxonomy":"product_tag","embeddable":true,"href":"https:\/\/grillandmore.lv\/shop\/wp-json\/wp\/v2\/product_tag?post=2634"}],"curies":[{"name":"wp","href":"https:\/\/api.w.org\/{rel}","templated":true}]}}