{"id":2657,"date":"2023-03-14T16:12:13","date_gmt":"2023-03-14T14:12:13","guid":{"rendered":"https:\/\/grillandmore.lv\/shop\/?post_type=product&#038;p=2657"},"modified":"2023-11-12T15:04:57","modified_gmt":"2023-11-12T13:04:57","slug":"weber-grilesanas-lapstina-un-stangas","status":"publish","type":"product","link":"https:\/\/grillandmore.lv\/shop\/products\/weber-grilesanas-lapstina-un-stangas\/","title":{"rendered":"Weber gril\u0113\u0161anas l\u0101psti\u0146a un stangas"},"content":{"rendered":"","protected":false},"excerpt":{"rendered":"<p>Komplekts sast\u0101v no gril\u0113\u0161anas l\u0101psti\u0146as un stangas. Izgatavots no ner\u016bs\u0113jo\u0161\u0101 t\u0113rauda ar melnu nesl\u012bdo\u0161u rokturi. Garums 46 cm<\/p>\n","protected":false},"featured_media":2658,"comment_status":"open","ping_status":"closed","template":"","meta":[],"pwb-brand":[133],"product_brand":[],"product_cat":[128,135],"product_tag":[],"class_list":{"0":"post-2657","1":"product","2":"type-product","3":"status-publish","4":"has-post-thumbnail","6":"pwb-brand-weber","7":"product_cat-piederumi","8":"product_cat-piederumi-un-komplekti","9":"product_shipping_class-paku-skapis","11":"first","12":"onbackorder","13":"taxable","14":"shipping-taxable","15":"purchasable","16":"product-type-simple"},"brands":[{"id":133,"name":"Weber","slug":"weber"}],"_links":{"self":[{"href":"https:\/\/grillandmore.lv\/shop\/wp-json\/wp\/v2\/product\/2657","targetHints":{"allow":["GET"]}}],"collection":[{"href":"https:\/\/grillandmore.lv\/shop\/wp-json\/wp\/v2\/product"}],"about":[{"href":"https:\/\/grillandmore.lv\/shop\/wp-json\/wp\/v2\/types\/product"}],"replies":[{"embeddable":true,"href":"https:\/\/grillandmore.lv\/shop\/wp-json\/wp\/v2\/comments?post=2657"}],"version-history":[{"count":1,"href":"https:\/\/grillandmore.lv\/shop\/wp-json\/wp\/v2\/product\/2657\/revisions"}],"predecessor-version":[{"id":6579,"href":"https:\/\/grillandmore.lv\/shop\/wp-json\/wp\/v2\/product\/2657\/revisions\/6579"}],"wp:featuredmedia":[{"embeddable":true,"href":"https:\/\/grillandmore.lv\/shop\/wp-json\/wp\/v2\/media\/2658"}],"wp:attachment":[{"href":"https:\/\/grillandmore.lv\/shop\/wp-json\/wp\/v2\/media?parent=2657"}],"wp:term":[{"taxonomy":"pwb-brand","embeddable":true,"href":"https:\/\/grillandmore.lv\/shop\/wp-json\/wp\/v2\/pwb-brand?post=2657"},{"taxonomy":"product_brand","embeddable":true,"href":"https:\/\/grillandmore.lv\/shop\/wp-json\/wp\/v2\/product_brand?post=2657"},{"taxonomy":"product_cat","embeddable":true,"href":"https:\/\/grillandmore.lv\/shop\/wp-json\/wp\/v2\/product_cat?post=2657"},{"taxonomy":"product_tag","embeddable":true,"href":"https:\/\/grillandmore.lv\/shop\/wp-json\/wp\/v2\/product_tag?post=2657"}],"curies":[{"name":"wp","href":"https:\/\/api.w.org\/{rel}","templated":true}]}}