{"id":2661,"date":"2023-03-14T16:20:52","date_gmt":"2023-03-14T14:20:52","guid":{"rendered":"https:\/\/grillandmore.lv\/shop\/?post_type=product&#038;p=2661"},"modified":"2023-11-12T15:05:10","modified_gmt":"2023-11-12T13:05:10","slug":"weber-stangas","status":"publish","type":"product","link":"https:\/\/grillandmore.lv\/shop\/products\/weber-stangas\/","title":{"rendered":"Weber stangas"},"content":{"rendered":"<p>Izgatavotas no ner\u016bs\u0113jo\u0161\u0101 t\u0113rauda ar melnu nesl\u012bdo\u0161u rokturi. Garums 46 cm.<\/p>\n","protected":false},"excerpt":{"rendered":"<p>Izgatavotas no ner\u016bs\u0113jo\u0161\u0101 t\u0113rauda ar melnu nesl\u012bdo\u0161u rokturi. Garums 46 cm.<\/p>\n","protected":false},"featured_media":2662,"comment_status":"open","ping_status":"closed","template":"","meta":[],"pwb-brand":[133],"product_brand":[],"product_cat":[128,135],"product_tag":[],"class_list":{"0":"post-2661","1":"product","2":"type-product","3":"status-publish","4":"has-post-thumbnail","6":"pwb-brand-weber","7":"product_cat-piederumi","8":"product_cat-piederumi-un-komplekti","9":"product_shipping_class-paku-skapis","11":"first","12":"onbackorder","13":"taxable","14":"shipping-taxable","15":"purchasable","16":"product-type-simple"},"brands":[{"id":133,"name":"Weber","slug":"weber"}],"_links":{"self":[{"href":"https:\/\/grillandmore.lv\/shop\/wp-json\/wp\/v2\/product\/2661","targetHints":{"allow":["GET"]}}],"collection":[{"href":"https:\/\/grillandmore.lv\/shop\/wp-json\/wp\/v2\/product"}],"about":[{"href":"https:\/\/grillandmore.lv\/shop\/wp-json\/wp\/v2\/types\/product"}],"replies":[{"embeddable":true,"href":"https:\/\/grillandmore.lv\/shop\/wp-json\/wp\/v2\/comments?post=2661"}],"version-history":[{"count":2,"href":"https:\/\/grillandmore.lv\/shop\/wp-json\/wp\/v2\/product\/2661\/revisions"}],"predecessor-version":[{"id":6577,"href":"https:\/\/grillandmore.lv\/shop\/wp-json\/wp\/v2\/product\/2661\/revisions\/6577"}],"wp:featuredmedia":[{"embeddable":true,"href":"https:\/\/grillandmore.lv\/shop\/wp-json\/wp\/v2\/media\/2662"}],"wp:attachment":[{"href":"https:\/\/grillandmore.lv\/shop\/wp-json\/wp\/v2\/media?parent=2661"}],"wp:term":[{"taxonomy":"pwb-brand","embeddable":true,"href":"https:\/\/grillandmore.lv\/shop\/wp-json\/wp\/v2\/pwb-brand?post=2661"},{"taxonomy":"product_brand","embeddable":true,"href":"https:\/\/grillandmore.lv\/shop\/wp-json\/wp\/v2\/product_brand?post=2661"},{"taxonomy":"product_cat","embeddable":true,"href":"https:\/\/grillandmore.lv\/shop\/wp-json\/wp\/v2\/product_cat?post=2661"},{"taxonomy":"product_tag","embeddable":true,"href":"https:\/\/grillandmore.lv\/shop\/wp-json\/wp\/v2\/product_tag?post=2661"}],"curies":[{"name":"wp","href":"https:\/\/api.w.org\/{rel}","templated":true}]}}