{"id":2717,"date":"2023-03-15T09:55:32","date_gmt":"2023-03-15T07:55:32","guid":{"rendered":"https:\/\/grillandmore.lv\/shop\/?post_type=product&#038;p=2717"},"modified":"2023-11-12T15:08:06","modified_gmt":"2023-11-12T13:08:06","slug":"weber-igrill-3","status":"publish","type":"product","link":"https:\/\/grillandmore.lv\/shop\/products\/weber-igrill-3\/","title":{"rendered":"Weber iGrill 3"},"content":{"rendered":"<p style=\"font-weight: 300;\">Apple: nepiecie\u0161ama iOS 11.1 vai jaun\u0101ka versija:<\/p>\n<ul>\n<li style=\"font-weight: 300;\">iPhone 4S vai jaun\u0101ka versija<\/li>\n<li style=\"font-weight: 300;\">iPad 3. paaudze vai jaun\u0101ka versija<\/li>\n<li style=\"font-weight: 300;\">iPad mini<\/li>\n<li style=\"font-weight: 300;\">iPod touch 6. paaudze vai jaun\u0101ka versija<\/li>\n<\/ul>\n<p style=\"font-weight: 300;\">Android: liel\u0101k\u0101 da\u013ca Android t\u0101lru\u0146u, kuros darbojas oper\u0113t\u0101jsist\u0113ma Android 6.0 vai jaun\u0101ka versija un Bluetooth 4.0 vai jaun\u0101ka versija.<\/p>\n<p style=\"font-weight: 300;\">Da\u017eas viedier\u012bces nav sader\u012bgas ar Weber iGrill App, tostarp: iPhone 4, iPad 1. vai 2. paaudze, Huawei t\u0101lru\u0146i.<\/p>\n","protected":false},"excerpt":{"rendered":"<p>Weber iGrill 3 var uzst\u0101d\u012bt tie\u0161i uz j\u016bsu Genesis II vai Spirit II g\u0101zes grila. Termometrs savienojas ar telefonu caur aplik\u0101ciju un uzraudz\u012bt l\u012bdz pat \u010detru ga\u013cas gabalu temperat\u016bru.<\/p>\n","protected":false},"featured_media":2719,"comment_status":"open","ping_status":"closed","template":"","meta":[],"pwb-brand":[133],"product_brand":[],"product_cat":[128,139],"product_tag":[],"class_list":{"0":"post-2717","1":"product","2":"type-product","3":"status-publish","4":"has-post-thumbnail","6":"pwb-brand-weber","7":"product_cat-piederumi","8":"product_cat-termometri","9":"product_shipping_class-paku-skapis","11":"first","12":"onbackorder","13":"taxable","14":"shipping-taxable","15":"purchasable","16":"product-type-simple"},"brands":[{"id":133,"name":"Weber","slug":"weber"}],"_links":{"self":[{"href":"https:\/\/grillandmore.lv\/shop\/wp-json\/wp\/v2\/product\/2717","targetHints":{"allow":["GET"]}}],"collection":[{"href":"https:\/\/grillandmore.lv\/shop\/wp-json\/wp\/v2\/product"}],"about":[{"href":"https:\/\/grillandmore.lv\/shop\/wp-json\/wp\/v2\/types\/product"}],"replies":[{"embeddable":true,"href":"https:\/\/grillandmore.lv\/shop\/wp-json\/wp\/v2\/comments?post=2717"}],"version-history":[{"count":1,"href":"https:\/\/grillandmore.lv\/shop\/wp-json\/wp\/v2\/product\/2717\/revisions"}],"predecessor-version":[{"id":6562,"href":"https:\/\/grillandmore.lv\/shop\/wp-json\/wp\/v2\/product\/2717\/revisions\/6562"}],"wp:featuredmedia":[{"embeddable":true,"href":"https:\/\/grillandmore.lv\/shop\/wp-json\/wp\/v2\/media\/2719"}],"wp:attachment":[{"href":"https:\/\/grillandmore.lv\/shop\/wp-json\/wp\/v2\/media?parent=2717"}],"wp:term":[{"taxonomy":"pwb-brand","embeddable":true,"href":"https:\/\/grillandmore.lv\/shop\/wp-json\/wp\/v2\/pwb-brand?post=2717"},{"taxonomy":"product_brand","embeddable":true,"href":"https:\/\/grillandmore.lv\/shop\/wp-json\/wp\/v2\/product_brand?post=2717"},{"taxonomy":"product_cat","embeddable":true,"href":"https:\/\/grillandmore.lv\/shop\/wp-json\/wp\/v2\/product_cat?post=2717"},{"taxonomy":"product_tag","embeddable":true,"href":"https:\/\/grillandmore.lv\/shop\/wp-json\/wp\/v2\/product_tag?post=2717"}],"curies":[{"name":"wp","href":"https:\/\/api.w.org\/{rel}","templated":true}]}}