{"id":2723,"date":"2023-03-15T10:10:30","date_gmt":"2023-03-15T08:10:30","guid":{"rendered":"https:\/\/grillandmore.lv\/shop\/?post_type=product&#038;p=2723"},"modified":"2023-11-12T15:07:56","modified_gmt":"2023-11-12T13:07:56","slug":"weber-igrill-pro-galas-zonde","status":"publish","type":"product","link":"https:\/\/grillandmore.lv\/shop\/products\/weber-igrill-pro-galas-zonde\/","title":{"rendered":"Weber iGrill Pro ga\u013cas zonde"},"content":{"rendered":"","protected":false},"excerpt":{"rendered":"<p>Zonde ir izstr\u0101d\u0101ta temperat\u016bras m\u0113r\u012b\u0161anai ar iGrill 2 un iGrill mini. Temperat\u016bras diapazons no -30 \u00b0C l\u012bdz 327 \u00b0C. Vada garums 1,2 m. Der visiem iGrill mode\u013ciem.<\/p>\n","protected":false},"featured_media":2724,"comment_status":"open","ping_status":"closed","template":"","meta":[],"pwb-brand":[133],"product_brand":[],"product_cat":[128,139],"product_tag":[],"class_list":{"0":"post-2723","1":"product","2":"type-product","3":"status-publish","4":"has-post-thumbnail","6":"pwb-brand-weber","7":"product_cat-piederumi","8":"product_cat-termometri","9":"product_shipping_class-paku-skapis","11":"first","12":"onbackorder","13":"taxable","14":"shipping-taxable","15":"purchasable","16":"product-type-simple"},"brands":[{"id":133,"name":"Weber","slug":"weber"}],"_links":{"self":[{"href":"https:\/\/grillandmore.lv\/shop\/wp-json\/wp\/v2\/product\/2723","targetHints":{"allow":["GET"]}}],"collection":[{"href":"https:\/\/grillandmore.lv\/shop\/wp-json\/wp\/v2\/product"}],"about":[{"href":"https:\/\/grillandmore.lv\/shop\/wp-json\/wp\/v2\/types\/product"}],"replies":[{"embeddable":true,"href":"https:\/\/grillandmore.lv\/shop\/wp-json\/wp\/v2\/comments?post=2723"}],"version-history":[{"count":1,"href":"https:\/\/grillandmore.lv\/shop\/wp-json\/wp\/v2\/product\/2723\/revisions"}],"predecessor-version":[{"id":6560,"href":"https:\/\/grillandmore.lv\/shop\/wp-json\/wp\/v2\/product\/2723\/revisions\/6560"}],"wp:featuredmedia":[{"embeddable":true,"href":"https:\/\/grillandmore.lv\/shop\/wp-json\/wp\/v2\/media\/2724"}],"wp:attachment":[{"href":"https:\/\/grillandmore.lv\/shop\/wp-json\/wp\/v2\/media?parent=2723"}],"wp:term":[{"taxonomy":"pwb-brand","embeddable":true,"href":"https:\/\/grillandmore.lv\/shop\/wp-json\/wp\/v2\/pwb-brand?post=2723"},{"taxonomy":"product_brand","embeddable":true,"href":"https:\/\/grillandmore.lv\/shop\/wp-json\/wp\/v2\/product_brand?post=2723"},{"taxonomy":"product_cat","embeddable":true,"href":"https:\/\/grillandmore.lv\/shop\/wp-json\/wp\/v2\/product_cat?post=2723"},{"taxonomy":"product_tag","embeddable":true,"href":"https:\/\/grillandmore.lv\/shop\/wp-json\/wp\/v2\/product_tag?post=2723"}],"curies":[{"name":"wp","href":"https:\/\/api.w.org\/{rel}","templated":true}]}}