{"id":2736,"date":"2023-03-15T10:46:06","date_gmt":"2023-03-15T08:46:06","guid":{"rendered":"https:\/\/grillandmore.lv\/shop\/?post_type=product&#038;p=2736"},"modified":"2023-11-12T15:11:29","modified_gmt":"2023-11-12T13:11:29","slug":"weber-nerusejoso-terauda-virsmu-tiritajs-300ml","status":"publish","type":"product","link":"https:\/\/grillandmore.lv\/shop\/products\/weber-nerusejoso-terauda-virsmu-tiritajs-300ml\/","title":{"rendered":"Weber ner\u016bs\u0113jo\u0161o t\u0113rauda virsmu t\u012br\u012bt\u0101js 300ml"},"content":{"rendered":"","protected":false},"excerpt":{"rendered":"<p>L\u012bdzeklis ner\u016bs\u0113jo\u0161o t\u0113rauda virsmu t\u012br\u012b\u0161anai.<\/p>\n","protected":false},"featured_media":2737,"comment_status":"open","ping_status":"closed","template":"","meta":[],"pwb-brand":[133],"product_brand":[],"product_cat":[128,140],"product_tag":[],"class_list":{"0":"post-2736","1":"product","2":"type-product","3":"status-publish","4":"has-post-thumbnail","6":"pwb-brand-weber","7":"product_cat-piederumi","8":"product_cat-tirisanas-lidzekli","9":"product_shipping_class-paku-skapis","11":"first","12":"onbackorder","13":"taxable","14":"shipping-taxable","15":"purchasable","16":"product-type-simple"},"brands":[{"id":133,"name":"Weber","slug":"weber"}],"_links":{"self":[{"href":"https:\/\/grillandmore.lv\/shop\/wp-json\/wp\/v2\/product\/2736","targetHints":{"allow":["GET"]}}],"collection":[{"href":"https:\/\/grillandmore.lv\/shop\/wp-json\/wp\/v2\/product"}],"about":[{"href":"https:\/\/grillandmore.lv\/shop\/wp-json\/wp\/v2\/types\/product"}],"replies":[{"embeddable":true,"href":"https:\/\/grillandmore.lv\/shop\/wp-json\/wp\/v2\/comments?post=2736"}],"version-history":[{"count":1,"href":"https:\/\/grillandmore.lv\/shop\/wp-json\/wp\/v2\/product\/2736\/revisions"}],"predecessor-version":[{"id":6554,"href":"https:\/\/grillandmore.lv\/shop\/wp-json\/wp\/v2\/product\/2736\/revisions\/6554"}],"wp:featuredmedia":[{"embeddable":true,"href":"https:\/\/grillandmore.lv\/shop\/wp-json\/wp\/v2\/media\/2737"}],"wp:attachment":[{"href":"https:\/\/grillandmore.lv\/shop\/wp-json\/wp\/v2\/media?parent=2736"}],"wp:term":[{"taxonomy":"pwb-brand","embeddable":true,"href":"https:\/\/grillandmore.lv\/shop\/wp-json\/wp\/v2\/pwb-brand?post=2736"},{"taxonomy":"product_brand","embeddable":true,"href":"https:\/\/grillandmore.lv\/shop\/wp-json\/wp\/v2\/product_brand?post=2736"},{"taxonomy":"product_cat","embeddable":true,"href":"https:\/\/grillandmore.lv\/shop\/wp-json\/wp\/v2\/product_cat?post=2736"},{"taxonomy":"product_tag","embeddable":true,"href":"https:\/\/grillandmore.lv\/shop\/wp-json\/wp\/v2\/product_tag?post=2736"}],"curies":[{"name":"wp","href":"https:\/\/api.w.org\/{rel}","templated":true}]}}