{"id":2738,"date":"2023-03-15T10:53:21","date_gmt":"2023-03-15T08:53:21","guid":{"rendered":"https:\/\/grillandmore.lv\/shop\/?post_type=product&#038;p=2738"},"modified":"2023-11-12T15:11:36","modified_gmt":"2023-11-12T13:11:36","slug":"weber-aerosols-cugura-aizsardzibai-200ml","status":"publish","type":"product","link":"https:\/\/grillandmore.lv\/shop\/products\/weber-aerosols-cugura-aizsardzibai-200ml\/","title":{"rendered":"Weber aerosols \u010dugura aizsardz\u012bbai 200ml"},"content":{"rendered":"","protected":false},"excerpt":{"rendered":"<p>L\u012bdzeklis \u010duguna gril\u0113\u0161anas restu un piederumu aizsardz\u012bbai pret r\u016bs\u0113\u0161anu. 100% dab\u012bgs. Lietojot regul\u0101ri pal\u012bdzat saglab\u0101t dzelzs sast\u0101vu, padarot to iztur\u012bg\u0101ku pret koroziju.<\/p>\n","protected":false},"featured_media":2739,"comment_status":"open","ping_status":"closed","template":"","meta":[],"pwb-brand":[133],"product_brand":[],"product_cat":[128,140],"product_tag":[],"class_list":{"0":"post-2738","1":"product","2":"type-product","3":"status-publish","4":"has-post-thumbnail","6":"pwb-brand-weber","7":"product_cat-piederumi","8":"product_cat-tirisanas-lidzekli","9":"product_shipping_class-paku-skapis","11":"first","12":"onbackorder","13":"taxable","14":"shipping-taxable","15":"purchasable","16":"product-type-simple"},"brands":[{"id":133,"name":"Weber","slug":"weber"}],"_links":{"self":[{"href":"https:\/\/grillandmore.lv\/shop\/wp-json\/wp\/v2\/product\/2738","targetHints":{"allow":["GET"]}}],"collection":[{"href":"https:\/\/grillandmore.lv\/shop\/wp-json\/wp\/v2\/product"}],"about":[{"href":"https:\/\/grillandmore.lv\/shop\/wp-json\/wp\/v2\/types\/product"}],"replies":[{"embeddable":true,"href":"https:\/\/grillandmore.lv\/shop\/wp-json\/wp\/v2\/comments?post=2738"}],"version-history":[{"count":1,"href":"https:\/\/grillandmore.lv\/shop\/wp-json\/wp\/v2\/product\/2738\/revisions"}],"predecessor-version":[{"id":6553,"href":"https:\/\/grillandmore.lv\/shop\/wp-json\/wp\/v2\/product\/2738\/revisions\/6553"}],"wp:featuredmedia":[{"embeddable":true,"href":"https:\/\/grillandmore.lv\/shop\/wp-json\/wp\/v2\/media\/2739"}],"wp:attachment":[{"href":"https:\/\/grillandmore.lv\/shop\/wp-json\/wp\/v2\/media?parent=2738"}],"wp:term":[{"taxonomy":"pwb-brand","embeddable":true,"href":"https:\/\/grillandmore.lv\/shop\/wp-json\/wp\/v2\/pwb-brand?post=2738"},{"taxonomy":"product_brand","embeddable":true,"href":"https:\/\/grillandmore.lv\/shop\/wp-json\/wp\/v2\/product_brand?post=2738"},{"taxonomy":"product_cat","embeddable":true,"href":"https:\/\/grillandmore.lv\/shop\/wp-json\/wp\/v2\/product_cat?post=2738"},{"taxonomy":"product_tag","embeddable":true,"href":"https:\/\/grillandmore.lv\/shop\/wp-json\/wp\/v2\/product_tag?post=2738"}],"curies":[{"name":"wp","href":"https:\/\/api.w.org\/{rel}","templated":true}]}}