{"id":2740,"date":"2023-03-15T10:57:01","date_gmt":"2023-03-15T08:57:01","guid":{"rendered":"https:\/\/grillandmore.lv\/shop\/?post_type=product&#038;p=2740"},"modified":"2023-11-12T15:11:43","modified_gmt":"2023-11-12T13:11:43","slug":"weber-q-pulse-tiritajs-300ml","status":"publish","type":"product","link":"https:\/\/grillandmore.lv\/shop\/products\/weber-q-pulse-tiritajs-300ml\/","title":{"rendered":"Weber Q &#038; Pulse t\u012br\u012bt\u0101js 300ml"},"content":{"rendered":"","protected":false},"excerpt":{"rendered":"<p>Aerosols pal\u012bdz t\u012br\u012bt \u0101r\u0113j\u0101s virsmas visiem Weber Q un Pulsa griliem. Tiek veikta vienk\u0101r\u0161a t\u012br\u012b\u0161ana, un, lietojot to<br \/>\nregul\u0101ri, grils no \u0101rpuses k\u013c\u016bst sp\u012bd\u012bgs un \u016bdensiztur\u012bgs.<\/p>\n","protected":false},"featured_media":2741,"comment_status":"open","ping_status":"closed","template":"","meta":[],"pwb-brand":[133],"product_brand":[],"product_cat":[128,140],"product_tag":[],"class_list":{"0":"post-2740","1":"product","2":"type-product","3":"status-publish","4":"has-post-thumbnail","6":"pwb-brand-weber","7":"product_cat-piederumi","8":"product_cat-tirisanas-lidzekli","9":"product_shipping_class-paku-skapis","11":"first","12":"onbackorder","13":"taxable","14":"shipping-taxable","15":"purchasable","16":"product-type-simple"},"brands":[{"id":133,"name":"Weber","slug":"weber"}],"_links":{"self":[{"href":"https:\/\/grillandmore.lv\/shop\/wp-json\/wp\/v2\/product\/2740","targetHints":{"allow":["GET"]}}],"collection":[{"href":"https:\/\/grillandmore.lv\/shop\/wp-json\/wp\/v2\/product"}],"about":[{"href":"https:\/\/grillandmore.lv\/shop\/wp-json\/wp\/v2\/types\/product"}],"replies":[{"embeddable":true,"href":"https:\/\/grillandmore.lv\/shop\/wp-json\/wp\/v2\/comments?post=2740"}],"version-history":[{"count":1,"href":"https:\/\/grillandmore.lv\/shop\/wp-json\/wp\/v2\/product\/2740\/revisions"}],"predecessor-version":[{"id":6552,"href":"https:\/\/grillandmore.lv\/shop\/wp-json\/wp\/v2\/product\/2740\/revisions\/6552"}],"wp:featuredmedia":[{"embeddable":true,"href":"https:\/\/grillandmore.lv\/shop\/wp-json\/wp\/v2\/media\/2741"}],"wp:attachment":[{"href":"https:\/\/grillandmore.lv\/shop\/wp-json\/wp\/v2\/media?parent=2740"}],"wp:term":[{"taxonomy":"pwb-brand","embeddable":true,"href":"https:\/\/grillandmore.lv\/shop\/wp-json\/wp\/v2\/pwb-brand?post=2740"},{"taxonomy":"product_brand","embeddable":true,"href":"https:\/\/grillandmore.lv\/shop\/wp-json\/wp\/v2\/product_brand?post=2740"},{"taxonomy":"product_cat","embeddable":true,"href":"https:\/\/grillandmore.lv\/shop\/wp-json\/wp\/v2\/product_cat?post=2740"},{"taxonomy":"product_tag","embeddable":true,"href":"https:\/\/grillandmore.lv\/shop\/wp-json\/wp\/v2\/product_tag?post=2740"}],"curies":[{"name":"wp","href":"https:\/\/api.w.org\/{rel}","templated":true}]}}