{"id":2742,"date":"2023-03-15T11:01:34","date_gmt":"2023-03-15T09:01:34","guid":{"rendered":"https:\/\/grillandmore.lv\/shop\/?post_type=product&#038;p=2742"},"modified":"2023-11-12T15:11:49","modified_gmt":"2023-11-12T13:11:49","slug":"weber-mikroskiedras-lupatina","status":"publish","type":"product","link":"https:\/\/grillandmore.lv\/shop\/products\/weber-mikroskiedras-lupatina\/","title":{"rendered":"Weber mikro\u0161\u0137iedras lupati\u0146a"},"content":{"rendered":"","protected":false},"excerpt":{"rendered":"<p>Mikro\u0161\u0137iedras lupati\u0146a pal\u012bdz no\u0146emt net\u012brumus no vis\u0101m virsm\u0101m, un t\u0101 ir ide\u0101li piem\u0113rota emalj\u0113tu un ner\u016bs\u0113jo\u0161\u0101 t\u0113rauda virsmu pul\u0113\u0161anai.<\/p>\n","protected":false},"featured_media":2743,"comment_status":"open","ping_status":"closed","template":"","meta":[],"pwb-brand":[133],"product_brand":[],"product_cat":[128,140],"product_tag":[],"class_list":{"0":"post-2742","1":"product","2":"type-product","3":"status-publish","4":"has-post-thumbnail","6":"pwb-brand-weber","7":"product_cat-piederumi","8":"product_cat-tirisanas-lidzekli","9":"product_shipping_class-paku-skapis","11":"first","12":"onbackorder","13":"taxable","14":"shipping-taxable","15":"purchasable","16":"product-type-simple"},"brands":[{"id":133,"name":"Weber","slug":"weber"}],"_links":{"self":[{"href":"https:\/\/grillandmore.lv\/shop\/wp-json\/wp\/v2\/product\/2742","targetHints":{"allow":["GET"]}}],"collection":[{"href":"https:\/\/grillandmore.lv\/shop\/wp-json\/wp\/v2\/product"}],"about":[{"href":"https:\/\/grillandmore.lv\/shop\/wp-json\/wp\/v2\/types\/product"}],"replies":[{"embeddable":true,"href":"https:\/\/grillandmore.lv\/shop\/wp-json\/wp\/v2\/comments?post=2742"}],"version-history":[{"count":1,"href":"https:\/\/grillandmore.lv\/shop\/wp-json\/wp\/v2\/product\/2742\/revisions"}],"predecessor-version":[{"id":6551,"href":"https:\/\/grillandmore.lv\/shop\/wp-json\/wp\/v2\/product\/2742\/revisions\/6551"}],"wp:featuredmedia":[{"embeddable":true,"href":"https:\/\/grillandmore.lv\/shop\/wp-json\/wp\/v2\/media\/2743"}],"wp:attachment":[{"href":"https:\/\/grillandmore.lv\/shop\/wp-json\/wp\/v2\/media?parent=2742"}],"wp:term":[{"taxonomy":"pwb-brand","embeddable":true,"href":"https:\/\/grillandmore.lv\/shop\/wp-json\/wp\/v2\/pwb-brand?post=2742"},{"taxonomy":"product_brand","embeddable":true,"href":"https:\/\/grillandmore.lv\/shop\/wp-json\/wp\/v2\/product_brand?post=2742"},{"taxonomy":"product_cat","embeddable":true,"href":"https:\/\/grillandmore.lv\/shop\/wp-json\/wp\/v2\/product_cat?post=2742"},{"taxonomy":"product_tag","embeddable":true,"href":"https:\/\/grillandmore.lv\/shop\/wp-json\/wp\/v2\/product_tag?post=2742"}],"curies":[{"name":"wp","href":"https:\/\/api.w.org\/{rel}","templated":true}]}}