{"id":2745,"date":"2023-03-15T11:16:18","date_gmt":"2023-03-15T09:16:18","guid":{"rendered":"https:\/\/grillandmore.lv\/shop\/?post_type=product&#038;p=2745"},"modified":"2023-11-12T15:11:57","modified_gmt":"2023-11-12T13:11:57","slug":"weber-suklis-2-gab","status":"publish","type":"product","link":"https:\/\/grillandmore.lv\/shop\/products\/weber-suklis-2-gab\/","title":{"rendered":"Weber s\u016bklis &#8211; 2 gab"},"content":{"rendered":"","protected":false},"excerpt":{"rendered":"<p>\u0160is \u0161\u0137iedras s\u016bklis ir tikpat efekt\u012bvs, cik \u0113rti to lietot! Izmantojiet abraz\u012bvo pusi, lai t\u012br\u012btu grila re\u017e\u0123i , bet ar m\u012bksto pusi viegli noslaukiet net\u012brumus.<\/p>\n","protected":false},"featured_media":2746,"comment_status":"open","ping_status":"closed","template":"","meta":[],"pwb-brand":[133],"product_brand":[],"product_cat":[128,141],"product_tag":[],"class_list":{"0":"post-2745","1":"product","2":"type-product","3":"status-publish","4":"has-post-thumbnail","6":"pwb-brand-weber","7":"product_cat-piederumi","8":"product_cat-tirisanas-birstes","9":"product_shipping_class-paku-skapis","11":"first","12":"onbackorder","13":"taxable","14":"shipping-taxable","15":"purchasable","16":"product-type-simple"},"brands":[{"id":133,"name":"Weber","slug":"weber"}],"_links":{"self":[{"href":"https:\/\/grillandmore.lv\/shop\/wp-json\/wp\/v2\/product\/2745","targetHints":{"allow":["GET"]}}],"collection":[{"href":"https:\/\/grillandmore.lv\/shop\/wp-json\/wp\/v2\/product"}],"about":[{"href":"https:\/\/grillandmore.lv\/shop\/wp-json\/wp\/v2\/types\/product"}],"replies":[{"embeddable":true,"href":"https:\/\/grillandmore.lv\/shop\/wp-json\/wp\/v2\/comments?post=2745"}],"version-history":[{"count":1,"href":"https:\/\/grillandmore.lv\/shop\/wp-json\/wp\/v2\/product\/2745\/revisions"}],"predecessor-version":[{"id":6550,"href":"https:\/\/grillandmore.lv\/shop\/wp-json\/wp\/v2\/product\/2745\/revisions\/6550"}],"wp:featuredmedia":[{"embeddable":true,"href":"https:\/\/grillandmore.lv\/shop\/wp-json\/wp\/v2\/media\/2746"}],"wp:attachment":[{"href":"https:\/\/grillandmore.lv\/shop\/wp-json\/wp\/v2\/media?parent=2745"}],"wp:term":[{"taxonomy":"pwb-brand","embeddable":true,"href":"https:\/\/grillandmore.lv\/shop\/wp-json\/wp\/v2\/pwb-brand?post=2745"},{"taxonomy":"product_brand","embeddable":true,"href":"https:\/\/grillandmore.lv\/shop\/wp-json\/wp\/v2\/product_brand?post=2745"},{"taxonomy":"product_cat","embeddable":true,"href":"https:\/\/grillandmore.lv\/shop\/wp-json\/wp\/v2\/product_cat?post=2745"},{"taxonomy":"product_tag","embeddable":true,"href":"https:\/\/grillandmore.lv\/shop\/wp-json\/wp\/v2\/product_tag?post=2745"}],"curies":[{"name":"wp","href":"https:\/\/api.w.org\/{rel}","templated":true}]}}