{"id":2747,"date":"2023-03-15T11:21:47","date_gmt":"2023-03-15T09:21:47","guid":{"rendered":"https:\/\/grillandmore.lv\/shop\/?post_type=product&#038;p=2747"},"modified":"2023-11-12T15:12:05","modified_gmt":"2023-11-12T13:12:05","slug":"weber-gazes-grilu-apkopes-komplekts","status":"publish","type":"product","link":"https:\/\/grillandmore.lv\/shop\/products\/weber-gazes-grilu-apkopes-komplekts\/","title":{"rendered":"Weber g\u0101zes grilu apkopes komplekts"},"content":{"rendered":"","protected":false},"excerpt":{"rendered":"<p>G\u0101zes grilu apkopes komplekts sast\u0101v no birstes un skr\u0101pja. Piem\u0113rots visiem g\u0101zes griliem.<\/p>\n","protected":false},"featured_media":2748,"comment_status":"open","ping_status":"closed","template":"","meta":[],"pwb-brand":[133],"product_brand":[],"product_cat":[124,128,141],"product_tag":[],"class_list":{"0":"post-2747","1":"product","2":"type-product","3":"status-publish","4":"has-post-thumbnail","6":"pwb-brand-weber","7":"product_cat-gazes-grili","8":"product_cat-piederumi","9":"product_cat-tirisanas-birstes","10":"product_shipping_class-paku-skapis","12":"first","13":"onbackorder","14":"taxable","15":"shipping-taxable","16":"purchasable","17":"product-type-simple"},"brands":[{"id":133,"name":"Weber","slug":"weber"}],"_links":{"self":[{"href":"https:\/\/grillandmore.lv\/shop\/wp-json\/wp\/v2\/product\/2747","targetHints":{"allow":["GET"]}}],"collection":[{"href":"https:\/\/grillandmore.lv\/shop\/wp-json\/wp\/v2\/product"}],"about":[{"href":"https:\/\/grillandmore.lv\/shop\/wp-json\/wp\/v2\/types\/product"}],"replies":[{"embeddable":true,"href":"https:\/\/grillandmore.lv\/shop\/wp-json\/wp\/v2\/comments?post=2747"}],"version-history":[{"count":1,"href":"https:\/\/grillandmore.lv\/shop\/wp-json\/wp\/v2\/product\/2747\/revisions"}],"predecessor-version":[{"id":6549,"href":"https:\/\/grillandmore.lv\/shop\/wp-json\/wp\/v2\/product\/2747\/revisions\/6549"}],"wp:featuredmedia":[{"embeddable":true,"href":"https:\/\/grillandmore.lv\/shop\/wp-json\/wp\/v2\/media\/2748"}],"wp:attachment":[{"href":"https:\/\/grillandmore.lv\/shop\/wp-json\/wp\/v2\/media?parent=2747"}],"wp:term":[{"taxonomy":"pwb-brand","embeddable":true,"href":"https:\/\/grillandmore.lv\/shop\/wp-json\/wp\/v2\/pwb-brand?post=2747"},{"taxonomy":"product_brand","embeddable":true,"href":"https:\/\/grillandmore.lv\/shop\/wp-json\/wp\/v2\/product_brand?post=2747"},{"taxonomy":"product_cat","embeddable":true,"href":"https:\/\/grillandmore.lv\/shop\/wp-json\/wp\/v2\/product_cat?post=2747"},{"taxonomy":"product_tag","embeddable":true,"href":"https:\/\/grillandmore.lv\/shop\/wp-json\/wp\/v2\/product_tag?post=2747"}],"curies":[{"name":"wp","href":"https:\/\/api.w.org\/{rel}","templated":true}]}}