{"id":2753,"date":"2023-03-15T11:37:25","date_gmt":"2023-03-15T09:37:25","guid":{"rendered":"https:\/\/grillandmore.lv\/shop\/?post_type=product&#038;p=2753"},"modified":"2023-11-12T15:12:30","modified_gmt":"2023-11-12T13:12:30","slug":"weber-bambusa-birste-30cm","status":"publish","type":"product","link":"https:\/\/grillandmore.lv\/shop\/products\/weber-bambusa-birste-30cm\/","title":{"rendered":"Weber bambusa birste 30cm"},"content":{"rendered":"","protected":false},"excerpt":{"rendered":"<p>Birste ar ner\u016bs\u0113jo\u0161\u0101 t\u0113rauda sariem un bambusa koka rokturi. Garums 30 cm. Ieteicams izmantot kokog\u013cu grila restu t\u012br\u012b\u0161anai.<\/p>\n","protected":false},"featured_media":2754,"comment_status":"open","ping_status":"closed","template":"","meta":[],"pwb-brand":[133],"product_brand":[],"product_cat":[125,128,141],"product_tag":[],"class_list":{"0":"post-2753","1":"product","2":"type-product","3":"status-publish","4":"has-post-thumbnail","6":"pwb-brand-weber","7":"product_cat-kokoglu-grili","8":"product_cat-piederumi","9":"product_cat-tirisanas-birstes","10":"product_shipping_class-paku-skapis","12":"first","13":"onbackorder","14":"taxable","15":"shipping-taxable","16":"purchasable","17":"product-type-simple"},"brands":[{"id":133,"name":"Weber","slug":"weber"}],"_links":{"self":[{"href":"https:\/\/grillandmore.lv\/shop\/wp-json\/wp\/v2\/product\/2753","targetHints":{"allow":["GET"]}}],"collection":[{"href":"https:\/\/grillandmore.lv\/shop\/wp-json\/wp\/v2\/product"}],"about":[{"href":"https:\/\/grillandmore.lv\/shop\/wp-json\/wp\/v2\/types\/product"}],"replies":[{"embeddable":true,"href":"https:\/\/grillandmore.lv\/shop\/wp-json\/wp\/v2\/comments?post=2753"}],"version-history":[{"count":1,"href":"https:\/\/grillandmore.lv\/shop\/wp-json\/wp\/v2\/product\/2753\/revisions"}],"predecessor-version":[{"id":6546,"href":"https:\/\/grillandmore.lv\/shop\/wp-json\/wp\/v2\/product\/2753\/revisions\/6546"}],"wp:featuredmedia":[{"embeddable":true,"href":"https:\/\/grillandmore.lv\/shop\/wp-json\/wp\/v2\/media\/2754"}],"wp:attachment":[{"href":"https:\/\/grillandmore.lv\/shop\/wp-json\/wp\/v2\/media?parent=2753"}],"wp:term":[{"taxonomy":"pwb-brand","embeddable":true,"href":"https:\/\/grillandmore.lv\/shop\/wp-json\/wp\/v2\/pwb-brand?post=2753"},{"taxonomy":"product_brand","embeddable":true,"href":"https:\/\/grillandmore.lv\/shop\/wp-json\/wp\/v2\/product_brand?post=2753"},{"taxonomy":"product_cat","embeddable":true,"href":"https:\/\/grillandmore.lv\/shop\/wp-json\/wp\/v2\/product_cat?post=2753"},{"taxonomy":"product_tag","embeddable":true,"href":"https:\/\/grillandmore.lv\/shop\/wp-json\/wp\/v2\/product_tag?post=2753"}],"curies":[{"name":"wp","href":"https:\/\/api.w.org\/{rel}","templated":true}]}}