{"id":2759,"date":"2023-03-15T11:54:59","date_gmt":"2023-03-15T09:54:59","guid":{"rendered":"https:\/\/grillandmore.lv\/shop\/?post_type=product&#038;p=2759"},"modified":"2023-11-12T15:12:52","modified_gmt":"2023-11-12T13:12:52","slug":"weber-trispuseja-grila-birste-30-cm","status":"publish","type":"product","link":"https:\/\/grillandmore.lv\/shop\/products\/weber-trispuseja-grila-birste-30-cm\/","title":{"rendered":"Weber tr\u012bspus\u0113j\u0101 grila birste 30 cm"},"content":{"rendered":"","protected":false},"excerpt":{"rendered":"<p>Birste ar ner\u016bs\u0113jo\u0161\u0101 t\u0113rauda sariem. Paredz\u0113ta g\u0101zes un elektriskajiem griliem.<\/p>\n","protected":false},"featured_media":2760,"comment_status":"open","ping_status":"closed","template":"","meta":[],"pwb-brand":[133],"product_brand":[],"product_cat":[124,128,141],"product_tag":[],"class_list":{"0":"post-2759","1":"product","2":"type-product","3":"status-publish","4":"has-post-thumbnail","6":"pwb-brand-weber","7":"product_cat-gazes-grili","8":"product_cat-piederumi","9":"product_cat-tirisanas-birstes","10":"product_shipping_class-paku-skapis","12":"first","13":"onbackorder","14":"taxable","15":"shipping-taxable","16":"purchasable","17":"product-type-simple"},"brands":[{"id":133,"name":"Weber","slug":"weber"}],"_links":{"self":[{"href":"https:\/\/grillandmore.lv\/shop\/wp-json\/wp\/v2\/product\/2759","targetHints":{"allow":["GET"]}}],"collection":[{"href":"https:\/\/grillandmore.lv\/shop\/wp-json\/wp\/v2\/product"}],"about":[{"href":"https:\/\/grillandmore.lv\/shop\/wp-json\/wp\/v2\/types\/product"}],"replies":[{"embeddable":true,"href":"https:\/\/grillandmore.lv\/shop\/wp-json\/wp\/v2\/comments?post=2759"}],"version-history":[{"count":1,"href":"https:\/\/grillandmore.lv\/shop\/wp-json\/wp\/v2\/product\/2759\/revisions"}],"predecessor-version":[{"id":6543,"href":"https:\/\/grillandmore.lv\/shop\/wp-json\/wp\/v2\/product\/2759\/revisions\/6543"}],"wp:featuredmedia":[{"embeddable":true,"href":"https:\/\/grillandmore.lv\/shop\/wp-json\/wp\/v2\/media\/2760"}],"wp:attachment":[{"href":"https:\/\/grillandmore.lv\/shop\/wp-json\/wp\/v2\/media?parent=2759"}],"wp:term":[{"taxonomy":"pwb-brand","embeddable":true,"href":"https:\/\/grillandmore.lv\/shop\/wp-json\/wp\/v2\/pwb-brand?post=2759"},{"taxonomy":"product_brand","embeddable":true,"href":"https:\/\/grillandmore.lv\/shop\/wp-json\/wp\/v2\/product_brand?post=2759"},{"taxonomy":"product_cat","embeddable":true,"href":"https:\/\/grillandmore.lv\/shop\/wp-json\/wp\/v2\/product_cat?post=2759"},{"taxonomy":"product_tag","embeddable":true,"href":"https:\/\/grillandmore.lv\/shop\/wp-json\/wp\/v2\/product_tag?post=2759"}],"curies":[{"name":"wp","href":"https:\/\/api.w.org\/{rel}","templated":true}]}}