{"id":2777,"date":"2023-03-15T12:32:10","date_gmt":"2023-03-15T10:32:10","guid":{"rendered":"https:\/\/grillandmore.lv\/shop\/?post_type=product&#038;p=2777"},"modified":"2023-11-12T15:13:38","modified_gmt":"2023-11-12T13:13:38","slug":"weber-plancha-tiritajs","status":"publish","type":"product","link":"https:\/\/grillandmore.lv\/shop\/products\/weber-plancha-tiritajs\/","title":{"rendered":"Weber plancha t\u012br\u012bt\u0101js"},"content":{"rendered":"","protected":false},"excerpt":{"rendered":"<p>Ielejiet t\u012br\u012b\u0161anas l\u012bdzekli Plancha t\u012br\u012bt\u0101ja roktur\u012b un s\u0101ciet t\u012br\u012b\u0161anu uzspie\u017eot uz roktura.<\/p>\n","protected":false},"featured_media":2778,"comment_status":"open","ping_status":"closed","template":"","meta":[],"pwb-brand":[133],"product_brand":[],"product_cat":[128,142,141],"product_tag":[],"class_list":{"0":"post-2777","1":"product","2":"type-product","3":"status-publish","4":"has-post-thumbnail","6":"pwb-brand-weber","7":"product_cat-piederumi","8":"product_cat-placha","9":"product_cat-tirisanas-birstes","10":"product_shipping_class-paku-skapis","12":"first","13":"onbackorder","14":"taxable","15":"shipping-taxable","16":"purchasable","17":"product-type-simple"},"brands":[{"id":133,"name":"Weber","slug":"weber"}],"_links":{"self":[{"href":"https:\/\/grillandmore.lv\/shop\/wp-json\/wp\/v2\/product\/2777","targetHints":{"allow":["GET"]}}],"collection":[{"href":"https:\/\/grillandmore.lv\/shop\/wp-json\/wp\/v2\/product"}],"about":[{"href":"https:\/\/grillandmore.lv\/shop\/wp-json\/wp\/v2\/types\/product"}],"replies":[{"embeddable":true,"href":"https:\/\/grillandmore.lv\/shop\/wp-json\/wp\/v2\/comments?post=2777"}],"version-history":[{"count":1,"href":"https:\/\/grillandmore.lv\/shop\/wp-json\/wp\/v2\/product\/2777\/revisions"}],"predecessor-version":[{"id":6537,"href":"https:\/\/grillandmore.lv\/shop\/wp-json\/wp\/v2\/product\/2777\/revisions\/6537"}],"wp:featuredmedia":[{"embeddable":true,"href":"https:\/\/grillandmore.lv\/shop\/wp-json\/wp\/v2\/media\/2778"}],"wp:attachment":[{"href":"https:\/\/grillandmore.lv\/shop\/wp-json\/wp\/v2\/media?parent=2777"}],"wp:term":[{"taxonomy":"pwb-brand","embeddable":true,"href":"https:\/\/grillandmore.lv\/shop\/wp-json\/wp\/v2\/pwb-brand?post=2777"},{"taxonomy":"product_brand","embeddable":true,"href":"https:\/\/grillandmore.lv\/shop\/wp-json\/wp\/v2\/product_brand?post=2777"},{"taxonomy":"product_cat","embeddable":true,"href":"https:\/\/grillandmore.lv\/shop\/wp-json\/wp\/v2\/product_cat?post=2777"},{"taxonomy":"product_tag","embeddable":true,"href":"https:\/\/grillandmore.lv\/shop\/wp-json\/wp\/v2\/product_tag?post=2777"}],"curies":[{"name":"wp","href":"https:\/\/api.w.org\/{rel}","templated":true}]}}