{"id":2782,"date":"2023-03-15T17:07:16","date_gmt":"2023-03-15T15:07:16","guid":{"rendered":"https:\/\/grillandmore.lv\/shop\/?post_type=product&#038;p=2782"},"modified":"2023-11-12T15:15:43","modified_gmt":"2023-11-12T13:15:43","slug":"weber-grilu-parvalks-45cm","status":"publish","type":"product","link":"https:\/\/grillandmore.lv\/shop\/products\/weber-grilu-parvalks-45cm\/","title":{"rendered":"Weber grilu p\u0101rvalks &#8211; 45cm"},"content":{"rendered":"","protected":false},"excerpt":{"rendered":"<p>Paredz\u0113ts 47 cm kokog\u013cu griliem.<br \/>\nIzgatavots no poliestera. P\u0101rvalks apr\u012bkots ar siksnu.<\/p>\n","protected":false},"featured_media":2781,"comment_status":"open","ping_status":"closed","template":"","meta":[],"pwb-brand":[133],"product_brand":[],"product_cat":[125,143],"product_tag":[],"class_list":{"0":"post-2782","1":"product","2":"type-product","3":"status-publish","4":"has-post-thumbnail","6":"pwb-brand-weber","7":"product_cat-kokoglu-grili","8":"product_cat-parvalki","9":"product_shipping_class-paku-skapis","11":"first","12":"onbackorder","13":"taxable","14":"shipping-taxable","15":"purchasable","16":"product-type-simple"},"brands":[{"id":133,"name":"Weber","slug":"weber"}],"_links":{"self":[{"href":"https:\/\/grillandmore.lv\/shop\/wp-json\/wp\/v2\/product\/2782","targetHints":{"allow":["GET"]}}],"collection":[{"href":"https:\/\/grillandmore.lv\/shop\/wp-json\/wp\/v2\/product"}],"about":[{"href":"https:\/\/grillandmore.lv\/shop\/wp-json\/wp\/v2\/types\/product"}],"replies":[{"embeddable":true,"href":"https:\/\/grillandmore.lv\/shop\/wp-json\/wp\/v2\/comments?post=2782"}],"version-history":[{"count":1,"href":"https:\/\/grillandmore.lv\/shop\/wp-json\/wp\/v2\/product\/2782\/revisions"}],"predecessor-version":[{"id":6535,"href":"https:\/\/grillandmore.lv\/shop\/wp-json\/wp\/v2\/product\/2782\/revisions\/6535"}],"wp:featuredmedia":[{"embeddable":true,"href":"https:\/\/grillandmore.lv\/shop\/wp-json\/wp\/v2\/media\/2781"}],"wp:attachment":[{"href":"https:\/\/grillandmore.lv\/shop\/wp-json\/wp\/v2\/media?parent=2782"}],"wp:term":[{"taxonomy":"pwb-brand","embeddable":true,"href":"https:\/\/grillandmore.lv\/shop\/wp-json\/wp\/v2\/pwb-brand?post=2782"},{"taxonomy":"product_brand","embeddable":true,"href":"https:\/\/grillandmore.lv\/shop\/wp-json\/wp\/v2\/product_brand?post=2782"},{"taxonomy":"product_cat","embeddable":true,"href":"https:\/\/grillandmore.lv\/shop\/wp-json\/wp\/v2\/product_cat?post=2782"},{"taxonomy":"product_tag","embeddable":true,"href":"https:\/\/grillandmore.lv\/shop\/wp-json\/wp\/v2\/product_tag?post=2782"}],"curies":[{"name":"wp","href":"https:\/\/api.w.org\/{rel}","templated":true}]}}