{"id":2786,"date":"2023-03-15T17:18:08","date_gmt":"2023-03-15T15:18:08","guid":{"rendered":"https:\/\/grillandmore.lv\/shop\/?post_type=product&#038;p=2786"},"modified":"2023-11-12T15:15:57","modified_gmt":"2023-11-12T13:15:57","slug":"weber-granulas-abele-9kg","status":"publish","type":"product","link":"https:\/\/grillandmore.lv\/shop\/products\/weber-granulas-abele-9kg\/","title":{"rendered":"Weber granulas &#8211; \u0101bele \/ 9kg"},"content":{"rendered":"","protected":false},"excerpt":{"rendered":"<p>\u0100beles koksnes granulas.<\/p>\n<p>\u2022 Maiga: arom\u0101tiska un salda d\u016bmu gar\u0161a.<br \/>\n\u2022 Labi sader ar: m\u0101jputnu ga\u013cu, c\u016bkga\u013cu, d\u0101rze\u0146iem, konditorejas izstr\u0101d\u0101jumiem un picu.<br \/>\n\u2022 Maiss: 9kg<\/p>\n","protected":false},"featured_media":2785,"comment_status":"open","ping_status":"closed","template":"","meta":[],"pwb-brand":[133],"product_brand":[],"product_cat":[130,127],"product_tag":[],"class_list":{"0":"post-2786","1":"product","2":"type-product","3":"status-publish","4":"has-post-thumbnail","6":"pwb-brand-weber","7":"product_cat-granulas","8":"product_cat-granulu-grili","9":"product_shipping_class-paku-skapis","11":"first","12":"onbackorder","13":"taxable","14":"shipping-taxable","15":"purchasable","16":"product-type-simple"},"brands":[{"id":133,"name":"Weber","slug":"weber"}],"_links":{"self":[{"href":"https:\/\/grillandmore.lv\/shop\/wp-json\/wp\/v2\/product\/2786","targetHints":{"allow":["GET"]}}],"collection":[{"href":"https:\/\/grillandmore.lv\/shop\/wp-json\/wp\/v2\/product"}],"about":[{"href":"https:\/\/grillandmore.lv\/shop\/wp-json\/wp\/v2\/types\/product"}],"replies":[{"embeddable":true,"href":"https:\/\/grillandmore.lv\/shop\/wp-json\/wp\/v2\/comments?post=2786"}],"version-history":[{"count":1,"href":"https:\/\/grillandmore.lv\/shop\/wp-json\/wp\/v2\/product\/2786\/revisions"}],"predecessor-version":[{"id":6533,"href":"https:\/\/grillandmore.lv\/shop\/wp-json\/wp\/v2\/product\/2786\/revisions\/6533"}],"wp:featuredmedia":[{"embeddable":true,"href":"https:\/\/grillandmore.lv\/shop\/wp-json\/wp\/v2\/media\/2785"}],"wp:attachment":[{"href":"https:\/\/grillandmore.lv\/shop\/wp-json\/wp\/v2\/media?parent=2786"}],"wp:term":[{"taxonomy":"pwb-brand","embeddable":true,"href":"https:\/\/grillandmore.lv\/shop\/wp-json\/wp\/v2\/pwb-brand?post=2786"},{"taxonomy":"product_brand","embeddable":true,"href":"https:\/\/grillandmore.lv\/shop\/wp-json\/wp\/v2\/product_brand?post=2786"},{"taxonomy":"product_cat","embeddable":true,"href":"https:\/\/grillandmore.lv\/shop\/wp-json\/wp\/v2\/product_cat?post=2786"},{"taxonomy":"product_tag","embeddable":true,"href":"https:\/\/grillandmore.lv\/shop\/wp-json\/wp\/v2\/product_tag?post=2786"}],"curies":[{"name":"wp","href":"https:\/\/api.w.org\/{rel}","templated":true}]}}