{"id":2787,"date":"2023-03-15T17:22:33","date_gmt":"2023-03-15T15:22:33","guid":{"rendered":"https:\/\/grillandmore.lv\/shop\/?post_type=product&#038;p=2787"},"modified":"2023-11-12T15:16:03","modified_gmt":"2023-11-12T13:16:03","slug":"weber-granulas-hickory-9kg","status":"publish","type":"product","link":"https:\/\/grillandmore.lv\/shop\/products\/weber-granulas-hickory-9kg\/","title":{"rendered":"Weber granulas &#8211; hickory \/ 9kg"},"content":{"rendered":"<p>Hickory koksnes granulas.<\/p>\n<p>\u2022 M\u0113rens: trekns, d\u016bmakains, bekonam l\u012bdz\u012bgs arom\u0101ts.<br \/>\n\u2022 Labi sader ar: liellopu ga\u013cu, m\u0101jputnu ga\u013cu, c\u016bkga\u013cu, j\u0113ra ga\u013cu, med\u012bjumu ga\u013cu un d\u0101rze\u0146iem.<br \/>\n\u2022 Maiss: 9 kg<\/p>\n","protected":false},"excerpt":{"rendered":"<p>Hickory koksnes granulas. \u2022 M\u0113rens: trekns, d\u016bmakains, bekonam l\u012bdz\u012bgs arom\u0101ts. \u2022 Labi sader ar: liellopu ga\u013cu, m\u0101jputnu ga\u013cu, c\u016bkga\u013cu, j\u0113ra ga\u013cu, med\u012bjumu ga\u013cu un d\u0101rze\u0146iem. \u2022 Maiss: 9 kg<\/p>\n","protected":false},"featured_media":2788,"comment_status":"open","ping_status":"closed","template":"","meta":[],"pwb-brand":[133],"product_brand":[],"product_cat":[130,127],"product_tag":[],"class_list":{"0":"post-2787","1":"product","2":"type-product","3":"status-publish","4":"has-post-thumbnail","6":"pwb-brand-weber","7":"product_cat-granulas","8":"product_cat-granulu-grili","9":"product_shipping_class-paku-skapis","11":"first","12":"onbackorder","13":"taxable","14":"shipping-taxable","15":"purchasable","16":"product-type-simple"},"brands":[{"id":133,"name":"Weber","slug":"weber"}],"_links":{"self":[{"href":"https:\/\/grillandmore.lv\/shop\/wp-json\/wp\/v2\/product\/2787","targetHints":{"allow":["GET"]}}],"collection":[{"href":"https:\/\/grillandmore.lv\/shop\/wp-json\/wp\/v2\/product"}],"about":[{"href":"https:\/\/grillandmore.lv\/shop\/wp-json\/wp\/v2\/types\/product"}],"replies":[{"embeddable":true,"href":"https:\/\/grillandmore.lv\/shop\/wp-json\/wp\/v2\/comments?post=2787"}],"version-history":[{"count":1,"href":"https:\/\/grillandmore.lv\/shop\/wp-json\/wp\/v2\/product\/2787\/revisions"}],"predecessor-version":[{"id":6532,"href":"https:\/\/grillandmore.lv\/shop\/wp-json\/wp\/v2\/product\/2787\/revisions\/6532"}],"wp:featuredmedia":[{"embeddable":true,"href":"https:\/\/grillandmore.lv\/shop\/wp-json\/wp\/v2\/media\/2788"}],"wp:attachment":[{"href":"https:\/\/grillandmore.lv\/shop\/wp-json\/wp\/v2\/media?parent=2787"}],"wp:term":[{"taxonomy":"pwb-brand","embeddable":true,"href":"https:\/\/grillandmore.lv\/shop\/wp-json\/wp\/v2\/pwb-brand?post=2787"},{"taxonomy":"product_brand","embeddable":true,"href":"https:\/\/grillandmore.lv\/shop\/wp-json\/wp\/v2\/product_brand?post=2787"},{"taxonomy":"product_cat","embeddable":true,"href":"https:\/\/grillandmore.lv\/shop\/wp-json\/wp\/v2\/product_cat?post=2787"},{"taxonomy":"product_tag","embeddable":true,"href":"https:\/\/grillandmore.lv\/shop\/wp-json\/wp\/v2\/product_tag?post=2787"}],"curies":[{"name":"wp","href":"https:\/\/api.w.org\/{rel}","templated":true}]}}