{"id":2789,"date":"2023-03-15T17:31:59","date_gmt":"2023-03-15T15:31:59","guid":{"rendered":"https:\/\/grillandmore.lv\/shop\/?post_type=product&#038;p=2789"},"modified":"2023-11-12T15:16:10","modified_gmt":"2023-11-12T13:16:10","slug":"weber-granulas-grill-academy-9kg","status":"publish","type":"product","link":"https:\/\/grillandmore.lv\/shop\/products\/weber-granulas-grill-academy-9kg\/","title":{"rendered":"Weber granulas &#8211; grill academy \/ 9kg"},"content":{"rendered":"","protected":false},"excerpt":{"rendered":"<p>K\u013cavas, hickory un \u0137ir\u0161a koksnes granulu mais\u012bjums.<\/p>\n<p>\u2022 Maiss: 9kg<\/p>\n","protected":false},"featured_media":2790,"comment_status":"open","ping_status":"closed","template":"","meta":[],"pwb-brand":[133],"product_brand":[],"product_cat":[130,127],"product_tag":[],"class_list":{"0":"post-2789","1":"product","2":"type-product","3":"status-publish","4":"has-post-thumbnail","6":"pwb-brand-weber","7":"product_cat-granulas","8":"product_cat-granulu-grili","9":"product_shipping_class-paku-skapis","11":"first","12":"onbackorder","13":"taxable","14":"shipping-taxable","15":"purchasable","16":"product-type-simple"},"brands":[{"id":133,"name":"Weber","slug":"weber"}],"_links":{"self":[{"href":"https:\/\/grillandmore.lv\/shop\/wp-json\/wp\/v2\/product\/2789","targetHints":{"allow":["GET"]}}],"collection":[{"href":"https:\/\/grillandmore.lv\/shop\/wp-json\/wp\/v2\/product"}],"about":[{"href":"https:\/\/grillandmore.lv\/shop\/wp-json\/wp\/v2\/types\/product"}],"replies":[{"embeddable":true,"href":"https:\/\/grillandmore.lv\/shop\/wp-json\/wp\/v2\/comments?post=2789"}],"version-history":[{"count":1,"href":"https:\/\/grillandmore.lv\/shop\/wp-json\/wp\/v2\/product\/2789\/revisions"}],"predecessor-version":[{"id":6531,"href":"https:\/\/grillandmore.lv\/shop\/wp-json\/wp\/v2\/product\/2789\/revisions\/6531"}],"wp:featuredmedia":[{"embeddable":true,"href":"https:\/\/grillandmore.lv\/shop\/wp-json\/wp\/v2\/media\/2790"}],"wp:attachment":[{"href":"https:\/\/grillandmore.lv\/shop\/wp-json\/wp\/v2\/media?parent=2789"}],"wp:term":[{"taxonomy":"pwb-brand","embeddable":true,"href":"https:\/\/grillandmore.lv\/shop\/wp-json\/wp\/v2\/pwb-brand?post=2789"},{"taxonomy":"product_brand","embeddable":true,"href":"https:\/\/grillandmore.lv\/shop\/wp-json\/wp\/v2\/product_brand?post=2789"},{"taxonomy":"product_cat","embeddable":true,"href":"https:\/\/grillandmore.lv\/shop\/wp-json\/wp\/v2\/product_cat?post=2789"},{"taxonomy":"product_tag","embeddable":true,"href":"https:\/\/grillandmore.lv\/shop\/wp-json\/wp\/v2\/product_tag?post=2789"}],"curies":[{"name":"wp","href":"https:\/\/api.w.org\/{rel}","templated":true}]}}