{"id":2799,"date":"2023-03-15T17:58:16","date_gmt":"2023-03-15T15:58:16","guid":{"rendered":"https:\/\/grillandmore.lv\/shop\/?post_type=product&#038;p=2799"},"modified":"2023-11-12T15:17:33","modified_gmt":"2023-11-12T13:17:33","slug":"2799","status":"publish","type":"product","link":"https:\/\/grillandmore.lv\/shop\/products\/2799\/","title":{"rendered":"Weber granulas &#8211; alksnis \/ 9kg"},"content":{"rendered":"<p>\u2022 40% alksnis, 60% di\u017esk\u0101bardis, 0% pildvielas (attiec\u012bba apr\u0113\u0137in\u0101ta p\u0113c svara)<br \/>\n\u2022 Oglek\u013ca neitr\u0101ls (lai ieg\u016btu pla\u0161\u0101ku inform\u0101ciju, apmekl\u0113jiet www.carbontrust.com)<br \/>\n\u2022 Izgatavots Eiropas Savien\u012bb\u0101 no atbild\u012bgi ieg\u016btas, FSC\u00ae sertific\u0113tas koksnes (FSC\u00ae 100%)<br \/>\n\u2022 Intensit\u0101te: vid\u0113ja<br \/>\n\u2022 Vislab\u0101k ziv\u012bm<br \/>\n\u2022 Labi sader ar\u012b ar: m\u0101jputnu ga\u013cu, j\u016bras velt\u0113m un d\u0101rze\u0146iem<br \/>\n\u2022 8\u00a0KG, viegli ieliejama kaste<\/p>\n","protected":false},"excerpt":{"rendered":"<p>SmokeFire cietkoksnes granulas ir p\u0101rdom\u0101ti izstr\u0101d\u0101tas, lai nodro\u0161in\u0101tu vislab\u0101k\u0101s gar\u0161as BBQ. Izstr\u0101d\u0101ts, lai uzlabotu j\u016bsu \u0113diena gar\u0161u bez pildviel\u0101m, tikai autentiska malkas gar\u0161a.<\/p>\n","protected":false},"featured_media":2800,"comment_status":"open","ping_status":"closed","template":"","meta":[],"pwb-brand":[133],"product_brand":[],"product_cat":[130,127],"product_tag":[],"class_list":{"0":"post-2799","1":"product","2":"type-product","3":"status-publish","4":"has-post-thumbnail","6":"pwb-brand-weber","7":"product_cat-granulas","8":"product_cat-granulu-grili","9":"product_shipping_class-paku-skapis","11":"first","12":"onbackorder","13":"taxable","14":"shipping-taxable","15":"purchasable","16":"product-type-simple"},"brands":[{"id":133,"name":"Weber","slug":"weber"}],"_links":{"self":[{"href":"https:\/\/grillandmore.lv\/shop\/wp-json\/wp\/v2\/product\/2799","targetHints":{"allow":["GET"]}}],"collection":[{"href":"https:\/\/grillandmore.lv\/shop\/wp-json\/wp\/v2\/product"}],"about":[{"href":"https:\/\/grillandmore.lv\/shop\/wp-json\/wp\/v2\/types\/product"}],"replies":[{"embeddable":true,"href":"https:\/\/grillandmore.lv\/shop\/wp-json\/wp\/v2\/comments?post=2799"}],"version-history":[{"count":1,"href":"https:\/\/grillandmore.lv\/shop\/wp-json\/wp\/v2\/product\/2799\/revisions"}],"predecessor-version":[{"id":6526,"href":"https:\/\/grillandmore.lv\/shop\/wp-json\/wp\/v2\/product\/2799\/revisions\/6526"}],"wp:featuredmedia":[{"embeddable":true,"href":"https:\/\/grillandmore.lv\/shop\/wp-json\/wp\/v2\/media\/2800"}],"wp:attachment":[{"href":"https:\/\/grillandmore.lv\/shop\/wp-json\/wp\/v2\/media?parent=2799"}],"wp:term":[{"taxonomy":"pwb-brand","embeddable":true,"href":"https:\/\/grillandmore.lv\/shop\/wp-json\/wp\/v2\/pwb-brand?post=2799"},{"taxonomy":"product_brand","embeddable":true,"href":"https:\/\/grillandmore.lv\/shop\/wp-json\/wp\/v2\/product_brand?post=2799"},{"taxonomy":"product_cat","embeddable":true,"href":"https:\/\/grillandmore.lv\/shop\/wp-json\/wp\/v2\/product_cat?post=2799"},{"taxonomy":"product_tag","embeddable":true,"href":"https:\/\/grillandmore.lv\/shop\/wp-json\/wp\/v2\/product_tag?post=2799"}],"curies":[{"name":"wp","href":"https:\/\/api.w.org\/{rel}","templated":true}]}}