{"id":2803,"date":"2023-03-15T18:05:29","date_gmt":"2023-03-15T16:05:29","guid":{"rendered":"https:\/\/grillandmore.lv\/shop\/?post_type=product&#038;p=2803"},"modified":"2023-11-12T15:17:46","modified_gmt":"2023-11-12T13:17:46","slug":"granulu-uzglabasanas-soma","status":"publish","type":"product","link":"https:\/\/grillandmore.lv\/shop\/products\/granulu-uzglabasanas-soma\/","title":{"rendered":"Granulu uzglab\u0101\u0161anas soma"},"content":{"rendered":"<p>\u2022 Laikapst\u0101k\u013ciem iztur\u012bgs materi\u0101ls, kas paredz\u0113ts, lai granulas b\u016btu sausas un gatavas gril\u0113\u0161anai<br \/>\n\u2022 Ietilpst l\u012bdz 9 kg kokskaidu granulu vai kokogles<br \/>\n\u2022 Izstr\u0101d\u0101ts ar logu da\u017e\u0101du degvielu mar\u0137\u0113\u0161anai<br \/>\n\u2022 Paredz\u0113ts \u0113rtai uzglab\u0101\u0161anai un gril\u0113\u0161anai, atrodoties ce\u013c\u0101<br \/>\n\u2022 Soma salok\u0101s plakani, kad to nelieto<br \/>\n\u2022 Unik\u0101ls apak\u0161\u0113jais rokturis nodro\u0161ina vislab\u0101ko satv\u0113rienu, lai atvieglotu ielie\u0161anu<\/p>\n","protected":false},"excerpt":{"rendered":"<p style=\"text-align: justify;\">Laikapst\u0101k\u013ciem iztur\u012bgais degvielas uzglab\u0101\u0161anas maisi\u0146\u0161 saglab\u0101 j\u016bsu koksnes granulas vai ogles sausas un gatavu gril\u0113\u0161anai! T\u0101 iztur\u012bgais dizains satur l\u012bdz pat 9 kg degvielas, un tam ir rokturis \u0113rtai p\u0101rn\u0113s\u0101\u0161anai. Kad tas netiek lietots, tas salok\u0101s, lai to b\u016btu viegli uzglab\u0101t.<\/p>\n","protected":false},"featured_media":2804,"comment_status":"open","ping_status":"closed","template":"","meta":[],"pwb-brand":[133],"product_brand":[],"product_cat":[130,127],"product_tag":[],"class_list":{"0":"post-2803","1":"product","2":"type-product","3":"status-publish","4":"has-post-thumbnail","6":"pwb-brand-weber","7":"product_cat-granulas","8":"product_cat-granulu-grili","9":"product_shipping_class-paku-skapis","11":"first","12":"onbackorder","13":"taxable","14":"shipping-taxable","15":"purchasable","16":"product-type-simple"},"brands":[{"id":133,"name":"Weber","slug":"weber"}],"_links":{"self":[{"href":"https:\/\/grillandmore.lv\/shop\/wp-json\/wp\/v2\/product\/2803","targetHints":{"allow":["GET"]}}],"collection":[{"href":"https:\/\/grillandmore.lv\/shop\/wp-json\/wp\/v2\/product"}],"about":[{"href":"https:\/\/grillandmore.lv\/shop\/wp-json\/wp\/v2\/types\/product"}],"replies":[{"embeddable":true,"href":"https:\/\/grillandmore.lv\/shop\/wp-json\/wp\/v2\/comments?post=2803"}],"version-history":[{"count":1,"href":"https:\/\/grillandmore.lv\/shop\/wp-json\/wp\/v2\/product\/2803\/revisions"}],"predecessor-version":[{"id":6524,"href":"https:\/\/grillandmore.lv\/shop\/wp-json\/wp\/v2\/product\/2803\/revisions\/6524"}],"wp:featuredmedia":[{"embeddable":true,"href":"https:\/\/grillandmore.lv\/shop\/wp-json\/wp\/v2\/media\/2804"}],"wp:attachment":[{"href":"https:\/\/grillandmore.lv\/shop\/wp-json\/wp\/v2\/media?parent=2803"}],"wp:term":[{"taxonomy":"pwb-brand","embeddable":true,"href":"https:\/\/grillandmore.lv\/shop\/wp-json\/wp\/v2\/pwb-brand?post=2803"},{"taxonomy":"product_brand","embeddable":true,"href":"https:\/\/grillandmore.lv\/shop\/wp-json\/wp\/v2\/product_brand?post=2803"},{"taxonomy":"product_cat","embeddable":true,"href":"https:\/\/grillandmore.lv\/shop\/wp-json\/wp\/v2\/product_cat?post=2803"},{"taxonomy":"product_tag","embeddable":true,"href":"https:\/\/grillandmore.lv\/shop\/wp-json\/wp\/v2\/product_tag?post=2803"}],"curies":[{"name":"wp","href":"https:\/\/api.w.org\/{rel}","templated":true}]}}