{"id":2807,"date":"2023-03-15T18:17:13","date_gmt":"2023-03-15T16:17:13","guid":{"rendered":"https:\/\/grillandmore.lv\/shop\/?post_type=product&#038;p=2807"},"modified":"2023-11-12T15:17:51","modified_gmt":"2023-11-12T13:17:51","slug":"weber-griesanas-delitis","status":"publish","type":"product","link":"https:\/\/grillandmore.lv\/shop\/products\/weber-griesanas-delitis\/","title":{"rendered":"Weber grie\u0161anas d\u0113l\u012btis"},"content":{"rendered":"<p>\u2022 Piem\u0113rots SmokeFire EX4\/EX6\/EPX4\/EPX6 granulu griliem, k\u0101 ar\u012b daudziem g\u0101zes griliem<br \/>\n\u2022 Rievu malas uztver ga\u013cas sulu<br \/>\n\u2022 Ide\u0101ls izm\u0113rs sagatavo\u0161anai un pasnieg\u0161anai uz Weber Barbecue s\u0101nu galda<br \/>\n\u2022 Nazim draudz\u012bgs un mazg\u0101jams trauku mazg\u0101jamaj\u0101 ma\u0161\u012bn\u0101 vieglai t\u012br\u012b\u0161anai<br \/>\n\u2022 Piem\u0113rots un uzglab\u0101jams SmokeFire s\u0101nu galda piederum\u0101<\/p>\n","protected":false},"excerpt":{"rendered":"<p>Grie\u0161anas d\u0113\u013ca rievotais dizains uztver ga\u013cas sulu. Tas ir ide\u0101ls izm\u0113rs, lai pagatavotu un pasniegtu uz Weber grilu s\u0101nu galda.<\/p>\n","protected":false},"featured_media":2805,"comment_status":"open","ping_status":"closed","template":"","meta":[],"pwb-brand":[],"product_brand":[],"product_cat":[127,144,128],"product_tag":[],"class_list":{"0":"post-2807","1":"product","2":"type-product","3":"status-publish","4":"has-post-thumbnail","6":"product_cat-granulu-grili","7":"product_cat-delisi","8":"product_cat-piederumi","9":"product_shipping_class-paku-skapis","11":"first","12":"onbackorder","13":"taxable","14":"shipping-taxable","15":"purchasable","16":"product-type-simple"},"brands":[],"_links":{"self":[{"href":"https:\/\/grillandmore.lv\/shop\/wp-json\/wp\/v2\/product\/2807","targetHints":{"allow":["GET"]}}],"collection":[{"href":"https:\/\/grillandmore.lv\/shop\/wp-json\/wp\/v2\/product"}],"about":[{"href":"https:\/\/grillandmore.lv\/shop\/wp-json\/wp\/v2\/types\/product"}],"replies":[{"embeddable":true,"href":"https:\/\/grillandmore.lv\/shop\/wp-json\/wp\/v2\/comments?post=2807"}],"version-history":[{"count":1,"href":"https:\/\/grillandmore.lv\/shop\/wp-json\/wp\/v2\/product\/2807\/revisions"}],"predecessor-version":[{"id":6523,"href":"https:\/\/grillandmore.lv\/shop\/wp-json\/wp\/v2\/product\/2807\/revisions\/6523"}],"wp:featuredmedia":[{"embeddable":true,"href":"https:\/\/grillandmore.lv\/shop\/wp-json\/wp\/v2\/media\/2805"}],"wp:attachment":[{"href":"https:\/\/grillandmore.lv\/shop\/wp-json\/wp\/v2\/media?parent=2807"}],"wp:term":[{"taxonomy":"pwb-brand","embeddable":true,"href":"https:\/\/grillandmore.lv\/shop\/wp-json\/wp\/v2\/pwb-brand?post=2807"},{"taxonomy":"product_brand","embeddable":true,"href":"https:\/\/grillandmore.lv\/shop\/wp-json\/wp\/v2\/product_brand?post=2807"},{"taxonomy":"product_cat","embeddable":true,"href":"https:\/\/grillandmore.lv\/shop\/wp-json\/wp\/v2\/product_cat?post=2807"},{"taxonomy":"product_tag","embeddable":true,"href":"https:\/\/grillandmore.lv\/shop\/wp-json\/wp\/v2\/product_tag?post=2807"}],"curies":[{"name":"wp","href":"https:\/\/api.w.org\/{rel}","templated":true}]}}