{"id":2814,"date":"2023-03-15T18:40:28","date_gmt":"2023-03-15T16:40:28","guid":{"rendered":"https:\/\/grillandmore.lv\/shop\/?post_type=product&#038;p=2814"},"modified":"2023-11-12T15:18:04","modified_gmt":"2023-11-12T13:18:04","slug":"weber-grilesanas-plaukts-2","status":"publish","type":"product","link":"https:\/\/grillandmore.lv\/shop\/products\/weber-grilesanas-plaukts-2\/","title":{"rendered":"Weber gril\u0113\u0161anas plaukts"},"content":{"rendered":"<p>\u0100rpus kartona Izm\u0113ri<br \/>\n1,5\u00a0cm A x 23,5\u00a0cm W x 37\u00a0cm D<\/p>\n<p>Atsevi\u0161\u0137u kartona k\u0101rbu izm\u0113ri<br \/>\n1,4\u00a0cm A x 24\u00a0cm P x 37\u00a0cm A<\/p>\n<p>Materi\u0101ls: ner\u016bs\u0113jo\u0161ais t\u0113rauds<\/p>\n<p>Kop\u0161ana: var mazg\u0101t trauku mazg\u0101jam\u0101 ma\u0161\u012bn\u0101<\/p>\n<p>Sader\u012bba: Weber\u00ae Q 200\/2000\/300\/3000 s\u0113rijas griliem<\/p>\n<p>Iesp\u0113jas<\/p>\n<p>Pace\u013c priek\u0161metus no \u010duguna re\u017e\u0123a ilg\u0101kam cep\u0161anai<\/p>\n<p>Lai ieg\u016btu lab\u0101kos rezult\u0101tus, izmantojiet kop\u0101 ar lielajiem Weber\u00ae grauzd\u0113\u0161anas vairogiem (6562)<\/p>\n","protected":false},"excerpt":{"rendered":"<p>Gril\u0113\u0161anas plaukts.<\/p>\n","protected":false},"featured_media":2812,"comment_status":"open","ping_status":"closed","template":"","meta":[],"pwb-brand":[133],"product_brand":[],"product_cat":[128,145],"product_tag":[],"class_list":{"0":"post-2814","1":"product","2":"type-product","3":"status-publish","4":"has-post-thumbnail","6":"pwb-brand-weber","7":"product_cat-piederumi","8":"product_cat-plaukti-un-grozi","9":"product_shipping_class-paku-skapis","11":"first","12":"onbackorder","13":"taxable","14":"shipping-taxable","15":"purchasable","16":"product-type-simple"},"brands":[{"id":133,"name":"Weber","slug":"weber"}],"_links":{"self":[{"href":"https:\/\/grillandmore.lv\/shop\/wp-json\/wp\/v2\/product\/2814","targetHints":{"allow":["GET"]}}],"collection":[{"href":"https:\/\/grillandmore.lv\/shop\/wp-json\/wp\/v2\/product"}],"about":[{"href":"https:\/\/grillandmore.lv\/shop\/wp-json\/wp\/v2\/types\/product"}],"replies":[{"embeddable":true,"href":"https:\/\/grillandmore.lv\/shop\/wp-json\/wp\/v2\/comments?post=2814"}],"version-history":[{"count":1,"href":"https:\/\/grillandmore.lv\/shop\/wp-json\/wp\/v2\/product\/2814\/revisions"}],"predecessor-version":[{"id":6521,"href":"https:\/\/grillandmore.lv\/shop\/wp-json\/wp\/v2\/product\/2814\/revisions\/6521"}],"wp:featuredmedia":[{"embeddable":true,"href":"https:\/\/grillandmore.lv\/shop\/wp-json\/wp\/v2\/media\/2812"}],"wp:attachment":[{"href":"https:\/\/grillandmore.lv\/shop\/wp-json\/wp\/v2\/media?parent=2814"}],"wp:term":[{"taxonomy":"pwb-brand","embeddable":true,"href":"https:\/\/grillandmore.lv\/shop\/wp-json\/wp\/v2\/pwb-brand?post=2814"},{"taxonomy":"product_brand","embeddable":true,"href":"https:\/\/grillandmore.lv\/shop\/wp-json\/wp\/v2\/product_brand?post=2814"},{"taxonomy":"product_cat","embeddable":true,"href":"https:\/\/grillandmore.lv\/shop\/wp-json\/wp\/v2\/product_cat?post=2814"},{"taxonomy":"product_tag","embeddable":true,"href":"https:\/\/grillandmore.lv\/shop\/wp-json\/wp\/v2\/product_tag?post=2814"}],"curies":[{"name":"wp","href":"https:\/\/api.w.org\/{rel}","templated":true}]}}