{"id":2815,"date":"2023-03-15T18:52:34","date_gmt":"2023-03-15T16:52:34","guid":{"rendered":"https:\/\/grillandmore.lv\/shop\/?post_type=product&#038;p=2815"},"modified":"2023-11-12T15:18:10","modified_gmt":"2023-11-12T13:18:10","slug":"weber-gazes-balons","status":"publish","type":"product","link":"https:\/\/grillandmore.lv\/shop\/products\/weber-gazes-balons\/","title":{"rendered":"Weber g\u0101zes balons"},"content":{"rendered":"<p>Der Q 100\/1000 s\u0113rija, Performer Deluxe kokog\u013cu grilam, Traveller, Go-Anywhere g\u0101zes grilam un Summit\u00ae Charcoal s\u0113rija<br \/>\nSvars: 445 g<br \/>\nVienreiz\u0113j\u0101s lieto\u0161anas but\u0101na\/prop\u0101na g\u0101zes baloni\u0146\u0161<\/p>\n","protected":false},"excerpt":{"rendered":"<p>Paredz\u0113ts Q 100\/1000, Performer Deluxe, Traveller, Go-Anywhere g\u0101zei un Summit\u00ae Charcoal<\/p>\n","protected":false},"featured_media":2816,"comment_status":"open","ping_status":"closed","template":"","meta":[],"pwb-brand":[133],"product_brand":[],"product_cat":[124,131],"product_tag":[],"class_list":{"0":"post-2815","1":"product","2":"type-product","3":"status-publish","4":"has-post-thumbnail","6":"pwb-brand-weber","7":"product_cat-gazes-grili","8":"product_cat-gazes-un-piederumi","9":"product_shipping_class-paku-skapis","11":"first","12":"onbackorder","13":"taxable","14":"shipping-taxable","15":"purchasable","16":"product-type-simple"},"brands":[{"id":133,"name":"Weber","slug":"weber"}],"_links":{"self":[{"href":"https:\/\/grillandmore.lv\/shop\/wp-json\/wp\/v2\/product\/2815","targetHints":{"allow":["GET"]}}],"collection":[{"href":"https:\/\/grillandmore.lv\/shop\/wp-json\/wp\/v2\/product"}],"about":[{"href":"https:\/\/grillandmore.lv\/shop\/wp-json\/wp\/v2\/types\/product"}],"replies":[{"embeddable":true,"href":"https:\/\/grillandmore.lv\/shop\/wp-json\/wp\/v2\/comments?post=2815"}],"version-history":[{"count":1,"href":"https:\/\/grillandmore.lv\/shop\/wp-json\/wp\/v2\/product\/2815\/revisions"}],"predecessor-version":[{"id":6520,"href":"https:\/\/grillandmore.lv\/shop\/wp-json\/wp\/v2\/product\/2815\/revisions\/6520"}],"wp:featuredmedia":[{"embeddable":true,"href":"https:\/\/grillandmore.lv\/shop\/wp-json\/wp\/v2\/media\/2816"}],"wp:attachment":[{"href":"https:\/\/grillandmore.lv\/shop\/wp-json\/wp\/v2\/media?parent=2815"}],"wp:term":[{"taxonomy":"pwb-brand","embeddable":true,"href":"https:\/\/grillandmore.lv\/shop\/wp-json\/wp\/v2\/pwb-brand?post=2815"},{"taxonomy":"product_brand","embeddable":true,"href":"https:\/\/grillandmore.lv\/shop\/wp-json\/wp\/v2\/product_brand?post=2815"},{"taxonomy":"product_cat","embeddable":true,"href":"https:\/\/grillandmore.lv\/shop\/wp-json\/wp\/v2\/product_cat?post=2815"},{"taxonomy":"product_tag","embeddable":true,"href":"https:\/\/grillandmore.lv\/shop\/wp-json\/wp\/v2\/product_tag?post=2815"}],"curies":[{"name":"wp","href":"https:\/\/api.w.org\/{rel}","templated":true}]}}