{"id":2819,"date":"2023-03-15T19:06:13","date_gmt":"2023-03-15T17:06:13","guid":{"rendered":"https:\/\/grillandmore.lv\/shop\/?post_type=product&#038;p=2819"},"modified":"2023-11-12T15:18:16","modified_gmt":"2023-11-12T13:18:16","slug":"weber-griesanas-delitis-2","status":"publish","type":"product","link":"https:\/\/grillandmore.lv\/shop\/products\/weber-griesanas-delitis-2\/","title":{"rendered":"Weber grie\u0161anas d\u0113l\u012btis"},"content":{"rendered":"<p>\u2022 No\u0146emama sav\u0101k\u0161anas tvertne sav\u0101c p\u0101rtikas paliekas<br \/>\n\u2022 Der uz vair\u0101kiem grila s\u0101nu galdi\u0146iem vai pie j\u016bsu virtuves galda<br \/>\n\u2022 Sulas rieva nov\u0113r\u0161 iz\u0161\u013cakst\u012b\u0161anos<br \/>\n\u2022 Mazg\u0101t tikai ar rok\u0101m<\/p>\n","protected":false},"excerpt":{"rendered":"<p style=\"text-align: justify;\">Viegli pagatavojiet burgerus, sagrieziet d\u0101rze\u0146us vai pagatavojiet steikus sav\u0101 gril\u0101. Weber grie\u0161anas d\u0113lis ar tvertni ir lieliski piem\u0113rots s\u0101nu galdiem, nodro\u0161inot \u0113rtu sagatavo\u0161an\u0101s vietu ar maz\u0101ku nek\u0101rt\u012bbu. Integr\u0113t\u0101 rieva nov\u0113r\u0161 iz\u0161\u013cakst\u012b\u0161anos un no\u0146emamu sav\u0101c\u0113ju, kas sav\u0101c sasmalcin\u0101tas sast\u0101vda\u013cas vai p\u0101rtikas atliekas.<\/p>\n","protected":false},"featured_media":2820,"comment_status":"open","ping_status":"closed","template":"","meta":[],"pwb-brand":[133],"product_brand":[],"product_cat":[144,128],"product_tag":[],"class_list":{"0":"post-2819","1":"product","2":"type-product","3":"status-publish","4":"has-post-thumbnail","6":"pwb-brand-weber","7":"product_cat-delisi","8":"product_cat-piederumi","9":"product_shipping_class-paku-skapis","11":"first","12":"onbackorder","13":"taxable","14":"shipping-taxable","15":"purchasable","16":"product-type-simple"},"brands":[{"id":133,"name":"Weber","slug":"weber"}],"_links":{"self":[{"href":"https:\/\/grillandmore.lv\/shop\/wp-json\/wp\/v2\/product\/2819","targetHints":{"allow":["GET"]}}],"collection":[{"href":"https:\/\/grillandmore.lv\/shop\/wp-json\/wp\/v2\/product"}],"about":[{"href":"https:\/\/grillandmore.lv\/shop\/wp-json\/wp\/v2\/types\/product"}],"replies":[{"embeddable":true,"href":"https:\/\/grillandmore.lv\/shop\/wp-json\/wp\/v2\/comments?post=2819"}],"version-history":[{"count":1,"href":"https:\/\/grillandmore.lv\/shop\/wp-json\/wp\/v2\/product\/2819\/revisions"}],"predecessor-version":[{"id":6519,"href":"https:\/\/grillandmore.lv\/shop\/wp-json\/wp\/v2\/product\/2819\/revisions\/6519"}],"wp:featuredmedia":[{"embeddable":true,"href":"https:\/\/grillandmore.lv\/shop\/wp-json\/wp\/v2\/media\/2820"}],"wp:attachment":[{"href":"https:\/\/grillandmore.lv\/shop\/wp-json\/wp\/v2\/media?parent=2819"}],"wp:term":[{"taxonomy":"pwb-brand","embeddable":true,"href":"https:\/\/grillandmore.lv\/shop\/wp-json\/wp\/v2\/pwb-brand?post=2819"},{"taxonomy":"product_brand","embeddable":true,"href":"https:\/\/grillandmore.lv\/shop\/wp-json\/wp\/v2\/product_brand?post=2819"},{"taxonomy":"product_cat","embeddable":true,"href":"https:\/\/grillandmore.lv\/shop\/wp-json\/wp\/v2\/product_cat?post=2819"},{"taxonomy":"product_tag","embeddable":true,"href":"https:\/\/grillandmore.lv\/shop\/wp-json\/wp\/v2\/product_tag?post=2819"}],"curies":[{"name":"wp","href":"https:\/\/api.w.org\/{rel}","templated":true}]}}