{"id":2823,"date":"2023-03-16T08:05:46","date_gmt":"2023-03-16T06:05:46","guid":{"rendered":"https:\/\/grillandmore.lv\/shop\/?post_type=product&#038;p=2823"},"modified":"2023-11-12T15:18:23","modified_gmt":"2023-11-12T13:18:23","slug":"weber-kokogles-5kg","status":"publish","type":"product","link":"https:\/\/grillandmore.lv\/shop\/products\/weber-kokogles-5kg\/","title":{"rendered":"Weber kokogles 5kg"},"content":{"rendered":"<p>Gatavs lieto\u0161anai 15 min\u016bt\u0113s<br \/>\n100% dab\u012bgs<br \/>\n1,5h deg\u0161anas laiks 180\u00b0C<br \/>\nT\u00dcV un DIN sertific\u0113ts<br \/>\nRa\u017eots Eirop\u0101<\/p>\n","protected":false},"excerpt":{"rendered":"<p>Sagatavojiet savus steikus un \u013caujiet koka smar\u017eai aptvert d\u0101rzu, kam\u0113r j\u016bsu grils uzsilst. Kokogles izgatavotas no di\u017esk\u0101bar\u017ea, sk\u0101bard\u017ea, b\u0113rza un ozola, Weber Lumpwood \u0101tri iedegas, deg karsti un pie\u0161\u0137ir izteiktu, gar\u0161\u012bgu gar\u0161u.<\/p>\n","protected":false},"featured_media":2824,"comment_status":"open","ping_status":"closed","template":"","meta":[],"pwb-brand":[133],"product_brand":[],"product_cat":[95,125],"product_tag":[],"class_list":{"0":"post-2823","1":"product","2":"type-product","3":"status-publish","4":"has-post-thumbnail","6":"pwb-brand-weber","7":"product_cat-kokogles","8":"product_cat-kokoglu-grili","9":"product_shipping_class-paku-skapis","11":"first","12":"onbackorder","13":"taxable","14":"shipping-taxable","15":"purchasable","16":"product-type-simple"},"brands":[{"id":133,"name":"Weber","slug":"weber"}],"_links":{"self":[{"href":"https:\/\/grillandmore.lv\/shop\/wp-json\/wp\/v2\/product\/2823","targetHints":{"allow":["GET"]}}],"collection":[{"href":"https:\/\/grillandmore.lv\/shop\/wp-json\/wp\/v2\/product"}],"about":[{"href":"https:\/\/grillandmore.lv\/shop\/wp-json\/wp\/v2\/types\/product"}],"replies":[{"embeddable":true,"href":"https:\/\/grillandmore.lv\/shop\/wp-json\/wp\/v2\/comments?post=2823"}],"version-history":[{"count":1,"href":"https:\/\/grillandmore.lv\/shop\/wp-json\/wp\/v2\/product\/2823\/revisions"}],"predecessor-version":[{"id":6517,"href":"https:\/\/grillandmore.lv\/shop\/wp-json\/wp\/v2\/product\/2823\/revisions\/6517"}],"wp:featuredmedia":[{"embeddable":true,"href":"https:\/\/grillandmore.lv\/shop\/wp-json\/wp\/v2\/media\/2824"}],"wp:attachment":[{"href":"https:\/\/grillandmore.lv\/shop\/wp-json\/wp\/v2\/media?parent=2823"}],"wp:term":[{"taxonomy":"pwb-brand","embeddable":true,"href":"https:\/\/grillandmore.lv\/shop\/wp-json\/wp\/v2\/pwb-brand?post=2823"},{"taxonomy":"product_brand","embeddable":true,"href":"https:\/\/grillandmore.lv\/shop\/wp-json\/wp\/v2\/product_brand?post=2823"},{"taxonomy":"product_cat","embeddable":true,"href":"https:\/\/grillandmore.lv\/shop\/wp-json\/wp\/v2\/product_cat?post=2823"},{"taxonomy":"product_tag","embeddable":true,"href":"https:\/\/grillandmore.lv\/shop\/wp-json\/wp\/v2\/product_tag?post=2823"}],"curies":[{"name":"wp","href":"https:\/\/api.w.org\/{rel}","templated":true}]}}