{"id":2831,"date":"2023-03-16T08:29:01","date_gmt":"2023-03-16T06:29:01","guid":{"rendered":"https:\/\/grillandmore.lv\/shop\/?post_type=product&#038;p=2831"},"modified":"2023-11-12T15:20:53","modified_gmt":"2023-11-12T13:20:53","slug":"weber-kokosriekstu-briketes-8kg","status":"publish","type":"product","link":"https:\/\/grillandmore.lv\/shop\/products\/weber-kokosriekstu-briketes-8kg\/","title":{"rendered":"Weber kokosriekstu briketes 8kg"},"content":{"rendered":"<p>Materi\u0101ls: karboniz\u0113tas kokosriekstu \u010daumalas; Tapiokas ciete<br \/>\nSvars: 8\u00a0kg<br \/>\nGatavs lieto\u0161anai 20 min\u016bt\u0113s<br \/>\n3 stundas deg\u0161anas laiks<br \/>\n100% dab\u012bgs<br \/>\nSertific\u0113ts ar DIN Certco<\/p>\n","protected":false},"excerpt":{"rendered":"<p style=\"text-align: justify;\">Weber&#8217;s Coconut Shell briketes ir augstas veiktsp\u0113jas degvielas izv\u0113le, kas nodro\u0161ina l\u012bdz pat 3 stund\u0101m grila darb\u012bbu. Un ar 20 min\u016b\u0161u aizdedzes laiku jums neb\u016bs ilgi j\u0101gaida, lai s\u0101ktu darbu. Tie ir izgatavoti no 100% dab\u012bga materi\u0101la \u2013 karboniz\u0113t\u0101m kokosriekstu \u010daumal\u0101m un tapiokas cietes \u2013 un nesatur koksni.<\/p>\n","protected":false},"featured_media":2832,"comment_status":"open","ping_status":"closed","template":"","meta":[],"pwb-brand":[133],"product_brand":[],"product_cat":[95,125],"product_tag":[],"class_list":{"0":"post-2831","1":"product","2":"type-product","3":"status-publish","4":"has-post-thumbnail","6":"pwb-brand-weber","7":"product_cat-kokogles","8":"product_cat-kokoglu-grili","9":"product_shipping_class-paku-skapis","11":"first","12":"onbackorder","13":"taxable","14":"shipping-taxable","15":"purchasable","16":"product-type-simple"},"brands":[{"id":133,"name":"Weber","slug":"weber"}],"_links":{"self":[{"href":"https:\/\/grillandmore.lv\/shop\/wp-json\/wp\/v2\/product\/2831","targetHints":{"allow":["GET"]}}],"collection":[{"href":"https:\/\/grillandmore.lv\/shop\/wp-json\/wp\/v2\/product"}],"about":[{"href":"https:\/\/grillandmore.lv\/shop\/wp-json\/wp\/v2\/types\/product"}],"replies":[{"embeddable":true,"href":"https:\/\/grillandmore.lv\/shop\/wp-json\/wp\/v2\/comments?post=2831"}],"version-history":[{"count":1,"href":"https:\/\/grillandmore.lv\/shop\/wp-json\/wp\/v2\/product\/2831\/revisions"}],"predecessor-version":[{"id":6513,"href":"https:\/\/grillandmore.lv\/shop\/wp-json\/wp\/v2\/product\/2831\/revisions\/6513"}],"wp:featuredmedia":[{"embeddable":true,"href":"https:\/\/grillandmore.lv\/shop\/wp-json\/wp\/v2\/media\/2832"}],"wp:attachment":[{"href":"https:\/\/grillandmore.lv\/shop\/wp-json\/wp\/v2\/media?parent=2831"}],"wp:term":[{"taxonomy":"pwb-brand","embeddable":true,"href":"https:\/\/grillandmore.lv\/shop\/wp-json\/wp\/v2\/pwb-brand?post=2831"},{"taxonomy":"product_brand","embeddable":true,"href":"https:\/\/grillandmore.lv\/shop\/wp-json\/wp\/v2\/product_brand?post=2831"},{"taxonomy":"product_cat","embeddable":true,"href":"https:\/\/grillandmore.lv\/shop\/wp-json\/wp\/v2\/product_cat?post=2831"},{"taxonomy":"product_tag","embeddable":true,"href":"https:\/\/grillandmore.lv\/shop\/wp-json\/wp\/v2\/product_tag?post=2831"}],"curies":[{"name":"wp","href":"https:\/\/api.w.org\/{rel}","templated":true}]}}