{"id":2840,"date":"2023-03-16T08:48:31","date_gmt":"2023-03-16T06:48:31","guid":{"rendered":"https:\/\/grillandmore.lv\/shop\/?post_type=product&#038;p=2840"},"modified":"2024-11-04T07:25:08","modified_gmt":"2024-11-04T05:25:08","slug":"weber-aizdedzinasanas-kubiki-22","status":"publish","type":"product","link":"https:\/\/grillandmore.lv\/shop\/products\/weber-aizdedzinasanas-kubiki-22\/","title":{"rendered":"Weber aizdedzin\u0101\u0161anas kubiki 22"},"content":{"rendered":"<p>Skaits: 22 gab<\/p>\n","protected":false},"excerpt":{"rendered":"<p>Kad esat aizdedzin\u0101jis ogles ar Lighter Cubes, j\u016bs nekad neatgriez\u012bsities. \u0160\u0137iltavas kubi ir j\u016bsu atbilde uz \u0101tru, pelnu nesaturo\u0161u un videi nekait\u012bgu og\u013cu aizdedzi. Pat v\u0113jainos vai mitros apst\u0101k\u013cos kubi iedegsies un aizdedzin\u0101s p\u0101r\u0113j\u0101s ogles da\u017eu sekun\u017eu laik\u0101, bez \u0161\u0137iltavu smar\u017eas vai gar\u0161as, kas pies\u0101r\u0146o j\u016bsu \u0113dienu.<\/p>\n","protected":false},"featured_media":2841,"comment_status":"open","ping_status":"closed","template":"","meta":[],"pwb-brand":[133],"product_brand":[],"product_cat":[146,125,128],"product_tag":[],"class_list":{"0":"post-2840","1":"product","2":"type-product","3":"status-publish","4":"has-post-thumbnail","6":"pwb-brand-weber","7":"product_cat-aizdedzinasanai","8":"product_cat-kokoglu-grili","9":"product_cat-piederumi","10":"product_shipping_class-paku-skapis","12":"first","13":"onbackorder","14":"taxable","15":"shipping-taxable","16":"purchasable","17":"product-type-simple"},"brands":[{"id":133,"name":"Weber","slug":"weber"}],"_links":{"self":[{"href":"https:\/\/grillandmore.lv\/shop\/wp-json\/wp\/v2\/product\/2840","targetHints":{"allow":["GET"]}}],"collection":[{"href":"https:\/\/grillandmore.lv\/shop\/wp-json\/wp\/v2\/product"}],"about":[{"href":"https:\/\/grillandmore.lv\/shop\/wp-json\/wp\/v2\/types\/product"}],"replies":[{"embeddable":true,"href":"https:\/\/grillandmore.lv\/shop\/wp-json\/wp\/v2\/comments?post=2840"}],"version-history":[{"count":1,"href":"https:\/\/grillandmore.lv\/shop\/wp-json\/wp\/v2\/product\/2840\/revisions"}],"predecessor-version":[{"id":6509,"href":"https:\/\/grillandmore.lv\/shop\/wp-json\/wp\/v2\/product\/2840\/revisions\/6509"}],"wp:featuredmedia":[{"embeddable":true,"href":"https:\/\/grillandmore.lv\/shop\/wp-json\/wp\/v2\/media\/2841"}],"wp:attachment":[{"href":"https:\/\/grillandmore.lv\/shop\/wp-json\/wp\/v2\/media?parent=2840"}],"wp:term":[{"taxonomy":"pwb-brand","embeddable":true,"href":"https:\/\/grillandmore.lv\/shop\/wp-json\/wp\/v2\/pwb-brand?post=2840"},{"taxonomy":"product_brand","embeddable":true,"href":"https:\/\/grillandmore.lv\/shop\/wp-json\/wp\/v2\/product_brand?post=2840"},{"taxonomy":"product_cat","embeddable":true,"href":"https:\/\/grillandmore.lv\/shop\/wp-json\/wp\/v2\/product_cat?post=2840"},{"taxonomy":"product_tag","embeddable":true,"href":"https:\/\/grillandmore.lv\/shop\/wp-json\/wp\/v2\/product_tag?post=2840"}],"curies":[{"name":"wp","href":"https:\/\/api.w.org\/{rel}","templated":true}]}}