{"id":2844,"date":"2023-03-16T09:06:58","date_gmt":"2023-03-16T07:06:58","guid":{"rendered":"https:\/\/grillandmore.lv\/shop\/?post_type=product&#038;p=2844"},"modified":"2023-11-12T15:22:45","modified_gmt":"2023-11-12T13:22:45","slug":"weber-starteris-mazais","status":"publish","type":"product","link":"https:\/\/grillandmore.lv\/shop\/products\/weber-starteris-mazais\/","title":{"rendered":"Weber starteris &#8211; mazais"},"content":{"rendered":"<p>\u0112rts un \u0101trs og\u013cu aizdedzin\u0101\u0161anas veids<br \/>\nKompakts dizains padara to ide\u0101li piem\u0113rotu maz\u0101kiem b\u0101rbekj\u016b vai \u012bs\u0101kiem gril\u0113\u0161anas pas\u0101kumiem<br \/>\nVislab\u0101k darbojas ar viegl\u0101kiem kubi\u0146iem (7417)<\/p>\n","protected":false},"excerpt":{"rendered":"<p>Ikviena b\u0101rbekj\u016b meistara svar\u012bgais pal\u012bgs, Rapidfire Chimney Starter, ir \u0101tr\u0101kais un vienk\u0101r\u0161\u0101kais veids, k\u0101 ieg\u016bt grilu un s\u0101kt \u0113st.<\/p>\n","protected":false},"featured_media":2845,"comment_status":"open","ping_status":"closed","template":"","meta":[],"pwb-brand":[133],"product_brand":[],"product_cat":[146,128],"product_tag":[],"class_list":{"0":"post-2844","1":"product","2":"type-product","3":"status-publish","4":"has-post-thumbnail","6":"pwb-brand-weber","7":"product_cat-aizdedzinasanai","8":"product_cat-piederumi","9":"product_shipping_class-paku-skapis","11":"first","12":"onbackorder","13":"taxable","14":"shipping-taxable","15":"purchasable","16":"product-type-simple"},"brands":[{"id":133,"name":"Weber","slug":"weber"}],"_links":{"self":[{"href":"https:\/\/grillandmore.lv\/shop\/wp-json\/wp\/v2\/product\/2844","targetHints":{"allow":["GET"]}}],"collection":[{"href":"https:\/\/grillandmore.lv\/shop\/wp-json\/wp\/v2\/product"}],"about":[{"href":"https:\/\/grillandmore.lv\/shop\/wp-json\/wp\/v2\/types\/product"}],"replies":[{"embeddable":true,"href":"https:\/\/grillandmore.lv\/shop\/wp-json\/wp\/v2\/comments?post=2844"}],"version-history":[{"count":1,"href":"https:\/\/grillandmore.lv\/shop\/wp-json\/wp\/v2\/product\/2844\/revisions"}],"predecessor-version":[{"id":6507,"href":"https:\/\/grillandmore.lv\/shop\/wp-json\/wp\/v2\/product\/2844\/revisions\/6507"}],"wp:featuredmedia":[{"embeddable":true,"href":"https:\/\/grillandmore.lv\/shop\/wp-json\/wp\/v2\/media\/2845"}],"wp:attachment":[{"href":"https:\/\/grillandmore.lv\/shop\/wp-json\/wp\/v2\/media?parent=2844"}],"wp:term":[{"taxonomy":"pwb-brand","embeddable":true,"href":"https:\/\/grillandmore.lv\/shop\/wp-json\/wp\/v2\/pwb-brand?post=2844"},{"taxonomy":"product_brand","embeddable":true,"href":"https:\/\/grillandmore.lv\/shop\/wp-json\/wp\/v2\/product_brand?post=2844"},{"taxonomy":"product_cat","embeddable":true,"href":"https:\/\/grillandmore.lv\/shop\/wp-json\/wp\/v2\/product_cat?post=2844"},{"taxonomy":"product_tag","embeddable":true,"href":"https:\/\/grillandmore.lv\/shop\/wp-json\/wp\/v2\/product_tag?post=2844"}],"curies":[{"name":"wp","href":"https:\/\/api.w.org\/{rel}","templated":true}]}}