{"id":2846,"date":"2023-03-16T09:13:07","date_gmt":"2023-03-16T07:13:07","guid":{"rendered":"https:\/\/grillandmore.lv\/shop\/?post_type=product&#038;p=2846"},"modified":"2023-11-12T15:22:52","modified_gmt":"2023-11-12T13:22:52","slug":"weber-startera-komplekts","status":"publish","type":"product","link":"https:\/\/grillandmore.lv\/shop\/products\/weber-startera-komplekts\/","title":{"rendered":"Weber startera komplekts"},"content":{"rendered":"<p>\u0100rpus kartona Izm\u0113ri<br \/>\n32 cm A x 20,5 cm W x 32,5 cm D<\/p>\n<p>Atsevi\u0161\u0137u kartona k\u0101rbu izm\u0113ri<br \/>\n32\u00a0cm Ax x 19,5\u00a0cm W x 23,5\u00a0cm A<\/p>\n<p>Materi\u0101ls: t\u0113rauds ar alum\u012bnija p\u0101rkl\u0101jumu<br \/>\nKop\u0161ana: mazg\u0101\u0161ana ar rok\u0101m<br \/>\nKomplekts ar visu nepiecie\u0161amo, lai iedegtu og\u013cu b\u0101rbekj\u016b<\/p>\n<p>Satur 2kg Weber\u00ae briketes, 3 aizdedzin\u0101t\u0101jus un Weber\u00ae skurste\u0146a starteri<\/p>\n","protected":false},"excerpt":{"rendered":"<p style=\"text-align: justify;\">Ar startera komplektu jums ir viss nepiecie\u0161amais, lai s\u0101ktu gril\u0113t.<\/p>\n<p style=\"text-align: justify;\">\u0100tri, dro\u0161i un vienk\u0101r\u0161i iededziet briketes, izmantojot komplektu, kas satur oblig\u0101tu komplektu, kur\u0101 ir tr\u012bs vissvar\u012bg\u0101kie komponenti, lai aizdedzin\u0101tu ogles \u2013 dzirkstele, degviela un tvertne.<\/p>\n","protected":false},"featured_media":2847,"comment_status":"open","ping_status":"closed","template":"","meta":[],"pwb-brand":[133],"product_brand":[],"product_cat":[146,128],"product_tag":[],"class_list":{"0":"post-2846","1":"product","2":"type-product","3":"status-publish","4":"has-post-thumbnail","6":"pwb-brand-weber","7":"product_cat-aizdedzinasanai","8":"product_cat-piederumi","9":"product_shipping_class-paku-skapis","11":"first","12":"onbackorder","13":"taxable","14":"shipping-taxable","15":"purchasable","16":"product-type-simple"},"brands":[{"id":133,"name":"Weber","slug":"weber"}],"_links":{"self":[{"href":"https:\/\/grillandmore.lv\/shop\/wp-json\/wp\/v2\/product\/2846","targetHints":{"allow":["GET"]}}],"collection":[{"href":"https:\/\/grillandmore.lv\/shop\/wp-json\/wp\/v2\/product"}],"about":[{"href":"https:\/\/grillandmore.lv\/shop\/wp-json\/wp\/v2\/types\/product"}],"replies":[{"embeddable":true,"href":"https:\/\/grillandmore.lv\/shop\/wp-json\/wp\/v2\/comments?post=2846"}],"version-history":[{"count":1,"href":"https:\/\/grillandmore.lv\/shop\/wp-json\/wp\/v2\/product\/2846\/revisions"}],"predecessor-version":[{"id":6506,"href":"https:\/\/grillandmore.lv\/shop\/wp-json\/wp\/v2\/product\/2846\/revisions\/6506"}],"wp:featuredmedia":[{"embeddable":true,"href":"https:\/\/grillandmore.lv\/shop\/wp-json\/wp\/v2\/media\/2847"}],"wp:attachment":[{"href":"https:\/\/grillandmore.lv\/shop\/wp-json\/wp\/v2\/media?parent=2846"}],"wp:term":[{"taxonomy":"pwb-brand","embeddable":true,"href":"https:\/\/grillandmore.lv\/shop\/wp-json\/wp\/v2\/pwb-brand?post=2846"},{"taxonomy":"product_brand","embeddable":true,"href":"https:\/\/grillandmore.lv\/shop\/wp-json\/wp\/v2\/product_brand?post=2846"},{"taxonomy":"product_cat","embeddable":true,"href":"https:\/\/grillandmore.lv\/shop\/wp-json\/wp\/v2\/product_cat?post=2846"},{"taxonomy":"product_tag","embeddable":true,"href":"https:\/\/grillandmore.lv\/shop\/wp-json\/wp\/v2\/product_tag?post=2846"}],"curies":[{"name":"wp","href":"https:\/\/api.w.org\/{rel}","templated":true}]}}