{"id":2849,"date":"2023-03-16T16:19:44","date_gmt":"2023-03-16T14:19:44","guid":{"rendered":"https:\/\/grillandmore.lv\/shop\/?post_type=product&#038;p=2849"},"modified":"2023-11-12T15:22:59","modified_gmt":"2023-11-12T13:22:59","slug":"weber-ciedras-delisi","status":"publish","type":"product","link":"https:\/\/grillandmore.lv\/shop\/products\/weber-ciedras-delisi\/","title":{"rendered":"Weber ciedras d\u0113l\u012b\u0161i"},"content":{"rendered":"<p>Izm\u0113rs: 1,1 cm x 15 cm x 40 cmMateri\u0101ls<br \/>\nMateri\u0101ls: ciedrs<br \/>\nDaudzums: 2 gab<\/p>\n","protected":false},"excerpt":{"rendered":"<p style=\"text-align: justify;\">Pievienojiet saviem iecien\u012bt\u0101kajiem \u0113dieniem smalku d\u016bmu arom\u0101tu, izmantojot ciedra koka d\u0113li. Kam\u0113r grils s\u0101kas, uz koka d\u0113\u013ca novietojiet savu iecien\u012bt\u0101ko zivi, piem\u0113ram, lasi vai foreli. Vai ar\u012b izm\u0113\u0123iniet k\u0101du \u012bpa\u0161u gardumu, piem\u0113ram, k\u016bpin\u0101tu br\u012b vai kamambertu. Novietojiet d\u0113li uz grila un izsm\u0113\u0137\u0113jiet.<\/p>\n","protected":false},"featured_media":2848,"comment_status":"open","ping_status":"closed","template":"","meta":[],"pwb-brand":[133],"product_brand":[],"product_cat":[147,128],"product_tag":[],"class_list":{"0":"post-2849","1":"product","2":"type-product","3":"status-publish","4":"has-post-thumbnail","6":"pwb-brand-weber","7":"product_cat-delisi-grilesanai","8":"product_cat-piederumi","9":"product_shipping_class-paku-skapis","11":"first","12":"onbackorder","13":"taxable","14":"shipping-taxable","15":"purchasable","16":"product-type-simple"},"brands":[{"id":133,"name":"Weber","slug":"weber"}],"_links":{"self":[{"href":"https:\/\/grillandmore.lv\/shop\/wp-json\/wp\/v2\/product\/2849","targetHints":{"allow":["GET"]}}],"collection":[{"href":"https:\/\/grillandmore.lv\/shop\/wp-json\/wp\/v2\/product"}],"about":[{"href":"https:\/\/grillandmore.lv\/shop\/wp-json\/wp\/v2\/types\/product"}],"replies":[{"embeddable":true,"href":"https:\/\/grillandmore.lv\/shop\/wp-json\/wp\/v2\/comments?post=2849"}],"version-history":[{"count":1,"href":"https:\/\/grillandmore.lv\/shop\/wp-json\/wp\/v2\/product\/2849\/revisions"}],"predecessor-version":[{"id":6505,"href":"https:\/\/grillandmore.lv\/shop\/wp-json\/wp\/v2\/product\/2849\/revisions\/6505"}],"wp:featuredmedia":[{"embeddable":true,"href":"https:\/\/grillandmore.lv\/shop\/wp-json\/wp\/v2\/media\/2848"}],"wp:attachment":[{"href":"https:\/\/grillandmore.lv\/shop\/wp-json\/wp\/v2\/media?parent=2849"}],"wp:term":[{"taxonomy":"pwb-brand","embeddable":true,"href":"https:\/\/grillandmore.lv\/shop\/wp-json\/wp\/v2\/pwb-brand?post=2849"},{"taxonomy":"product_brand","embeddable":true,"href":"https:\/\/grillandmore.lv\/shop\/wp-json\/wp\/v2\/product_brand?post=2849"},{"taxonomy":"product_cat","embeddable":true,"href":"https:\/\/grillandmore.lv\/shop\/wp-json\/wp\/v2\/product_cat?post=2849"},{"taxonomy":"product_tag","embeddable":true,"href":"https:\/\/grillandmore.lv\/shop\/wp-json\/wp\/v2\/product_tag?post=2849"}],"curies":[{"name":"wp","href":"https:\/\/api.w.org\/{rel}","templated":true}]}}