{"id":2850,"date":"2023-03-16T16:25:13","date_gmt":"2023-03-16T14:25:13","guid":{"rendered":"https:\/\/grillandmore.lv\/shop\/?post_type=product&#038;p=2850"},"modified":"2023-11-12T15:23:06","modified_gmt":"2023-11-12T13:23:06","slug":"weber-ciedras-delisi-2","status":"publish","type":"product","link":"https:\/\/grillandmore.lv\/shop\/products\/weber-ciedras-delisi-2\/","title":{"rendered":"Weber ciedras d\u0113l\u012b\u0161i"},"content":{"rendered":"<p>Izm\u0113rs: 0,8 cm Ax 15 cm W x 30 cm A<br \/>\nMateri\u0101ls: ciedrs<br \/>\nDaudzums: 2 gab<\/p>\n","protected":false},"excerpt":{"rendered":"<p style=\"text-align: justify;\">Atbildi uz aicin\u0101jumu \u2013 tavas gar\u0161as k\u0101rpi\u0146as ubago p\u0113c k\u016bpin\u0101t\u0101m vakari\u0146\u0101m vai uzkod\u0101m. Kam\u0113r grils s\u0101kas, uz koka d\u0113\u013ca novietojiet savu iecien\u012bt\u0101ko zivi, piem\u0113ram, lasi vai foreli. Vai ar\u012b izm\u0113\u0123iniet k\u0101du \u012bpa\u0161u gardumu, piem\u0113ram, k\u016bpin\u0101tu Br\u012b vai kamamb\u0113ru. Novietojiet d\u0113li uz b\u0101rbekj\u016b un izsm\u0113\u0137\u0113jiet.<\/p>\n","protected":false},"featured_media":2851,"comment_status":"open","ping_status":"closed","template":"","meta":[],"pwb-brand":[133],"product_brand":[],"product_cat":[147,128],"product_tag":[],"class_list":{"0":"post-2850","1":"product","2":"type-product","3":"status-publish","4":"has-post-thumbnail","6":"pwb-brand-weber","7":"product_cat-delisi-grilesanai","8":"product_cat-piederumi","9":"product_shipping_class-paku-skapis","11":"first","12":"onbackorder","13":"taxable","14":"shipping-taxable","15":"purchasable","16":"product-type-simple"},"brands":[{"id":133,"name":"Weber","slug":"weber"}],"_links":{"self":[{"href":"https:\/\/grillandmore.lv\/shop\/wp-json\/wp\/v2\/product\/2850","targetHints":{"allow":["GET"]}}],"collection":[{"href":"https:\/\/grillandmore.lv\/shop\/wp-json\/wp\/v2\/product"}],"about":[{"href":"https:\/\/grillandmore.lv\/shop\/wp-json\/wp\/v2\/types\/product"}],"replies":[{"embeddable":true,"href":"https:\/\/grillandmore.lv\/shop\/wp-json\/wp\/v2\/comments?post=2850"}],"version-history":[{"count":2,"href":"https:\/\/grillandmore.lv\/shop\/wp-json\/wp\/v2\/product\/2850\/revisions"}],"predecessor-version":[{"id":6504,"href":"https:\/\/grillandmore.lv\/shop\/wp-json\/wp\/v2\/product\/2850\/revisions\/6504"}],"wp:featuredmedia":[{"embeddable":true,"href":"https:\/\/grillandmore.lv\/shop\/wp-json\/wp\/v2\/media\/2851"}],"wp:attachment":[{"href":"https:\/\/grillandmore.lv\/shop\/wp-json\/wp\/v2\/media?parent=2850"}],"wp:term":[{"taxonomy":"pwb-brand","embeddable":true,"href":"https:\/\/grillandmore.lv\/shop\/wp-json\/wp\/v2\/pwb-brand?post=2850"},{"taxonomy":"product_brand","embeddable":true,"href":"https:\/\/grillandmore.lv\/shop\/wp-json\/wp\/v2\/product_brand?post=2850"},{"taxonomy":"product_cat","embeddable":true,"href":"https:\/\/grillandmore.lv\/shop\/wp-json\/wp\/v2\/product_cat?post=2850"},{"taxonomy":"product_tag","embeddable":true,"href":"https:\/\/grillandmore.lv\/shop\/wp-json\/wp\/v2\/product_tag?post=2850"}],"curies":[{"name":"wp","href":"https:\/\/api.w.org\/{rel}","templated":true}]}}