{"id":2854,"date":"2023-03-16T16:31:06","date_gmt":"2023-03-16T14:31:06","guid":{"rendered":"https:\/\/grillandmore.lv\/shop\/?post_type=product&#038;p=2854"},"modified":"2023-11-12T15:23:12","modified_gmt":"2023-11-12T13:23:12","slug":"2854","status":"publish","type":"product","link":"https:\/\/grillandmore.lv\/shop\/products\/2854\/","title":{"rendered":"Weber koka \u010dip\u0161i &#8211; hickory"},"content":{"rendered":"<p>42 cm x 12 cm x 22 cm<br \/>\nIesp\u0113jas<br \/>\nBag\u0101t\u012bga smalki salda gar\u0161a<br \/>\n1,5 kg maiss<\/p>\n","protected":false},"excerpt":{"rendered":"<p style=\"text-align: justify;\">Pies\u0101tin\u0101tas hikorija gar\u0161as pievieno\u0161ana ir nosl\u0113dzo\u0161ais piesk\u0101riens gar\u0161\u012bgai velkamajai kr\u016bti\u0146ai vai savva\u013cas med\u012bjumam. Eksperiment\u0113jot ar aromatiz\u0113tu koka gabalu pievieno\u0161anu receptei, k\u016bpin\u0101\u0161ana un gril\u0113\u0161ana k\u013c\u016bst v\u0113l gar\u0161\u012bg\u0101ka.<\/p>\n","protected":false},"featured_media":2853,"comment_status":"open","ping_status":"closed","template":"","meta":[],"pwb-brand":[133],"product_brand":[],"product_cat":[148,128],"product_tag":[],"class_list":{"0":"post-2854","1":"product","2":"type-product","3":"status-publish","4":"has-post-thumbnail","6":"pwb-brand-weber","7":"product_cat-koka-cipsi","8":"product_cat-piederumi","9":"product_shipping_class-paku-skapis","11":"first","12":"onbackorder","13":"taxable","14":"shipping-taxable","15":"purchasable","16":"product-type-simple"},"brands":[{"id":133,"name":"Weber","slug":"weber"}],"_links":{"self":[{"href":"https:\/\/grillandmore.lv\/shop\/wp-json\/wp\/v2\/product\/2854","targetHints":{"allow":["GET"]}}],"collection":[{"href":"https:\/\/grillandmore.lv\/shop\/wp-json\/wp\/v2\/product"}],"about":[{"href":"https:\/\/grillandmore.lv\/shop\/wp-json\/wp\/v2\/types\/product"}],"replies":[{"embeddable":true,"href":"https:\/\/grillandmore.lv\/shop\/wp-json\/wp\/v2\/comments?post=2854"}],"version-history":[{"count":1,"href":"https:\/\/grillandmore.lv\/shop\/wp-json\/wp\/v2\/product\/2854\/revisions"}],"predecessor-version":[{"id":6503,"href":"https:\/\/grillandmore.lv\/shop\/wp-json\/wp\/v2\/product\/2854\/revisions\/6503"}],"wp:featuredmedia":[{"embeddable":true,"href":"https:\/\/grillandmore.lv\/shop\/wp-json\/wp\/v2\/media\/2853"}],"wp:attachment":[{"href":"https:\/\/grillandmore.lv\/shop\/wp-json\/wp\/v2\/media?parent=2854"}],"wp:term":[{"taxonomy":"pwb-brand","embeddable":true,"href":"https:\/\/grillandmore.lv\/shop\/wp-json\/wp\/v2\/pwb-brand?post=2854"},{"taxonomy":"product_brand","embeddable":true,"href":"https:\/\/grillandmore.lv\/shop\/wp-json\/wp\/v2\/product_brand?post=2854"},{"taxonomy":"product_cat","embeddable":true,"href":"https:\/\/grillandmore.lv\/shop\/wp-json\/wp\/v2\/product_cat?post=2854"},{"taxonomy":"product_tag","embeddable":true,"href":"https:\/\/grillandmore.lv\/shop\/wp-json\/wp\/v2\/product_tag?post=2854"}],"curies":[{"name":"wp","href":"https:\/\/api.w.org\/{rel}","templated":true}]}}