{"id":2855,"date":"2023-03-16T16:37:02","date_gmt":"2023-03-16T14:37:02","guid":{"rendered":"https:\/\/grillandmore.lv\/shop\/?post_type=product&#038;p=2855"},"modified":"2023-11-12T15:23:18","modified_gmt":"2023-11-12T13:23:18","slug":"weber-koka-cipsi-abele","status":"publish","type":"product","link":"https:\/\/grillandmore.lv\/shop\/products\/weber-koka-cipsi-abele\/","title":{"rendered":"Weber koka \u010dip\u0161i &#8211; \u0101bele"},"content":{"rendered":"<p>42 cm x 12 cm x 22 cm<br \/>\nMaiga salda gar\u0161a<br \/>\n1,5 kg maiss<\/p>\n","protected":false},"excerpt":{"rendered":"<p style=\"text-align: justify;\">Pievienojot smalku saldu \u0101bolu nokr\u0101su velkamajai vistai, j\u016bsu \u0161\u0137\u012bv\u012b b\u016bs viegla un atsvaidzino\u0161a saj\u016bta. Eksperiment\u0113jot ar aromatiz\u0113tu koka gabalu pievieno\u0161anu receptei, k\u016bpin\u0101\u0161ana un gril\u0113\u0161ana k\u013c\u016bst v\u0113l gar\u0161\u012bg\u0101ka.<\/p>\n","protected":false},"featured_media":2856,"comment_status":"open","ping_status":"closed","template":"","meta":[],"pwb-brand":[133],"product_brand":[],"product_cat":[148,128],"product_tag":[],"class_list":{"0":"post-2855","1":"product","2":"type-product","3":"status-publish","4":"has-post-thumbnail","6":"pwb-brand-weber","7":"product_cat-koka-cipsi","8":"product_cat-piederumi","9":"product_shipping_class-paku-skapis","11":"first","12":"onbackorder","13":"taxable","14":"shipping-taxable","15":"purchasable","16":"product-type-simple"},"brands":[{"id":133,"name":"Weber","slug":"weber"}],"_links":{"self":[{"href":"https:\/\/grillandmore.lv\/shop\/wp-json\/wp\/v2\/product\/2855","targetHints":{"allow":["GET"]}}],"collection":[{"href":"https:\/\/grillandmore.lv\/shop\/wp-json\/wp\/v2\/product"}],"about":[{"href":"https:\/\/grillandmore.lv\/shop\/wp-json\/wp\/v2\/types\/product"}],"replies":[{"embeddable":true,"href":"https:\/\/grillandmore.lv\/shop\/wp-json\/wp\/v2\/comments?post=2855"}],"version-history":[{"count":1,"href":"https:\/\/grillandmore.lv\/shop\/wp-json\/wp\/v2\/product\/2855\/revisions"}],"predecessor-version":[{"id":6502,"href":"https:\/\/grillandmore.lv\/shop\/wp-json\/wp\/v2\/product\/2855\/revisions\/6502"}],"wp:featuredmedia":[{"embeddable":true,"href":"https:\/\/grillandmore.lv\/shop\/wp-json\/wp\/v2\/media\/2856"}],"wp:attachment":[{"href":"https:\/\/grillandmore.lv\/shop\/wp-json\/wp\/v2\/media?parent=2855"}],"wp:term":[{"taxonomy":"pwb-brand","embeddable":true,"href":"https:\/\/grillandmore.lv\/shop\/wp-json\/wp\/v2\/pwb-brand?post=2855"},{"taxonomy":"product_brand","embeddable":true,"href":"https:\/\/grillandmore.lv\/shop\/wp-json\/wp\/v2\/product_brand?post=2855"},{"taxonomy":"product_cat","embeddable":true,"href":"https:\/\/grillandmore.lv\/shop\/wp-json\/wp\/v2\/product_cat?post=2855"},{"taxonomy":"product_tag","embeddable":true,"href":"https:\/\/grillandmore.lv\/shop\/wp-json\/wp\/v2\/product_tag?post=2855"}],"curies":[{"name":"wp","href":"https:\/\/api.w.org\/{rel}","templated":true}]}}