{"id":2857,"date":"2023-03-16T16:42:44","date_gmt":"2023-03-16T14:42:44","guid":{"rendered":"https:\/\/grillandmore.lv\/shop\/?post_type=product&#038;p=2857"},"modified":"2023-11-12T15:23:26","modified_gmt":"2023-11-12T13:23:26","slug":"weber-koka-cipsi-majputniem","status":"publish","type":"product","link":"https:\/\/grillandmore.lv\/shop\/products\/weber-koka-cipsi-majputniem\/","title":{"rendered":"Weber koka \u010dip\u0161i m\u0101jputniem"},"content":{"rendered":"<p>32,5 cm\u00a0 x 12 cm\u00a0 x 17 cm<\/p>\n<p>Koksnes skaidas paredz\u0113tas m\u0101jputnu k\u016bpin\u0101\u0161anai<\/p>\n<p>Lieliski piem\u0113rota vistas kr\u016bti\u0146as, t\u012btara, p\u012bles cepe\u0161a u.c. k\u016bpin\u0101\u0161anai.<\/p>\n<p>100% dab\u012bgs<\/p>\n<p>Iepakojums no augstas kvalit\u0101tes un 100% p\u0101rstr\u0101d\u0101jama materi\u0101la<\/p>\n<p>Var lietot ar un bez d\u016bmu kastes<\/p>\n<p>K\u016bpin\u0101\u0161anai uz g\u0101zes, ogles un elektriskajiem griliem<\/p>\n<p>Svars: 0,7 kg<\/p>\n","protected":false},"excerpt":{"rendered":"<p>Uzlabojiet gril\u0113t\u0101s vistas gar\u0161u ar m\u0101jputnu k\u016bpin\u0101\u0161anas mais\u012bjumu no koka skaid\u0101m. Ide\u0101ls mais\u012bjums ar maigu saldas gar\u0161as nokr\u0101su, kas pacels j\u016bsu vistu jaun\u0101 gar\u0161as l\u012bmen\u012b.<\/p>\n","protected":false},"featured_media":0,"comment_status":"open","ping_status":"closed","template":"","meta":[],"pwb-brand":[133],"product_brand":[],"product_cat":[148,128],"product_tag":[],"class_list":{"0":"post-2857","1":"product","2":"type-product","3":"status-publish","5":"pwb-brand-weber","6":"product_cat-koka-cipsi","7":"product_cat-piederumi","8":"product_shipping_class-paku-skapis","10":"first","11":"onbackorder","12":"taxable","13":"shipping-taxable","14":"purchasable","15":"product-type-simple"},"brands":[{"id":133,"name":"Weber","slug":"weber"}],"_links":{"self":[{"href":"https:\/\/grillandmore.lv\/shop\/wp-json\/wp\/v2\/product\/2857","targetHints":{"allow":["GET"]}}],"collection":[{"href":"https:\/\/grillandmore.lv\/shop\/wp-json\/wp\/v2\/product"}],"about":[{"href":"https:\/\/grillandmore.lv\/shop\/wp-json\/wp\/v2\/types\/product"}],"replies":[{"embeddable":true,"href":"https:\/\/grillandmore.lv\/shop\/wp-json\/wp\/v2\/comments?post=2857"}],"version-history":[{"count":1,"href":"https:\/\/grillandmore.lv\/shop\/wp-json\/wp\/v2\/product\/2857\/revisions"}],"predecessor-version":[{"id":6501,"href":"https:\/\/grillandmore.lv\/shop\/wp-json\/wp\/v2\/product\/2857\/revisions\/6501"}],"wp:attachment":[{"href":"https:\/\/grillandmore.lv\/shop\/wp-json\/wp\/v2\/media?parent=2857"}],"wp:term":[{"taxonomy":"pwb-brand","embeddable":true,"href":"https:\/\/grillandmore.lv\/shop\/wp-json\/wp\/v2\/pwb-brand?post=2857"},{"taxonomy":"product_brand","embeddable":true,"href":"https:\/\/grillandmore.lv\/shop\/wp-json\/wp\/v2\/product_brand?post=2857"},{"taxonomy":"product_cat","embeddable":true,"href":"https:\/\/grillandmore.lv\/shop\/wp-json\/wp\/v2\/product_cat?post=2857"},{"taxonomy":"product_tag","embeddable":true,"href":"https:\/\/grillandmore.lv\/shop\/wp-json\/wp\/v2\/product_tag?post=2857"}],"curies":[{"name":"wp","href":"https:\/\/api.w.org\/{rel}","templated":true}]}}