{"id":2859,"date":"2023-03-16T16:46:52","date_gmt":"2023-03-16T14:46:52","guid":{"rendered":"https:\/\/grillandmore.lv\/shop\/?post_type=product&#038;p=2859"},"modified":"2023-11-12T15:23:35","modified_gmt":"2023-11-12T13:23:35","slug":"weber-koka-cipsi-juras-veltem","status":"publish","type":"product","link":"https:\/\/grillandmore.lv\/shop\/products\/weber-koka-cipsi-juras-veltem\/","title":{"rendered":"Weber koka \u010dip\u0161i j\u016bras velt\u0113m"},"content":{"rendered":"<p>32,5 cm x 12 cm x 17 cm<br \/>\nIesp\u0113jas<br \/>\nSvars: 0,7 kg<br \/>\nKoksnes skaidu mais\u012bjums j\u016bras velt\u0113m<br \/>\nAtk\u0101rtoti nosl\u0113dzams plastmasas maisi\u0146\u0161<\/p>\n","protected":false},"excerpt":{"rendered":"<p style=\"text-align: justify;\">Uzaiciniet draugus un \u0123imeni, lai zem kokiem nogar\u0161otu j\u016bras veltes. Ar \u0161o koka skaidu mais\u012bjumu ir sajaukti cietkoksnes un aug\u013cu koki, lai rad\u012btu perfektu maigu, aug\u013cu d\u016bmu gar\u0161u, kas papildina lasi, skumbrijas, garneles utt. Gaid\u0101mas smalkas un gar\u0161\u012bgas atmi\u0146as.<\/p>\n","protected":false},"featured_media":2860,"comment_status":"open","ping_status":"closed","template":"","meta":[],"pwb-brand":[133],"product_brand":[],"product_cat":[148,128],"product_tag":[],"class_list":{"0":"post-2859","1":"product","2":"type-product","3":"status-publish","4":"has-post-thumbnail","6":"pwb-brand-weber","7":"product_cat-koka-cipsi","8":"product_cat-piederumi","9":"product_shipping_class-paku-skapis","11":"first","12":"onbackorder","13":"taxable","14":"shipping-taxable","15":"purchasable","16":"product-type-simple"},"brands":[{"id":133,"name":"Weber","slug":"weber"}],"_links":{"self":[{"href":"https:\/\/grillandmore.lv\/shop\/wp-json\/wp\/v2\/product\/2859","targetHints":{"allow":["GET"]}}],"collection":[{"href":"https:\/\/grillandmore.lv\/shop\/wp-json\/wp\/v2\/product"}],"about":[{"href":"https:\/\/grillandmore.lv\/shop\/wp-json\/wp\/v2\/types\/product"}],"replies":[{"embeddable":true,"href":"https:\/\/grillandmore.lv\/shop\/wp-json\/wp\/v2\/comments?post=2859"}],"version-history":[{"count":1,"href":"https:\/\/grillandmore.lv\/shop\/wp-json\/wp\/v2\/product\/2859\/revisions"}],"predecessor-version":[{"id":6500,"href":"https:\/\/grillandmore.lv\/shop\/wp-json\/wp\/v2\/product\/2859\/revisions\/6500"}],"wp:featuredmedia":[{"embeddable":true,"href":"https:\/\/grillandmore.lv\/shop\/wp-json\/wp\/v2\/media\/2860"}],"wp:attachment":[{"href":"https:\/\/grillandmore.lv\/shop\/wp-json\/wp\/v2\/media?parent=2859"}],"wp:term":[{"taxonomy":"pwb-brand","embeddable":true,"href":"https:\/\/grillandmore.lv\/shop\/wp-json\/wp\/v2\/pwb-brand?post=2859"},{"taxonomy":"product_brand","embeddable":true,"href":"https:\/\/grillandmore.lv\/shop\/wp-json\/wp\/v2\/product_brand?post=2859"},{"taxonomy":"product_cat","embeddable":true,"href":"https:\/\/grillandmore.lv\/shop\/wp-json\/wp\/v2\/product_cat?post=2859"},{"taxonomy":"product_tag","embeddable":true,"href":"https:\/\/grillandmore.lv\/shop\/wp-json\/wp\/v2\/product_tag?post=2859"}],"curies":[{"name":"wp","href":"https:\/\/api.w.org\/{rel}","templated":true}]}}