{"id":2861,"date":"2023-03-16T17:10:25","date_gmt":"2023-03-16T15:10:25","guid":{"rendered":"https:\/\/grillandmore.lv\/shop\/?post_type=product&#038;p=2861"},"modified":"2023-11-12T15:23:39","modified_gmt":"2023-11-12T13:23:39","slug":"weber-koka-cipsi-cukgalai","status":"publish","type":"product","link":"https:\/\/grillandmore.lv\/shop\/products\/weber-koka-cipsi-cukgalai\/","title":{"rendered":"Weber koka \u010dip\u0161i c\u016bkga\u013cai"},"content":{"rendered":"<p>32,5 cm x 12 cm x 17 cm<br \/>\nSvars: 0,7 kg<br \/>\nKoksnes skaidu mais\u012bjums c\u016bkga\u013cai<br \/>\nAtk\u0101rtoti nosl\u0113dzams plastmasas maisi\u0146\u0161<\/p>\n","protected":false},"excerpt":{"rendered":"<p style=\"text-align: justify;\">Dodieties jaunos piedz\u012bvojumos ar gril\u0113tiem \u0113dieniem, kurus, j\u016bsupr\u0101t, labi paz\u012bstat. Ar \u0161o koka skaidu mais\u012bjumu pie\u0161\u0137iriet rib\u0101m, pl\u016bktai c\u016bkga\u013cai un karbon\u0101dei gar\u0161\u012bgu pieska\u0146u. \u0160eit tiek sajaukti da\u017e\u0101di cietkoksnes un aug\u013cu koki, lai rad\u012btu perfektu k\u016bpin\u0101juma gar\u0161u j\u016bsu c\u016bkga\u013cas \u0113dieniem &#8211; lai p\u0101rsteigtu un p\u0101rsteigtu.<\/p>\n","protected":false},"featured_media":2862,"comment_status":"open","ping_status":"closed","template":"","meta":[],"pwb-brand":[133],"product_brand":[],"product_cat":[148,128],"product_tag":[],"class_list":{"0":"post-2861","1":"product","2":"type-product","3":"status-publish","4":"has-post-thumbnail","6":"pwb-brand-weber","7":"product_cat-koka-cipsi","8":"product_cat-piederumi","9":"product_shipping_class-paku-skapis","11":"first","12":"onbackorder","13":"taxable","14":"shipping-taxable","15":"purchasable","16":"product-type-simple"},"brands":[{"id":133,"name":"Weber","slug":"weber"}],"_links":{"self":[{"href":"https:\/\/grillandmore.lv\/shop\/wp-json\/wp\/v2\/product\/2861","targetHints":{"allow":["GET"]}}],"collection":[{"href":"https:\/\/grillandmore.lv\/shop\/wp-json\/wp\/v2\/product"}],"about":[{"href":"https:\/\/grillandmore.lv\/shop\/wp-json\/wp\/v2\/types\/product"}],"replies":[{"embeddable":true,"href":"https:\/\/grillandmore.lv\/shop\/wp-json\/wp\/v2\/comments?post=2861"}],"version-history":[{"count":1,"href":"https:\/\/grillandmore.lv\/shop\/wp-json\/wp\/v2\/product\/2861\/revisions"}],"predecessor-version":[{"id":6499,"href":"https:\/\/grillandmore.lv\/shop\/wp-json\/wp\/v2\/product\/2861\/revisions\/6499"}],"wp:featuredmedia":[{"embeddable":true,"href":"https:\/\/grillandmore.lv\/shop\/wp-json\/wp\/v2\/media\/2862"}],"wp:attachment":[{"href":"https:\/\/grillandmore.lv\/shop\/wp-json\/wp\/v2\/media?parent=2861"}],"wp:term":[{"taxonomy":"pwb-brand","embeddable":true,"href":"https:\/\/grillandmore.lv\/shop\/wp-json\/wp\/v2\/pwb-brand?post=2861"},{"taxonomy":"product_brand","embeddable":true,"href":"https:\/\/grillandmore.lv\/shop\/wp-json\/wp\/v2\/product_brand?post=2861"},{"taxonomy":"product_cat","embeddable":true,"href":"https:\/\/grillandmore.lv\/shop\/wp-json\/wp\/v2\/product_cat?post=2861"},{"taxonomy":"product_tag","embeddable":true,"href":"https:\/\/grillandmore.lv\/shop\/wp-json\/wp\/v2\/product_tag?post=2861"}],"curies":[{"name":"wp","href":"https:\/\/api.w.org\/{rel}","templated":true}]}}