{"id":2863,"date":"2023-03-16T17:14:40","date_gmt":"2023-03-16T15:14:40","guid":{"rendered":"https:\/\/grillandmore.lv\/shop\/?post_type=product&#038;p=2863"},"modified":"2024-11-04T07:24:09","modified_gmt":"2024-11-04T05:24:09","slug":"weber-koka-cipsi-liellopam","status":"publish","type":"product","link":"https:\/\/grillandmore.lv\/shop\/products\/weber-koka-cipsi-liellopam\/","title":{"rendered":"Weber koka \u010dip\u0161i liellopam"},"content":{"rendered":"<p>32,5 cm x 12 cm x 17 cm<br \/>\nSvars: 0,7 kg<br \/>\nKoksnes skaidu mais\u012bjums liellopu ga\u013cai<br \/>\nAtk\u0101rtoti nosl\u0113dzams plastmasas maisi\u0146\u0161<\/p>\n","protected":false},"excerpt":{"rendered":"<p style=\"text-align: justify;\">P\u0101rsteidziet vecos draugus ar jaunu skat\u012bjumu uz grila \u0113dieniem, kurus esat pasniedzis daudzas reizes. Ar \u0161o koksnes skaidu mais\u012bjumu ide\u0101ls cietkoksnes un riekstu un aug\u013cu koksnes sajaukums \u013cauj pievienot sp\u0113c\u012bgu, pikantu gar\u0161u j\u016bsu filejai, kr\u016bti\u0146ai vai hamburgeriem, pie\u0161\u0137irot \u0161iem klasiskajiem izstr\u0101d\u0101jumiem piln\u012bgi jaunu dz\u012bvi.<\/p>\n","protected":false},"featured_media":2864,"comment_status":"open","ping_status":"closed","template":"","meta":[],"pwb-brand":[133],"product_brand":[],"product_cat":[148,128],"product_tag":[],"class_list":{"0":"post-2863","1":"product","2":"type-product","3":"status-publish","4":"has-post-thumbnail","6":"pwb-brand-weber","7":"product_cat-koka-cipsi","8":"product_cat-piederumi","9":"product_shipping_class-paku-skapis","11":"first","12":"onbackorder","13":"taxable","14":"shipping-taxable","15":"purchasable","16":"product-type-simple"},"brands":[{"id":133,"name":"Weber","slug":"weber"}],"_links":{"self":[{"href":"https:\/\/grillandmore.lv\/shop\/wp-json\/wp\/v2\/product\/2863","targetHints":{"allow":["GET"]}}],"collection":[{"href":"https:\/\/grillandmore.lv\/shop\/wp-json\/wp\/v2\/product"}],"about":[{"href":"https:\/\/grillandmore.lv\/shop\/wp-json\/wp\/v2\/types\/product"}],"replies":[{"embeddable":true,"href":"https:\/\/grillandmore.lv\/shop\/wp-json\/wp\/v2\/comments?post=2863"}],"version-history":[{"count":1,"href":"https:\/\/grillandmore.lv\/shop\/wp-json\/wp\/v2\/product\/2863\/revisions"}],"predecessor-version":[{"id":6498,"href":"https:\/\/grillandmore.lv\/shop\/wp-json\/wp\/v2\/product\/2863\/revisions\/6498"}],"wp:featuredmedia":[{"embeddable":true,"href":"https:\/\/grillandmore.lv\/shop\/wp-json\/wp\/v2\/media\/2864"}],"wp:attachment":[{"href":"https:\/\/grillandmore.lv\/shop\/wp-json\/wp\/v2\/media?parent=2863"}],"wp:term":[{"taxonomy":"pwb-brand","embeddable":true,"href":"https:\/\/grillandmore.lv\/shop\/wp-json\/wp\/v2\/pwb-brand?post=2863"},{"taxonomy":"product_brand","embeddable":true,"href":"https:\/\/grillandmore.lv\/shop\/wp-json\/wp\/v2\/product_brand?post=2863"},{"taxonomy":"product_cat","embeddable":true,"href":"https:\/\/grillandmore.lv\/shop\/wp-json\/wp\/v2\/product_cat?post=2863"},{"taxonomy":"product_tag","embeddable":true,"href":"https:\/\/grillandmore.lv\/shop\/wp-json\/wp\/v2\/product_tag?post=2863"}],"curies":[{"name":"wp","href":"https:\/\/api.w.org\/{rel}","templated":true}]}}