{"id":2865,"date":"2023-03-16T17:19:40","date_gmt":"2023-03-16T15:19:40","guid":{"rendered":"https:\/\/grillandmore.lv\/shop\/?post_type=product&#038;p=2865"},"modified":"2023-11-12T15:23:54","modified_gmt":"2023-11-12T13:23:54","slug":"weber-koka-cipsi-viskijs","status":"publish","type":"product","link":"https:\/\/grillandmore.lv\/shop\/products\/weber-koka-cipsi-viskijs\/","title":{"rendered":"Weber koka \u010dip\u0161i &#8211; viskijs"},"content":{"rendered":"<p>32,5\u00a0cm x 12\u00a0cm x 17\u00a0cm<br \/>\nOzols<br \/>\nIepakojums ir izgatavots no augstas kvalit\u0101tes un 100% p\u0101rstr\u0101d\u0101jama materi\u0101la<br \/>\nVar lietot ar un bez d\u016bmu kastes<br \/>\nK\u016bpin\u0101\u0161anai uz g\u0101zes un og\u013cu b\u0101rbekj\u016b<\/p>\n","protected":false},"excerpt":{"rendered":"<p style=\"text-align: justify;\">S\u0101ciet jaunu noda\u013cu savos gril\u0113\u0161anas piedz\u012bvojumos, grila laik\u0101 pievienojot karbon\u0101dei, filejai vai vistas ga\u013cai d\u016bmu arom\u0101tu. Viskija koka skaidas ir izgatavotas no viskija muc\u0101m, radot dzi\u013cu, saldu gar\u0161u, kas lieliski papildina j\u016bsu c\u016bkga\u013cas un putnu ga\u013cas \u0113dienus.<\/p>\n","protected":false},"featured_media":2866,"comment_status":"open","ping_status":"closed","template":"","meta":[],"pwb-brand":[133],"product_brand":[],"product_cat":[148,128],"product_tag":[],"class_list":{"0":"post-2865","1":"product","2":"type-product","3":"status-publish","4":"has-post-thumbnail","6":"pwb-brand-weber","7":"product_cat-koka-cipsi","8":"product_cat-piederumi","9":"product_shipping_class-paku-skapis","11":"first","12":"onbackorder","13":"taxable","14":"shipping-taxable","15":"purchasable","16":"product-type-simple"},"brands":[{"id":133,"name":"Weber","slug":"weber"}],"_links":{"self":[{"href":"https:\/\/grillandmore.lv\/shop\/wp-json\/wp\/v2\/product\/2865","targetHints":{"allow":["GET"]}}],"collection":[{"href":"https:\/\/grillandmore.lv\/shop\/wp-json\/wp\/v2\/product"}],"about":[{"href":"https:\/\/grillandmore.lv\/shop\/wp-json\/wp\/v2\/types\/product"}],"replies":[{"embeddable":true,"href":"https:\/\/grillandmore.lv\/shop\/wp-json\/wp\/v2\/comments?post=2865"}],"version-history":[{"count":1,"href":"https:\/\/grillandmore.lv\/shop\/wp-json\/wp\/v2\/product\/2865\/revisions"}],"predecessor-version":[{"id":6497,"href":"https:\/\/grillandmore.lv\/shop\/wp-json\/wp\/v2\/product\/2865\/revisions\/6497"}],"wp:featuredmedia":[{"embeddable":true,"href":"https:\/\/grillandmore.lv\/shop\/wp-json\/wp\/v2\/media\/2866"}],"wp:attachment":[{"href":"https:\/\/grillandmore.lv\/shop\/wp-json\/wp\/v2\/media?parent=2865"}],"wp:term":[{"taxonomy":"pwb-brand","embeddable":true,"href":"https:\/\/grillandmore.lv\/shop\/wp-json\/wp\/v2\/pwb-brand?post=2865"},{"taxonomy":"product_brand","embeddable":true,"href":"https:\/\/grillandmore.lv\/shop\/wp-json\/wp\/v2\/product_brand?post=2865"},{"taxonomy":"product_cat","embeddable":true,"href":"https:\/\/grillandmore.lv\/shop\/wp-json\/wp\/v2\/product_cat?post=2865"},{"taxonomy":"product_tag","embeddable":true,"href":"https:\/\/grillandmore.lv\/shop\/wp-json\/wp\/v2\/product_tag?post=2865"}],"curies":[{"name":"wp","href":"https:\/\/api.w.org\/{rel}","templated":true}]}}